{"id":12235,"date":"2014-07-11T14:59:13","date_gmt":"2014-07-11T12:59:13","guid":{"rendered":"http:\/\/www.formazioneintermediari.com\/prodotto\/senza-categoria\/privacy-la-tutela-dei-dati\/"},"modified":"2022-10-24T10:06:08","modified_gmt":"2022-10-24T08:06:08","slug":"privacy-la-tutela-dei-dati","status":"publish","type":"product","link":"https:\/\/www.rb-academy.it\/?product=privacy-la-tutela-dei-dati","title":{"rendered":"Privacy: la tutela dei dati"},"content":{"rendered":"<h3>Obiettivo<\/h3>\n<p>Il nostro corso PRIVACY ha l\u2019obiettivo di fornire ai discenti le nozioni principali relative al tema della protezione dei dati personali ai sensi del <em>Regolamento UE 2016\/679 (GDPR)<\/em>.<\/p>\n<p>Al termine del corso l\u2019allievo sar\u00e0 in grado di:<\/p>\n<ul>\n<li>descrivere le innovazioni e identificare i soggetti e responsabilit\u00e0 della nuova normativa sulla Privacy;<\/li>\n<li>applicare correttamente le misure minime di sicurezza per il trattamento di dati personali con strumenti elettronici;<\/li>\n<li>diffondere la cultura della riservatezza dei dati in azienda.<\/li>\n<\/ul>\n<h3>Obblighi normativi<\/h3>\n<p>Il 25 maggio 2018 \u00e8 entrato in vigore il <em>Regolamento Europeo (UE) 2016\/679<\/em> per la protezione dei dati personali (<em>GDPR \u2013 General Data Protection Regulation<\/em>).<\/p>\n<p>Il Regolamento si pone come obiettivo, tra le altre cose, il rafforzamento della disciplina relativa ai diritti degli interessati e agli obblighi di coloro che effettuano il trattamento dei dati; la nuova normativa \u00e8 infatti incentrata sui doveri e sulla responsabilizzazione (accountability), a tal fine le aziende devono avere addetti formati sui principi della PRIVACY e sulle procedure aziendali messe in atto.<\/p>\n<p>L\u2019obbligo formativo si evince dagli <em>articoli 29, 32 e 39 del Regolamento<\/em>, in particolare:<\/p>\n<ul>\n<li><em>art. 29 Il responsabile del trattamento, o chiunque agisca sotto la sua autorit\u00e0 o sotto quella del titolare del trattamento, che abbia accesso a dati personali <strong>non pu\u00f2 trattare tali dati se non \u00e8 istruito<\/strong> in tal senso dal titolare del trattamento, salvo che lo richieda il diritto dell&#8217;Unione o degli Stati membri;<\/em><\/li>\n<li><em>art. 32 co.4. Il titolare del trattamento e il responsabile del trattamento fanno s\u00ec che chiunque agisca sotto la loro autorit\u00e0 e abbia accesso a dati personali <strong>non tratti tali dati se non \u00e8 istruito<\/strong> in tal senso dal titolare del trattamento, salvo che lo richieda il diritto dell&#8217;Unione o degli Stati membri;<\/em><\/li>\n<li><em>art. 39 co.1 lett. b Il responsabile della protezione dei dati \u00e8 incaricato almeno dei seguenti compiti: sorvegliare l&#8217;osservanza del presente regolamento, di altre disposizioni dell&#8217;Unione o degli Stati membri relative alla protezione dei dati nonch\u00e9 delle politiche del titolare del trattamento o del responsabile del trattamento in materia di protezione dei dati personali, compresi l&#8217;attribuzione delle responsabilit\u00e0, la sensibilizzazione e la <strong>formazione del personale<\/strong> che partecipa ai trattamenti e alle connesse attivit\u00e0 di controllo.<\/em><\/li>\n<\/ul>\n<h3>Destinatari<\/h3>\n<p>Gli incaricati al trattamento dei dati personali, i dipendenti\u00a0 i collaboratori di aziende che partecipano al trattamento dei dati e alle connesse attivit\u00e0 di controllo, nonch\u00e9 i soggetti che necessitano di acquisire o approfondire il tema della Privacy.<\/p>\n<h3>Programma<\/h3>\n<p><a href=\"https:\/\/www.rb-academy.it\/wp-content\/uploads\/codPrivacy-indice.pdf\" target=\"_blank\" rel=\"noopener\">CLICCA QUI <\/a>per scaricare il programma del corso Privacy.<\/p>\n<h3>Svolgimento del corso<\/h3>\n<div>\n<p>Il corso in modalit\u00e0 di e-learning si svolge tramite l\u2019utilizzo di un qualsiasi pc dotato di connessione internet veloce (adsl \u2013 umts), smartphone o tablet \u00e8 quindi possibile accedere al servizio sia da casa che dall\u2019ufficio o da dove si preferisce ed in qualsiasi ora del giorno. Se per qualche motivo si \u00e8 costretti ad interrompere il corso, al nuovo accesso il sistema riprender\u00e0 il programma dal punto in cui si \u00e8 arrivati, evitando di dover ripetere tutto dal principio.<\/p>\n<p>All\u2019interno della piattaforma dedicata al corso Privacy sar\u00e0 sempre disponibile il relativo materiale didattico scaricabile o consultabile direttamente dal computer, un compendio necessario ed importante nell\u2019approfondimento del percorso formativo.<\/p>\n<\/div>\n<h3>Durata<\/h3>\n<p>Il corso ha una durata complessiva di 2h.<\/p>\n<h3>Test Finale<\/h3>\n<p>Maturate le ore di corso sulla piattaforma di formazione, \u00e8 possibile accedere al test di verifica finale.<\/p>\n<p>Il test di verifica:<\/p>\n<ul>\n<li>\u00e8 effettuato per via telematica, in orario libero;<\/li>\n<li>ha lo scopo di appurare il reale apprendimento delle materie trattate durante il corso di formazione;<\/li>\n<li>\u00e8 articolato in un questionario a scelta multipla e risposta singola.<\/li>\n<\/ul>\n<h3>Attestato di Formazione<\/h3>\n<p>Al superamento del test verr\u00e0 rilasciato l\u2019attestato di formazione professionale.<\/p>\n<h3>Validit\u00e0<\/h3>\n<p><span style=\"color: #ff0000;\">Il corso ha validit\u00e0 di 1 anno dalla data di attivazione, salvo aggiornamenti. <\/span><\/p>\n<p><span style=\"text-decoration: underline; color: #ff0000;\"><strong>Oltre tale data il corso sar\u00e0 bloccato.<\/strong><\/span><\/p>\n<h3>Servizi offerti<\/h3>\n<ul>\n<li>Accesso 24 ore su 24 alla piattaforma formativa.<\/li>\n<li>Nessun limite di tempo per terminare il corso.<\/li>\n<li>Tutti i contenuti del corso sempre a disposizione fino al superamento del test finale.<\/li>\n<li>Accesso al \u201cTest finale di verifica apprendimento\u201d immediato e automatico al termine del percorso formativo, da svolgersi direttamente online.<\/li>\n<li>Download di tutti i materiali cartacei del corso e delle normative del settore.<\/li>\n<li>Quiz di supporto all\u2019apprendimento e di verifica conoscenze acquisite.<\/li>\n<li>Materiale didattico aggiornato con le pi\u00f9 recenti normative.<\/li>\n<li>Assistenza interattiva del docente e dei tutor tramite mail, chat e telefono.<\/li>\n<\/ul>\n<h3>Requisiti tecnici<\/h3>\n<ul>\n<li><strong>Linea Internet<\/strong>: Adsl 20M, Hsdpa.<\/li>\n<li><strong>Banda internet<\/strong>: i video vengono erogati in streaming, quindi sono scaricati progressivamente e visionati in tempo reale; sono realizzati con bitrate di\u00a0 circa 1,5 mbps (Es: all\u2019interno di una rete con Linea Adsl di 10M, quindi circa 7,4 Mbps, possono visionare in contemporanea le videolezioni 5 utenti; 1,5 mbps * 5 postazioni=7,5mbps).<\/li>\n<li><strong>Browser<\/strong>: Internet Explorer ver 9 e succ., Chrome, Firefox ver. 7 e succ., Safari ver. 2 e succ., Opera 10 e succ.; (HTML5).<\/li>\n<li><strong>Sistemi Operativi Consigliati<\/strong>: Windows 2000, Windows XP, Windows 7, Mac OS X 10 e succ.<\/li>\n<li><strong>IOS<\/strong>: Chrome, Safari.<\/li>\n<li><strong>Android<\/strong>: App Chrome.<\/li>\n<\/ul>\n<p>[insert page=&#8217;faq-corsi-rb-academy&#8217; display=&#8217;all&#8217;]<\/p>\n","protected":false},"excerpt":{"rendered":"<p>GENERALE<\/p>\n","protected":false},"featured_media":200384,"template":"","meta":[],"product_cat":[958,1006],"product_tag":[712],"class_list":{"0":"post-12235","1":"product","2":"type-product","3":"status-publish","4":"has-post-thumbnail","6":"product_cat-business","7":"product_cat-professionisti","8":"product_tag-corsi-oam-e-ivass","10":"first","11":"instock","12":"sale","13":"featured","14":"virtual","15":"taxable","16":"purchasable","17":"product-type-simple"},"_links":{"self":[{"href":"https:\/\/www.rb-academy.it\/index.php?rest_route=\/wp\/v2\/product\/12235","targetHints":{"allow":["GET"]}}],"collection":[{"href":"https:\/\/www.rb-academy.it\/index.php?rest_route=\/wp\/v2\/product"}],"about":[{"href":"https:\/\/www.rb-academy.it\/index.php?rest_route=\/wp\/v2\/types\/product"}],"wp:featuredmedia":[{"embeddable":true,"href":"https:\/\/www.rb-academy.it\/index.php?rest_route=\/wp\/v2\/media\/200384"}],"wp:attachment":[{"href":"https:\/\/www.rb-academy.it\/index.php?rest_route=%2Fwp%2Fv2%2Fmedia&parent=12235"}],"wp:term":[{"taxonomy":"product_cat","embeddable":true,"href":"https:\/\/www.rb-academy.it\/index.php?rest_route=%2Fwp%2Fv2%2Fproduct_cat&post=12235"},{"taxonomy":"product_tag","embeddable":true,"href":"https:\/\/www.rb-academy.it\/index.php?rest_route=%2Fwp%2Fv2%2Fproduct_tag&post=12235"}],"curies":[{"name":"wp","href":"https:\/\/api.w.org\/{rel}","templated":true}]}}