{"id":200676,"date":"2022-01-14T15:13:59","date_gmt":"2022-01-14T13:13:59","guid":{"rendered":"https:\/\/www.rb-academy.it\/?post_type=product&#038;p=200676"},"modified":"2022-10-24T10:04:56","modified_gmt":"2022-10-24T08:04:56","slug":"riciclaggio-e-finanziamento-del-terrorismo-disposizioni-per-i-professionisti","status":"publish","type":"product","link":"https:\/\/www.rb-academy.it\/?product=riciclaggio-e-finanziamento-del-terrorismo-disposizioni-per-i-professionisti","title":{"rendered":"Riciclaggio e finanziamento del terrorismo"},"content":{"rendered":"<h3><strong>Obiettivo<\/strong><\/h3>\n<p>Il corso Riciclaggio e finanziamento del terrorismo ha l\u2019obiettivo di fornire le nozioni fondamentali dell\u2019antiriciclaggio e del terrorismo.<\/p>\n<p>Al termine del corso il discente acquisir\u00e0 la consapevolezza delle finalit\u00e0 e dei principi dell\u2019antiterrorismo e dell\u2019antiriciclaggio e avr\u00e0 le conoscenze per poter prevenire ed identificare tali fenomeni.<\/p>\n<h3><strong>Obblighi normativi<\/strong><\/h3>\n<p>Il <em>D.Lgs. 231\/07<\/em>, cos\u00ec come modificato dalla legge di recepimento della V Direttiva Antiriciclaggio, impone ai Professionisti ed alle altre categorie di destinatari della normativa antiriciclaggio, di pianificare corsi antiriciclaggio periodici per tutti i propri dipendenti e i collaboratori.<\/p>\n<p><em>Art. 16 co. 3 I soggetti obbligati adottano misure proporzionate ai propri rischi, alla propria natura e alle proprie dimensioni, idonee a rendere note al proprio personale gli obblighi cui sono tenuti ai sensi del presente decreto, ivi compresi quelli in materia di protezione dei dati personali. A tal fine, i soggetti obbligati garantiscono lo svolgimento di programmi permanenti di <strong>formazione<\/strong>, finalizzati alla corretta applicazione delle disposizioni di cui al presente decreto, al riconoscimento di operazioni connesse al riciclaggio o al finanziamento del terrorismo e all&#8217;adozione dei comportamenti e delle procedure da adottare.<\/em><\/p>\n<h3><strong>Destinatari<\/strong><\/h3>\n<p>Professionisti (notai, avvocati, etc.), identificati tra i soggetti obbligati all\u2019<em>art. 3 del Decreto Legislativo 21 novembre 2007 n. 231<\/em> e collaboratori e dipendenti dello Studio Professionale.<\/p>\n<h3><strong>Programma<\/strong><\/h3>\n<p><a href=\"https:\/\/www.rb-academy.it\/wp-content\/uploads\/codAntiric-RBA-Indice-2.pdf\" target=\"_blank\" rel=\"noopener\">CLICCA QUI<\/a>\u00a0per scaricare il programma del corso Riciclaggio e finanziamento del terrorismo.<\/p>\n<h3><strong>Svolgimento del corso<\/strong><\/h3>\n<p>Il corso in modalit\u00e0 di e-learning si svolge tramite l\u2019utilizzo di un qualsiasi pc dotato di connessione internet veloce (adsl \u2013 umts), smartphone o tablet \u00e8 quindi possibile accedere al servizio sia da casa che dall\u2019ufficio o da dove si preferisce ed in qualsiasi ora del giorno. Se per qualche motivo si \u00e8 costretti ad interrompere il corso, al nuovo accesso il sistema riprender\u00e0 il programma dal punto in cui si \u00e8 arrivati, evitando di dover ripetere tutto dal principio.<\/p>\n<p>All\u2019interno della piattaforma dedicata al corso Riciclaggio e finanziamento del terrorismo sar\u00e0 sempre disponibile il relativo materiale didattico scaricabile o consultabile direttamente dal computer, un compendio necessario ed importante nell\u2019approfondimento del percorso formativo.<\/p>\n<h3><strong>Durata<\/strong><\/h3>\n<p>Il corso ha una durata complessiva di 1h30\u2019.<\/p>\n<h3><strong>Test di verifica<\/strong><\/h3>\n<p>Maturate le ore di corso sulla piattaforma di formazione, \u00e8 possibile accedere al test di verifica finale.<\/p>\n<p>Il test di verifica:<\/p>\n<ul>\n<li>\u00e8 effettuato per via telematica, in orario libero;<\/li>\n<li>ha lo scopo di appurare il reale apprendimento delle materie trattate durante il corso di formazione;<\/li>\n<li>\u00e8 articolato in un questionario a scelta multipla e risposta singola.<\/li>\n<\/ul>\n<h3><strong>Attestato di Formazione<\/strong><\/h3>\n<p>Al superamento del test verr\u00e0 rilasciato l\u2019attestato di formazione professionale.<\/p>\n<h3>Validit\u00e0<\/h3>\n<p><span style=\"color: #ff0000;\">Il corso ha validit\u00e0 di 1 anno dalla data di attivazione, salvo aggiornamenti. <\/span><\/p>\n<p><span style=\"text-decoration: underline; color: #ff0000;\"><strong>Oltre tale data il corso sar\u00e0 bloccato.<\/strong><\/span><\/p>\n<h3><strong>Servizi offerti\u00a0<\/strong><\/h3>\n<ul>\n<li>Accesso 24 ore su 24 alla piattaforma formativa.<\/li>\n<li>Tutti i contenuti del corso sempre a disposizione fino al superamento del test finale.<\/li>\n<li>Download di tutti i materiali cartacei del corso e delle normative del settore.<\/li>\n<li>Quiz di supporto all\u2019apprendimento e di verifica delle conoscenze acquisite.<\/li>\n<li>Materiale didattico aggiornato con le pi\u00f9 recenti normative.<\/li>\n<li>Assistenza interattiva del docente e dei tutor tramite mail, chat e telefono.<\/li>\n<\/ul>\n<p><strong>Durante l\u2019intero periodo di fruizione del corso, il discente ha sempre la possibilit\u00e0 di rivedere illimitatamente ed in qualsiasi orario tutte le registrazioni audio\/video delle lezioni,\u00a0 \u00e8 inoltre possibile ripetere tutte le esercitazioni proposte, rivedere o scaricare per la stampa ogni materiale offerto. E in qualsiasi momento potr\u00e0 sempre contattare i docenti per eventuali delucidazioni ottenendo risposte sollecite.<\/strong><\/p>\n<h3><strong>Requisiti tecnici<\/strong><\/h3>\n<ul>\n<li><strong>Linea Internet<\/strong>: Adsl 20M, Hsdpa.<\/li>\n<li><strong>Banda internet<\/strong>: i video vengono erogati in streaming, quindi sono scaricati progressivamente e visionati in tempo reale; sono realizzati con bitrate di\u00a0 circa 1,5 mbps (Es: all\u2019interno di una rete con Linea Adsl di 10M, quindi circa 7,4 Mbps, possono visionare in contemporanea le videolezioni 5 utenti; 1,5 mbps * 5 postazioni=7,5mbps).<\/li>\n<li><strong>Browser<\/strong>: Internet Explorer ver 9 e succ., Chrome, Firefox ver. 7 e succ., Safari ver. 2 e succ., Opera 10 e succ.; (HTML5).<\/li>\n<li><strong>Sistemi Operativi Consigliati<\/strong>: Windows 2000, Windows XP, Windows 7, Mac OS X 10 e succ.<\/li>\n<li><strong>IOS<\/strong>: Chrome, Safari.<\/li>\n<li><strong>Android<\/strong>: App Chrome.<\/li>\n<\/ul>\n<p>[insert page=&#8217;faq-corsi-rb-academy&#8217; display=&#8217;all&#8217;]<\/p>\n","protected":false},"excerpt":{"rendered":"<p>Obiettivo Il corso Riciclaggio e finanziamento del terrorismo ha l\u2019obiettivo di fornire le nozioni fondamentali dell\u2019antiriciclaggio e del terrorismo. Al termine del corso il discente acquisir\u00e0 la consapevolezza delle finalit\u00e0 e dei principi dell\u2019antiterrorismo e dell\u2019antiriciclaggio e avr\u00e0 le conoscenze per poter prevenire ed identificare tali fenomeni. Obblighi normativi Il D.Lgs. 231\/07, cos\u00ec come modificato [&hellip;]<\/p>\n","protected":false},"featured_media":200678,"template":"","meta":[],"product_cat":[958,1006],"product_tag":[],"class_list":{"0":"post-200676","1":"product","2":"type-product","3":"status-publish","4":"has-post-thumbnail","6":"product_cat-business","7":"product_cat-professionisti","9":"first","10":"instock","11":"sale","12":"virtual","13":"taxable","14":"purchasable","15":"product-type-simple"},"_links":{"self":[{"href":"https:\/\/www.rb-academy.it\/index.php?rest_route=\/wp\/v2\/product\/200676","targetHints":{"allow":["GET"]}}],"collection":[{"href":"https:\/\/www.rb-academy.it\/index.php?rest_route=\/wp\/v2\/product"}],"about":[{"href":"https:\/\/www.rb-academy.it\/index.php?rest_route=\/wp\/v2\/types\/product"}],"wp:featuredmedia":[{"embeddable":true,"href":"https:\/\/www.rb-academy.it\/index.php?rest_route=\/wp\/v2\/media\/200678"}],"wp:attachment":[{"href":"https:\/\/www.rb-academy.it\/index.php?rest_route=%2Fwp%2Fv2%2Fmedia&parent=200676"}],"wp:term":[{"taxonomy":"product_cat","embeddable":true,"href":"https:\/\/www.rb-academy.it\/index.php?rest_route=%2Fwp%2Fv2%2Fproduct_cat&post=200676"},{"taxonomy":"product_tag","embeddable":true,"href":"https:\/\/www.rb-academy.it\/index.php?rest_route=%2Fwp%2Fv2%2Fproduct_tag&post=200676"}],"curies":[{"name":"wp","href":"https:\/\/api.w.org\/{rel}","templated":true}]}}