{"id":201229,"date":"2022-02-28T16:07:52","date_gmt":"2022-02-28T14:07:52","guid":{"rendered":"https:\/\/www.rb-academy.it\/corsi\/senza-categoria\/corso-gestione-del-tempo-pianifica-i-tuoi-obiettivi\/"},"modified":"2025-03-27T13:38:03","modified_gmt":"2025-03-27T11:38:03","slug":"corso-gestione-del-tempo-pianifica-i-tuoi-obiettivi","status":"publish","type":"product","link":"https:\/\/www.rb-academy.it\/?product=corso-gestione-del-tempo-pianifica-i-tuoi-obiettivi","title":{"rendered":"Corso gestione del tempo: pianifica i tuoi obiettivi!"},"content":{"rendered":"<p>\u00c8 possibile svolgere in 24 ore quello che solitamente fai in 48 ore? Cos\u00ec tanto da fare e cos\u00ec poco tempo per farlo, giusto? Sbagliato!<br \/>Gestire il tempo efficacemente significa lavorare in modo pi\u00f9 intelligente, non lavorare di pi\u00f9!<\/p>\n<p><\/p>\n<p>La gestione del tempo, la concentrazione, la pianificazione e la motivazione sono alla base per aumentare la produttivit\u00e0 e raggiungere i nostri obiettivi. Al contrario, le distrazioni ci fanno sprecare tempo, producendo su di noi un impatto negativo.<br \/>Nel Corso gestione del tempo: pianifica i tuoi obiettivi imparerai come applicare una gestione del tempo pi\u00f9 intelligente e produttiva, sviluppando una corretta pianificazione strategica focalizzata esclusivamente sulle azioni principali utili al raggiungimento dei tuoi obiettivi a breve e lungo termine.<br \/>Scopri come fare il doppio delle cose nella met\u00e0 del tempo!<\/p>\n<p><\/p>\n<p>Durata totale: 4 ore<\/p>\n","protected":false},"excerpt":{"rendered":"<p>\u00c8 possibile svolgere in 24 ore quello che solitamente fai in 48 ore? Cos\u00ec tanto da fare e cos\u00ec poco tempo per farlo, giusto? Sbagliato! Gestire il tempo efficacemente significa lavorare in modo pi\u00f9 intelligente, non lavorare di pi\u00f9! La gestione del tempo, la concentrazione, la pianificazione e la motivazione sono alla base per aumentare [&hellip;]<\/p>\n","protected":false},"featured_media":201124,"template":"","meta":[],"product_cat":[1076],"product_tag":[],"class_list":{"0":"post-201229","1":"product","2":"type-product","3":"status-publish","4":"has-post-thumbnail","6":"product_cat-soft-skills","8":"first","9":"instock","10":"taxable","11":"shipping-taxable","12":"purchasable","13":"product-type-simple"},"_links":{"self":[{"href":"https:\/\/www.rb-academy.it\/index.php?rest_route=\/wp\/v2\/product\/201229","targetHints":{"allow":["GET"]}}],"collection":[{"href":"https:\/\/www.rb-academy.it\/index.php?rest_route=\/wp\/v2\/product"}],"about":[{"href":"https:\/\/www.rb-academy.it\/index.php?rest_route=\/wp\/v2\/types\/product"}],"wp:featuredmedia":[{"embeddable":true,"href":"https:\/\/www.rb-academy.it\/index.php?rest_route=\/wp\/v2\/media\/201124"}],"wp:attachment":[{"href":"https:\/\/www.rb-academy.it\/index.php?rest_route=%2Fwp%2Fv2%2Fmedia&parent=201229"}],"wp:term":[{"taxonomy":"product_cat","embeddable":true,"href":"https:\/\/www.rb-academy.it\/index.php?rest_route=%2Fwp%2Fv2%2Fproduct_cat&post=201229"},{"taxonomy":"product_tag","embeddable":true,"href":"https:\/\/www.rb-academy.it\/index.php?rest_route=%2Fwp%2Fv2%2Fproduct_tag&post=201229"}],"curies":[{"name":"wp","href":"https:\/\/api.w.org\/{rel}","templated":true}]}}