{"id":201238,"date":"2022-02-28T16:07:53","date_gmt":"2022-02-28T14:07:53","guid":{"rendered":"https:\/\/www.rb-academy.it\/corsi\/senza-categoria\/corso-base-di-adobe-premiere-pro\/"},"modified":"2025-03-27T13:38:05","modified_gmt":"2025-03-27T11:38:05","slug":"corso-base-di-adobe-premiere-pro","status":"publish","type":"product","link":"https:\/\/www.rb-academy.it\/?product=corso-base-di-adobe-premiere-pro","title":{"rendered":"Corso base di Adobe Premiere Pro"},"content":{"rendered":"<p>Vorresti montare i tuoi video in maniera professionale direttamente da casa tua? Con Adobe Premiere Pro, uno dei software pi\u00f9 utilizzati nel mondo del video-editing, puoi farlo!<\/p>\n<p><\/p>\n<p>Un programma che ti permetter\u00e0 di editare video in maniera professionale attraverso varie funzionalit\u00e0: dall\u2019editing delle clip all\u2019editing audio, fino alla color correction.<\/p>\n<p><\/p>\n<p>In questo corso verrai seguito passo dopo passo attraverso video esplicativi e dispense, che ti serviranno per realizzare un prodotto finale da vero professionista. Inizierai il tuo percorso con l\u2019impostazione corretta del programma, l\u2019organizzazione delle clip e il montaggio vero e proprio.<\/p>\n<p><\/p>\n<p>Durante le lezioni impareremo a editare sia audio che video, per poi esportare il nostro prodotto nella giusta maniera.<\/p>\n<p><\/p>\n<p>Durata totale: 8 ore<\/p>\n","protected":false},"excerpt":{"rendered":"<p>Vorresti montare i tuoi video in maniera professionale direttamente da casa tua? Con Adobe Premiere Pro, uno dei software pi\u00f9 utilizzati nel mondo del video-editing, puoi farlo! Un programma che ti permetter\u00e0 di editare video in maniera professionale attraverso varie funzionalit\u00e0: dall\u2019editing delle clip all\u2019editing audio, fino alla color correction. In questo corso verrai seguito [&hellip;]<\/p>\n","protected":false},"featured_media":201149,"template":"","meta":[],"product_cat":[1086],"product_tag":[],"class_list":{"0":"post-201238","1":"product","2":"type-product","3":"status-publish","4":"has-post-thumbnail","6":"product_cat-video-editing","8":"first","9":"instock","10":"taxable","11":"shipping-taxable","12":"purchasable","13":"product-type-simple"},"_links":{"self":[{"href":"https:\/\/www.rb-academy.it\/index.php?rest_route=\/wp\/v2\/product\/201238","targetHints":{"allow":["GET"]}}],"collection":[{"href":"https:\/\/www.rb-academy.it\/index.php?rest_route=\/wp\/v2\/product"}],"about":[{"href":"https:\/\/www.rb-academy.it\/index.php?rest_route=\/wp\/v2\/types\/product"}],"wp:featuredmedia":[{"embeddable":true,"href":"https:\/\/www.rb-academy.it\/index.php?rest_route=\/wp\/v2\/media\/201149"}],"wp:attachment":[{"href":"https:\/\/www.rb-academy.it\/index.php?rest_route=%2Fwp%2Fv2%2Fmedia&parent=201238"}],"wp:term":[{"taxonomy":"product_cat","embeddable":true,"href":"https:\/\/www.rb-academy.it\/index.php?rest_route=%2Fwp%2Fv2%2Fproduct_cat&post=201238"},{"taxonomy":"product_tag","embeddable":true,"href":"https:\/\/www.rb-academy.it\/index.php?rest_route=%2Fwp%2Fv2%2Fproduct_tag&post=201238"}],"curies":[{"name":"wp","href":"https:\/\/api.w.org\/{rel}","templated":true}]}}