{"id":201263,"date":"2022-02-28T16:07:59","date_gmt":"2022-02-28T14:07:59","guid":{"rendered":"https:\/\/www.rb-academy.it\/corsi\/senza-categoria\/corso-di-leadership-e-gestione-dei-collaboratori\/"},"modified":"2025-03-27T13:38:07","modified_gmt":"2025-03-27T11:38:07","slug":"corso-di-leadership-e-gestione-dei-collaboratori","status":"publish","type":"product","link":"https:\/\/www.rb-academy.it\/?product=corso-di-leadership-e-gestione-dei-collaboratori","title":{"rendered":"Corso di leadership e gestione dei collaboratori"},"content":{"rendered":"<p>Indipendentemente dal settore di un ufficio, la responsabilit\u00e0 del capo \u00e8 sempre quella di garantire un servizio di qualit\u00e0 che permetta di creare sempre pi\u00f9 profitto.<br \/>Questo corso vi aiuter\u00e0 a condurre i vostri collaboratori all\u2019efficienza, con suggerimenti pratici e tecniche adatte a tutte le persone coinvolte nella creazione di un gruppo di successo.<\/p>\n<p><\/p>\n<p>Durata totale: 10 ore<\/p>\n","protected":false},"excerpt":{"rendered":"<p>Indipendentemente dal settore di un ufficio, la responsabilit\u00e0 del capo \u00e8 sempre quella di garantire un servizio di qualit\u00e0 che permetta di creare sempre pi\u00f9 profitto. Questo corso vi aiuter\u00e0 a condurre i vostri collaboratori all\u2019efficienza, con suggerimenti pratici e tecniche adatte a tutte le persone coinvolte nella creazione di un gruppo di successo.<\/p>\n","protected":false},"featured_media":201130,"template":"","meta":[],"product_cat":[1026],"product_tag":[],"class_list":{"0":"post-201263","1":"product","2":"type-product","3":"status-publish","4":"has-post-thumbnail","6":"product_cat-management-2","8":"first","9":"instock","10":"taxable","11":"shipping-taxable","12":"purchasable","13":"product-type-simple"},"_links":{"self":[{"href":"https:\/\/www.rb-academy.it\/index.php?rest_route=\/wp\/v2\/product\/201263","targetHints":{"allow":["GET"]}}],"collection":[{"href":"https:\/\/www.rb-academy.it\/index.php?rest_route=\/wp\/v2\/product"}],"about":[{"href":"https:\/\/www.rb-academy.it\/index.php?rest_route=\/wp\/v2\/types\/product"}],"wp:featuredmedia":[{"embeddable":true,"href":"https:\/\/www.rb-academy.it\/index.php?rest_route=\/wp\/v2\/media\/201130"}],"wp:attachment":[{"href":"https:\/\/www.rb-academy.it\/index.php?rest_route=%2Fwp%2Fv2%2Fmedia&parent=201263"}],"wp:term":[{"taxonomy":"product_cat","embeddable":true,"href":"https:\/\/www.rb-academy.it\/index.php?rest_route=%2Fwp%2Fv2%2Fproduct_cat&post=201263"},{"taxonomy":"product_tag","embeddable":true,"href":"https:\/\/www.rb-academy.it\/index.php?rest_route=%2Fwp%2Fv2%2Fproduct_tag&post=201263"}],"curies":[{"name":"wp","href":"https:\/\/api.w.org\/{rel}","templated":true}]}}