{"id":201290,"date":"2022-02-28T16:08:12","date_gmt":"2022-02-28T14:08:12","guid":{"rendered":"https:\/\/www.rb-academy.it\/corsi\/senza-categoria\/selezione-del-personale-come-intervistare-e-valutare-i-candidati\/"},"modified":"2025-03-27T13:38:11","modified_gmt":"2025-03-27T11:38:11","slug":"selezione-del-personale-come-intervistare-e-valutare-i-candidati","status":"publish","type":"product","link":"https:\/\/www.rb-academy.it\/?product=selezione-del-personale-come-intervistare-e-valutare-i-candidati","title":{"rendered":"Selezione del personale: come intervistare e valutare i candidati"},"content":{"rendered":"<p>Il corso di selezione del personale si propone di formare una figura che sia in grado di valutare oltre i dati oggettivi, le reali attitudini e capacit\u00e0 delle risorse umane utilizzando gli strumenti pi\u00f9 avanzati per la ricerca delle candidature e le pi\u00f9 moderne tecniche di selezione.<br \/>Questo corso vuole essere un aiuto a riflettere sul processo di selezione e ad apprendere come condurre le interviste utili per assumere decisioni appropriate, basate sulle qualifiche prestabilite.<\/p>\n<p><\/p>\n<p>Durata totale: 10 ore<\/p>\n","protected":false},"excerpt":{"rendered":"<p>Il corso di selezione del personale si propone di formare una figura che sia in grado di valutare oltre i dati oggettivi, le reali attitudini e capacit\u00e0 delle risorse umane utilizzando gli strumenti pi\u00f9 avanzati per la ricerca delle candidature e le pi\u00f9 moderne tecniche di selezione. Questo corso vuole essere un aiuto a riflettere [&hellip;]<\/p>\n","protected":false},"featured_media":203056,"template":"","meta":[],"product_cat":[1090],"product_tag":[],"class_list":{"0":"post-201290","1":"product","2":"type-product","3":"status-publish","4":"has-post-thumbnail","6":"product_cat-risorse-umane-3","8":"first","9":"instock","10":"taxable","11":"shipping-taxable","12":"purchasable","13":"product-type-simple"},"_links":{"self":[{"href":"https:\/\/www.rb-academy.it\/index.php?rest_route=\/wp\/v2\/product\/201290","targetHints":{"allow":["GET"]}}],"collection":[{"href":"https:\/\/www.rb-academy.it\/index.php?rest_route=\/wp\/v2\/product"}],"about":[{"href":"https:\/\/www.rb-academy.it\/index.php?rest_route=\/wp\/v2\/types\/product"}],"wp:featuredmedia":[{"embeddable":true,"href":"https:\/\/www.rb-academy.it\/index.php?rest_route=\/wp\/v2\/media\/203056"}],"wp:attachment":[{"href":"https:\/\/www.rb-academy.it\/index.php?rest_route=%2Fwp%2Fv2%2Fmedia&parent=201290"}],"wp:term":[{"taxonomy":"product_cat","embeddable":true,"href":"https:\/\/www.rb-academy.it\/index.php?rest_route=%2Fwp%2Fv2%2Fproduct_cat&post=201290"},{"taxonomy":"product_tag","embeddable":true,"href":"https:\/\/www.rb-academy.it\/index.php?rest_route=%2Fwp%2Fv2%2Fproduct_tag&post=201290"}],"curies":[{"name":"wp","href":"https:\/\/api.w.org\/{rel}","templated":true}]}}