{"id":201299,"date":"2022-02-28T16:08:13","date_gmt":"2022-02-28T14:08:13","guid":{"rendered":"https:\/\/www.rb-academy.it\/corsi\/senza-categoria\/personal-branding-promuovi-te-stesso-sui-social\/"},"modified":"2025-03-27T13:38:12","modified_gmt":"2025-03-27T11:38:12","slug":"personal-branding-promuovi-te-stesso-sui-social","status":"publish","type":"product","link":"https:\/\/www.rb-academy.it\/?product=personal-branding-promuovi-te-stesso-sui-social","title":{"rendered":"Personal Branding: promuovi te stesso sui social"},"content":{"rendered":"<p>In questo corso scopriremo come costruire il nostro Personal Branding e promuovere la nostra immagine sui social.<br \/>Il corso \u00e8 pensato per chi \u00e8 alle prime armi e vuole fare un lavoro self-made al meglio delle proprie possibilit\u00e0.<br \/>Partendo con la fase progettuale, impareremo a costruire le nostre pagine sui maggiori social network (Instagram, Facebook e LinkedIn) e a controllarne le statistiche. Verranno forniti consigli utili per rendere le pagine social accattivanti sia esteticamente che nel contenuto. Attraverso l\u2019uso di alcune app, si potr\u00e0 poi facilitare il lavoro sia grafico che organizzativo.<\/p>\n<p><\/p>\n<p>Durata totale: 15 ore<\/p>\n","protected":false},"excerpt":{"rendered":"<p>In questo corso scopriremo come costruire il nostro Personal Branding e promuovere la nostra immagine sui social. Il corso \u00e8 pensato per chi \u00e8 alle prime armi e vuole fare un lavoro self-made al meglio delle proprie possibilit\u00e0. Partendo con la fase progettuale, impareremo a costruire le nostre pagine sui maggiori social network (Instagram, Facebook [&hellip;]<\/p>\n","protected":false},"featured_media":201188,"template":"","meta":[],"product_cat":[1060],"product_tag":[],"class_list":{"0":"post-201299","1":"product","2":"type-product","3":"status-publish","4":"has-post-thumbnail","6":"product_cat-social-media-marketing","8":"first","9":"instock","10":"taxable","11":"shipping-taxable","12":"purchasable","13":"product-type-simple"},"_links":{"self":[{"href":"https:\/\/www.rb-academy.it\/index.php?rest_route=\/wp\/v2\/product\/201299","targetHints":{"allow":["GET"]}}],"collection":[{"href":"https:\/\/www.rb-academy.it\/index.php?rest_route=\/wp\/v2\/product"}],"about":[{"href":"https:\/\/www.rb-academy.it\/index.php?rest_route=\/wp\/v2\/types\/product"}],"wp:featuredmedia":[{"embeddable":true,"href":"https:\/\/www.rb-academy.it\/index.php?rest_route=\/wp\/v2\/media\/201188"}],"wp:attachment":[{"href":"https:\/\/www.rb-academy.it\/index.php?rest_route=%2Fwp%2Fv2%2Fmedia&parent=201299"}],"wp:term":[{"taxonomy":"product_cat","embeddable":true,"href":"https:\/\/www.rb-academy.it\/index.php?rest_route=%2Fwp%2Fv2%2Fproduct_cat&post=201299"},{"taxonomy":"product_tag","embeddable":true,"href":"https:\/\/www.rb-academy.it\/index.php?rest_route=%2Fwp%2Fv2%2Fproduct_tag&post=201299"}],"curies":[{"name":"wp","href":"https:\/\/api.w.org\/{rel}","templated":true}]}}