{"id":201300,"date":"2022-02-28T16:08:13","date_gmt":"2022-02-28T14:08:13","guid":{"rendered":"https:\/\/www.rb-academy.it\/corsi\/senza-categoria\/social-media-manager-corso-completo\/"},"modified":"2025-03-27T13:38:14","modified_gmt":"2025-03-27T11:38:14","slug":"social-media-manager-corso-completo","status":"publish","type":"product","link":"https:\/\/www.rb-academy.it\/?product=social-media-manager-corso-completo","title":{"rendered":"Social Media Manager: corso completo"},"content":{"rendered":"<p>I social media sono il mezzo di comunicazione pi\u00f9 potente ed efficace che c\u2019\u00e8 in circolazione al momento. Saper usare i social con metodo e strategia, porta a risultati incredibili per ogni tipologia di attivit\u00e0. Questo \u00e8 il corso definitivo e pratico, che passo dopo passo ti permetter\u00e0 di acquisire competenze per:<\/p>\n<p><\/p>\n<p>&#8211; avviare una tua attivit\u00e0 imprenditoriale, sia online sia offline<br \/>&#8211; mettere le tue nuove conoscenze al servizio di altri imprenditori<\/p>\n<p><\/p>\n<p>Il corso \u00e8 adatto a tutti, in particolar modo a chi ha l\u2019ambizione di affrontare tutte le tematiche necessarie per diventare un leader nel settore della comunicazione sui social.<\/p>\n<p><\/p>\n<p>Durata totale: 30 ore<\/p>\n","protected":false},"excerpt":{"rendered":"<p>I social media sono il mezzo di comunicazione pi\u00f9 potente ed efficace che c\u2019\u00e8 in circolazione al momento. Saper usare i social con metodo e strategia, porta a risultati incredibili per ogni tipologia di attivit\u00e0. Questo \u00e8 il corso definitivo e pratico, che passo dopo passo ti permetter\u00e0 di acquisire competenze per: &#8211; avviare una [&hellip;]<\/p>\n","protected":false},"featured_media":201190,"template":"","meta":[],"product_cat":[1060],"product_tag":[],"class_list":{"0":"post-201300","1":"product","2":"type-product","3":"status-publish","4":"has-post-thumbnail","6":"product_cat-social-media-marketing","8":"first","9":"instock","10":"taxable","11":"shipping-taxable","12":"purchasable","13":"product-type-simple"},"_links":{"self":[{"href":"https:\/\/www.rb-academy.it\/index.php?rest_route=\/wp\/v2\/product\/201300","targetHints":{"allow":["GET"]}}],"collection":[{"href":"https:\/\/www.rb-academy.it\/index.php?rest_route=\/wp\/v2\/product"}],"about":[{"href":"https:\/\/www.rb-academy.it\/index.php?rest_route=\/wp\/v2\/types\/product"}],"wp:featuredmedia":[{"embeddable":true,"href":"https:\/\/www.rb-academy.it\/index.php?rest_route=\/wp\/v2\/media\/201190"}],"wp:attachment":[{"href":"https:\/\/www.rb-academy.it\/index.php?rest_route=%2Fwp%2Fv2%2Fmedia&parent=201300"}],"wp:term":[{"taxonomy":"product_cat","embeddable":true,"href":"https:\/\/www.rb-academy.it\/index.php?rest_route=%2Fwp%2Fv2%2Fproduct_cat&post=201300"},{"taxonomy":"product_tag","embeddable":true,"href":"https:\/\/www.rb-academy.it\/index.php?rest_route=%2Fwp%2Fv2%2Fproduct_tag&post=201300"}],"curies":[{"name":"wp","href":"https:\/\/api.w.org\/{rel}","templated":true}]}}