{"id":201313,"date":"2022-02-28T16:08:21","date_gmt":"2022-02-28T14:08:21","guid":{"rendered":"https:\/\/www.rb-academy.it\/corsi\/senza-categoria\/hr-recruiter-come-scegliere-il-candidato-migliore\/"},"modified":"2025-03-27T13:38:16","modified_gmt":"2025-03-27T11:38:16","slug":"hr-recruiter-come-scegliere-il-candidato-migliore","status":"publish","type":"product","link":"https:\/\/www.rb-academy.it\/?product=hr-recruiter-come-scegliere-il-candidato-migliore","title":{"rendered":"HR recruiter: come scegliere il candidato migliore"},"content":{"rendered":"<p>Sono molti ormai coloro che scelgono uno sbocco professionale che abbia a che fare con le risorse umane e che si trovano ad affrontare, fra le varie competenze richieste dal settore, lo scoglio della selezione. Infatti, nulla togliendo alla complessit\u00e0 delle dinamiche che regolano ed amministrano le risorse umane, ad oggi uno dei processi che risulta pi\u00f9 rischioso e professionalizzante \u00e8 quello della selezione. Il corso di HR recruiter vuole essere un valido contributo per tutti coloro che gi\u00e0 fanno selezione e per tutti i neofiti che hanno l\u2019esigenza di costruirsi un bagaglio nuovo, ricco di spunti e metodologie. Una giusta commistione di teoria e pratica che aiuter\u00e0 il corsista ad essere un recruiter migliore.<\/p>\n<p><\/p>\n<p>Durata totale: 10 ore<\/p>\n","protected":false},"excerpt":{"rendered":"<p>Sono molti ormai coloro che scelgono uno sbocco professionale che abbia a che fare con le risorse umane e che si trovano ad affrontare, fra le varie competenze richieste dal settore, lo scoglio della selezione. Infatti, nulla togliendo alla complessit\u00e0 delle dinamiche che regolano ed amministrano le risorse umane, ad oggi uno dei processi che [&hellip;]<\/p>\n","protected":false},"featured_media":203066,"template":"","meta":[],"product_cat":[1090],"product_tag":[],"class_list":{"0":"post-201313","1":"product","2":"type-product","3":"status-publish","4":"has-post-thumbnail","6":"product_cat-risorse-umane-3","8":"first","9":"instock","10":"taxable","11":"shipping-taxable","12":"purchasable","13":"product-type-simple"},"_links":{"self":[{"href":"https:\/\/www.rb-academy.it\/index.php?rest_route=\/wp\/v2\/product\/201313","targetHints":{"allow":["GET"]}}],"collection":[{"href":"https:\/\/www.rb-academy.it\/index.php?rest_route=\/wp\/v2\/product"}],"about":[{"href":"https:\/\/www.rb-academy.it\/index.php?rest_route=\/wp\/v2\/types\/product"}],"wp:featuredmedia":[{"embeddable":true,"href":"https:\/\/www.rb-academy.it\/index.php?rest_route=\/wp\/v2\/media\/203066"}],"wp:attachment":[{"href":"https:\/\/www.rb-academy.it\/index.php?rest_route=%2Fwp%2Fv2%2Fmedia&parent=201313"}],"wp:term":[{"taxonomy":"product_cat","embeddable":true,"href":"https:\/\/www.rb-academy.it\/index.php?rest_route=%2Fwp%2Fv2%2Fproduct_cat&post=201313"},{"taxonomy":"product_tag","embeddable":true,"href":"https:\/\/www.rb-academy.it\/index.php?rest_route=%2Fwp%2Fv2%2Fproduct_tag&post=201313"}],"curies":[{"name":"wp","href":"https:\/\/api.w.org\/{rel}","templated":true}]}}