{"id":201317,"date":"2022-02-28T16:08:22","date_gmt":"2022-02-28T14:08:22","guid":{"rendered":"https:\/\/www.rb-academy.it\/corsi\/senza-categoria\/bullismo-e-cyberbullismo-prevenzione-e-contrasto-nella-scuola\/"},"modified":"2025-03-27T13:38:16","modified_gmt":"2025-03-27T11:38:16","slug":"bullismo-e-cyberbullismo-prevenzione-e-contrasto-nella-scuola","status":"publish","type":"product","link":"https:\/\/www.rb-academy.it\/?product=bullismo-e-cyberbullismo-prevenzione-e-contrasto-nella-scuola","title":{"rendered":"Bullismo e Cyberbullismo: prevenzione e contrasto nella scuola"},"content":{"rendered":"<p>Il corso si propone di illustrare in modo approfondito tutti gli aspetti legati al fenomeno del bullismo e del cyberbullsimo. Tutto il personale scolastico, a seguito della legge 71\/2017, \u00e8 responsabile di ogni attivit\u00e0 di contrasto e prevenzione a questi fenomeni.<\/p>\n<p><\/p>\n<p>Proprio per questo motivo, il corso parte con l&#8217;analisi del bullismo e del cyberbullsimo spiegando in maniera dettagliata tutte le modalit\u00e0 operative che devono essere messe in pratica a scuola, secondo il protocollo d&#8217;intervento immediato alle attivit\u00e0 di conoscenza con finalit\u00e0 preventive.<\/p>\n<p><\/p>\n<p>Durata totale: 6 ore<\/p>\n","protected":false},"excerpt":{"rendered":"<p>Il corso si propone di illustrare in modo approfondito tutti gli aspetti legati al fenomeno del bullismo e del cyberbullsimo. Tutto il personale scolastico, a seguito della legge 71\/2017, \u00e8 responsabile di ogni attivit\u00e0 di contrasto e prevenzione a questi fenomeni. Proprio per questo motivo, il corso parte con l&#8217;analisi del bullismo e del cyberbullsimo [&hellip;]<\/p>\n","protected":false},"featured_media":201316,"template":"","meta":[],"product_cat":[1121],"product_tag":[],"class_list":{"0":"post-201317","1":"product","2":"type-product","3":"status-publish","4":"has-post-thumbnail","6":"product_cat-insegnamento","8":"first","9":"instock","10":"taxable","11":"shipping-taxable","12":"purchasable","13":"product-type-simple"},"_links":{"self":[{"href":"https:\/\/www.rb-academy.it\/index.php?rest_route=\/wp\/v2\/product\/201317","targetHints":{"allow":["GET"]}}],"collection":[{"href":"https:\/\/www.rb-academy.it\/index.php?rest_route=\/wp\/v2\/product"}],"about":[{"href":"https:\/\/www.rb-academy.it\/index.php?rest_route=\/wp\/v2\/types\/product"}],"wp:featuredmedia":[{"embeddable":true,"href":"https:\/\/www.rb-academy.it\/index.php?rest_route=\/wp\/v2\/media\/201316"}],"wp:attachment":[{"href":"https:\/\/www.rb-academy.it\/index.php?rest_route=%2Fwp%2Fv2%2Fmedia&parent=201317"}],"wp:term":[{"taxonomy":"product_cat","embeddable":true,"href":"https:\/\/www.rb-academy.it\/index.php?rest_route=%2Fwp%2Fv2%2Fproduct_cat&post=201317"},{"taxonomy":"product_tag","embeddable":true,"href":"https:\/\/www.rb-academy.it\/index.php?rest_route=%2Fwp%2Fv2%2Fproduct_tag&post=201317"}],"curies":[{"name":"wp","href":"https:\/\/api.w.org\/{rel}","templated":true}]}}