{"id":201327,"date":"2022-02-28T16:08:24","date_gmt":"2022-02-28T14:08:24","guid":{"rendered":"https:\/\/www.rb-academy.it\/corsi\/senza-categoria\/corso-sulle-strategie-e-tecniche-di-vendita\/"},"modified":"2025-03-27T13:38:17","modified_gmt":"2025-03-27T11:38:17","slug":"corso-sulle-strategie-e-tecniche-di-vendita","status":"publish","type":"product","link":"https:\/\/www.rb-academy.it\/?product=corso-sulle-strategie-e-tecniche-di-vendita","title":{"rendered":"Corso sulle Strategie e Tecniche di Vendita"},"content":{"rendered":"<p>Il corso online di tecniche di vendita ti servir\u00e0 per comprendere come affrontare al meglio la trattativa di vendita e come migliorare, con piccoli ma importanti accorgimenti, il tuo fatturato.<\/p>\n<p><\/p>\n<p>Attraverso questo corso, sarai in grado di analizzare le varie tipologie di vendita. Imparerai ad affrontare il cliente che ti potrai trovare di front, gestendolo in maniera tale da effettuare la tua trattativa di vendita nel miglior modo possibile.<\/p>\n<p><\/p>\n<p>Il corso ti permetter\u00e0 di sviluppare le tue tecniche di vendita, attraverso le quali sarai in grado raggiungere pi\u00f9 facilmente gli obiettivi di vendita e di aumentare il tuo fatturato. Ogni lezione \u00e8 strutturata in maniera tale da permetterti di approfondire una metodologia alla volta. Soltanto cos\u00ec, alla fine del corso, sarai perfettamente in grado di rispondere alle molte esigenze e ti sarai costruito un profilo di vendita completo.<\/p>\n<p><\/p>\n<p>Dopo una prima lezione introduttiva, andremo ad analizzare ogni casistica di vendita e affrontare come e quando attuare le varie tecniche in situazioni differenti per ottenere il massimo risultato. Al termine di ogni lezione, avrai anche la possibilit\u00e0 di testare il tuo livello di apprendimento con esercitazioni pratiche.<\/p>\n<p><\/p>\n<p>Durata totale: 10 ore<\/p>\n","protected":false},"excerpt":{"rendered":"<p>Il corso online di tecniche di vendita ti servir\u00e0 per comprendere come affrontare al meglio la trattativa di vendita e come migliorare, con piccoli ma importanti accorgimenti, il tuo fatturato. Attraverso questo corso, sarai in grado di analizzare le varie tipologie di vendita. Imparerai ad affrontare il cliente che ti potrai trovare di front, gestendolo [&hellip;]<\/p>\n","protected":false},"featured_media":203070,"template":"","meta":[],"product_cat":[1113],"product_tag":[],"class_list":{"0":"post-201327","1":"product","2":"type-product","3":"status-publish","4":"has-post-thumbnail","6":"product_cat-strategie-di-marketing","8":"first","9":"instock","10":"taxable","11":"shipping-taxable","12":"purchasable","13":"product-type-simple"},"_links":{"self":[{"href":"https:\/\/www.rb-academy.it\/index.php?rest_route=\/wp\/v2\/product\/201327","targetHints":{"allow":["GET"]}}],"collection":[{"href":"https:\/\/www.rb-academy.it\/index.php?rest_route=\/wp\/v2\/product"}],"about":[{"href":"https:\/\/www.rb-academy.it\/index.php?rest_route=\/wp\/v2\/types\/product"}],"wp:featuredmedia":[{"embeddable":true,"href":"https:\/\/www.rb-academy.it\/index.php?rest_route=\/wp\/v2\/media\/203070"}],"wp:attachment":[{"href":"https:\/\/www.rb-academy.it\/index.php?rest_route=%2Fwp%2Fv2%2Fmedia&parent=201327"}],"wp:term":[{"taxonomy":"product_cat","embeddable":true,"href":"https:\/\/www.rb-academy.it\/index.php?rest_route=%2Fwp%2Fv2%2Fproduct_cat&post=201327"},{"taxonomy":"product_tag","embeddable":true,"href":"https:\/\/www.rb-academy.it\/index.php?rest_route=%2Fwp%2Fv2%2Fproduct_tag&post=201327"}],"curies":[{"name":"wp","href":"https:\/\/api.w.org\/{rel}","templated":true}]}}