{"id":201329,"date":"2022-02-28T16:08:25","date_gmt":"2022-02-28T14:08:25","guid":{"rendered":"https:\/\/www.rb-academy.it\/corsi\/senza-categoria\/i-tre-pilastri-dei-business-di-successo\/"},"modified":"2025-03-27T13:38:18","modified_gmt":"2025-03-27T11:38:18","slug":"i-tre-pilastri-dei-business-di-successo","status":"publish","type":"product","link":"https:\/\/www.rb-academy.it\/?product=i-tre-pilastri-dei-business-di-successo","title":{"rendered":"I tre pilastri dei business di successo"},"content":{"rendered":"<p>Il successo nel business non si ottiene per caso, ma \u00e8 la normale conseguenza delle giuste strategie e azioni.<\/p>\n<p><\/p>\n<p>In questo corso scoprirai gli elementi chiave che devi sviluppare per far crescere la tua attivit\u00e0, aumentare il numero di clienti, il fatturato e i margini.<\/p>\n<p><\/p>\n<p>Nel dettaglio:<\/p>\n<p><\/p>\n<p> \tLa fase di acquisizione clienti: perch\u00e9 senza un sistema funzionante la tua attivit\u00e0 non pu\u00f2 prosperare.<br \/> \tLa fase di vendita: come massimizzare i tuoi guadagni da subito e senza investimenti.<br \/> \tLa fase post vendita: come creare guadagni ricorrenti grazie alla fidelizzazione dei tuoi clienti.<\/p>\n<p><\/p>\n<p>&nbsp;<\/p>\n<p><\/p>\n<p>L\u2019insieme di queste strategie ti permetter\u00e0 di avere una visione cristallina della tua situazione, cos\u00ec come quella di qualunque business.<\/p>\n<p><\/p>\n<p>Imparerai azioni da poter applicare immediatamente alla tua attivit\u00e0 per ottenere i primi risultati da subito, per far crescere i tuoi guadagni in modo pressoch\u00e9 immediato applicando alcune semplici strategie che imparerai durante corso.<\/p>\n<p><\/p>\n<p>Verr\u00e0 utilizzato un linguaggio semplice e chiaro che permetter\u00e0 anche ai meno esperti di capire e comprendere tutti i concetti trattati.<\/p>\n<p><\/p>\n<p>Durata totale: 5 ore<\/p>\n","protected":false},"excerpt":{"rendered":"<p>Il successo nel business non si ottiene per caso, ma \u00e8 la normale conseguenza delle giuste strategie e azioni. In questo corso scoprirai gli elementi chiave che devi sviluppare per far crescere la tua attivit\u00e0, aumentare il numero di clienti, il fatturato e i margini. Nel dettaglio: La fase di acquisizione clienti: perch\u00e9 senza un [&hellip;]<\/p>\n","protected":false},"featured_media":203071,"template":"","meta":[],"product_cat":[1082],"product_tag":[],"class_list":{"0":"post-201329","1":"product","2":"type-product","3":"status-publish","4":"has-post-thumbnail","6":"product_cat-strategia-imprenditoriale","8":"first","9":"instock","10":"taxable","11":"shipping-taxable","12":"purchasable","13":"product-type-simple"},"_links":{"self":[{"href":"https:\/\/www.rb-academy.it\/index.php?rest_route=\/wp\/v2\/product\/201329","targetHints":{"allow":["GET"]}}],"collection":[{"href":"https:\/\/www.rb-academy.it\/index.php?rest_route=\/wp\/v2\/product"}],"about":[{"href":"https:\/\/www.rb-academy.it\/index.php?rest_route=\/wp\/v2\/types\/product"}],"wp:featuredmedia":[{"embeddable":true,"href":"https:\/\/www.rb-academy.it\/index.php?rest_route=\/wp\/v2\/media\/203071"}],"wp:attachment":[{"href":"https:\/\/www.rb-academy.it\/index.php?rest_route=%2Fwp%2Fv2%2Fmedia&parent=201329"}],"wp:term":[{"taxonomy":"product_cat","embeddable":true,"href":"https:\/\/www.rb-academy.it\/index.php?rest_route=%2Fwp%2Fv2%2Fproduct_cat&post=201329"},{"taxonomy":"product_tag","embeddable":true,"href":"https:\/\/www.rb-academy.it\/index.php?rest_route=%2Fwp%2Fv2%2Fproduct_tag&post=201329"}],"curies":[{"name":"wp","href":"https:\/\/api.w.org\/{rel}","templated":true}]}}