{"id":201340,"date":"2022-02-28T16:08:30","date_gmt":"2022-02-28T14:08:30","guid":{"rendered":"https:\/\/www.rb-academy.it\/corsi\/senza-categoria\/corso-di-marketing-culturale\/"},"modified":"2025-03-27T13:38:19","modified_gmt":"2025-03-27T11:38:19","slug":"corso-di-marketing-culturale","status":"publish","type":"product","link":"https:\/\/www.rb-academy.it\/?product=corso-di-marketing-culturale","title":{"rendered":"Corso di Marketing Culturale"},"content":{"rendered":"<p>Lavorare nel campo della cultura implica una doppia responsabilit\u00e0: quella di contribuire allo sviluppo sociale e civile della comunit\u00e0 e quella di valorizzare un settore della nostra economia che \u00e8 solitamente considerato infruttuoso.<\/p>\n<p><\/p>\n<p>La disciplina del marketing applicata ai prodotti culturali si prefigge lo scopo di utilizzare le strategie proprie del mercato per accrescere la fruizione di prodotti capaci di generare complessi meccanismi di arricchimento personale e quindi anche territoriale, con conseguenti positive ricadute di natura economica. Nel corso di marketing culturale impareremo a costruire un evento culturale, partendo proprio dagli obbiettivi che la sua realizzazione si prefigge e ad utilizzare le giuste leve di suggestione per convincere anche il pubblico pi\u00f9 refrattario a provare un\u2019emozione che \u2026 non ha prezzo.<\/p>\n<p><\/p>\n<p>Durata totale: 8 ore<\/p>\n","protected":false},"excerpt":{"rendered":"<p>Lavorare nel campo della cultura implica una doppia responsabilit\u00e0: quella di contribuire allo sviluppo sociale e civile della comunit\u00e0 e quella di valorizzare un settore della nostra economia che \u00e8 solitamente considerato infruttuoso. La disciplina del marketing applicata ai prodotti culturali si prefigge lo scopo di utilizzare le strategie proprie del mercato per accrescere la [&hellip;]<\/p>\n","protected":false},"featured_media":201339,"template":"","meta":[],"product_cat":[1113],"product_tag":[],"class_list":{"0":"post-201340","1":"product","2":"type-product","3":"status-publish","4":"has-post-thumbnail","6":"product_cat-strategie-di-marketing","8":"first","9":"instock","10":"taxable","11":"shipping-taxable","12":"purchasable","13":"product-type-simple"},"_links":{"self":[{"href":"https:\/\/www.rb-academy.it\/index.php?rest_route=\/wp\/v2\/product\/201340","targetHints":{"allow":["GET"]}}],"collection":[{"href":"https:\/\/www.rb-academy.it\/index.php?rest_route=\/wp\/v2\/product"}],"about":[{"href":"https:\/\/www.rb-academy.it\/index.php?rest_route=\/wp\/v2\/types\/product"}],"wp:featuredmedia":[{"embeddable":true,"href":"https:\/\/www.rb-academy.it\/index.php?rest_route=\/wp\/v2\/media\/201339"}],"wp:attachment":[{"href":"https:\/\/www.rb-academy.it\/index.php?rest_route=%2Fwp%2Fv2%2Fmedia&parent=201340"}],"wp:term":[{"taxonomy":"product_cat","embeddable":true,"href":"https:\/\/www.rb-academy.it\/index.php?rest_route=%2Fwp%2Fv2%2Fproduct_cat&post=201340"},{"taxonomy":"product_tag","embeddable":true,"href":"https:\/\/www.rb-academy.it\/index.php?rest_route=%2Fwp%2Fv2%2Fproduct_tag&post=201340"}],"curies":[{"name":"wp","href":"https:\/\/api.w.org\/{rel}","templated":true}]}}