{"id":201346,"date":"2022-02-28T16:08:31","date_gmt":"2022-02-28T14:08:31","guid":{"rendered":"https:\/\/www.rb-academy.it\/corsi\/senza-categoria\/corso-di-lingua-inglese-la-fonetica\/"},"modified":"2025-03-27T13:38:22","modified_gmt":"2025-03-27T11:38:22","slug":"corso-di-lingua-inglese-la-fonetica","status":"publish","type":"product","link":"https:\/\/www.rb-academy.it\/?product=corso-di-lingua-inglese-la-fonetica","title":{"rendered":"Corso di Lingua Inglese &#8211; La Fonetica"},"content":{"rendered":"<p>k\u00e6n\u00a0ju\u02d0\u00a0ri\u02d0d\u00a0\u00f0\u026as?<\/p>\n<p><\/p>\n<p>E questi simboli? Da dove saltano fuori?<\/p>\n<p><\/p>\n<p>Non si tratta di qualche strana lingua: \u00e8 l\u2019IPA, l\u2019alfabeto fonetico internazionale, la chiave universale che ci permette di capire come leggere e pronunciare le parole di tutte le lingue del mondo.<\/p>\n<p><\/p>\n<p>Per una lingua come l\u2019inglese conoscere l\u2019IPA \u00e8 fondamentale perch\u00e9 le parole non si pronunciano cos\u00ec come vengono scritte, ma seguono alcune regole ben precise.<\/p>\n<p><\/p>\n<p>Non parleremo per\u00f2 solo delle regole ma anche degli errori di pronuncia pi\u00f9 comuni, senza poi trascurare le differenze tra American e British English.<\/p>\n<p><\/p>\n<p>Alla fine di questo corso saremo in grado di riconoscere i simboli dell\u2019IPA, imparando a distinguerli graficamente, ad associare a ciascuno un suono e a pronunciare correttamente le parole in inglese a partire proprio dalla loro trascrizione fonetica.<\/p>\n<p><\/p>\n<p>Durata totale: 3 ore<\/p>\n","protected":false},"excerpt":{"rendered":"<p>k\u00e6n\u00a0ju\u02d0\u00a0ri\u02d0d\u00a0\u00f0\u026as? E questi simboli? Da dove saltano fuori? Non si tratta di qualche strana lingua: \u00e8 l\u2019IPA, l\u2019alfabeto fonetico internazionale, la chiave universale che ci permette di capire come leggere e pronunciare le parole di tutte le lingue del mondo. Per una lingua come l\u2019inglese conoscere l\u2019IPA \u00e8 fondamentale perch\u00e9 le parole non si pronunciano [&hellip;]<\/p>\n","protected":false},"featured_media":203078,"template":"","meta":[],"product_cat":[1036],"product_tag":[],"class_list":{"0":"post-201346","1":"product","2":"type-product","3":"status-publish","4":"has-post-thumbnail","6":"product_cat-inglese-2","8":"first","9":"instock","10":"taxable","11":"shipping-taxable","12":"purchasable","13":"product-type-simple"},"_links":{"self":[{"href":"https:\/\/www.rb-academy.it\/index.php?rest_route=\/wp\/v2\/product\/201346","targetHints":{"allow":["GET"]}}],"collection":[{"href":"https:\/\/www.rb-academy.it\/index.php?rest_route=\/wp\/v2\/product"}],"about":[{"href":"https:\/\/www.rb-academy.it\/index.php?rest_route=\/wp\/v2\/types\/product"}],"wp:featuredmedia":[{"embeddable":true,"href":"https:\/\/www.rb-academy.it\/index.php?rest_route=\/wp\/v2\/media\/203078"}],"wp:attachment":[{"href":"https:\/\/www.rb-academy.it\/index.php?rest_route=%2Fwp%2Fv2%2Fmedia&parent=201346"}],"wp:term":[{"taxonomy":"product_cat","embeddable":true,"href":"https:\/\/www.rb-academy.it\/index.php?rest_route=%2Fwp%2Fv2%2Fproduct_cat&post=201346"},{"taxonomy":"product_tag","embeddable":true,"href":"https:\/\/www.rb-academy.it\/index.php?rest_route=%2Fwp%2Fv2%2Fproduct_tag&post=201346"}],"curies":[{"name":"wp","href":"https:\/\/api.w.org\/{rel}","templated":true}]}}