{"id":201363,"date":"2022-02-28T16:08:41","date_gmt":"2022-02-28T14:08:41","guid":{"rendered":"https:\/\/www.rb-academy.it\/corsi\/senza-categoria\/le-basi-del-giornalismo-web\/"},"modified":"2025-03-27T13:38:24","modified_gmt":"2025-03-27T11:38:24","slug":"le-basi-del-giornalismo-web","status":"publish","type":"product","link":"https:\/\/www.rb-academy.it\/?product=le-basi-del-giornalismo-web","title":{"rendered":"Le basi del giornalismo web"},"content":{"rendered":"<p>In un momento storico in cui la comunicazione si sta spostando dalla carta stampata alla rete, \u00e8 importante acquisire le conoscenze necessarie per fare informazione nell\u2019era digitale.<br \/>Il corso Le basi di giornalismo web fornisce i consigli utili per muovere i primi passi nel mondo del giornalismo web.<\/p>\n<p><\/p>\n<p>Scrivere bene \u00e8 un buon punto di partenza ma non \u00e8 certamente sufficiente. \u00c8 fondamentale conoscere regole e comportamenti da adottare per scrivere articoli per il web, in particolare il reperimento delle informazioni, le tecniche di scrittura, la scelta del titolo, l\u2019impaginazione, l\u2019uso di WordPress e l\u2019indicizzazione SEO.<\/p>\n<p><\/p>\n<p>Durata totale: 6 ore<\/p>\n","protected":false},"excerpt":{"rendered":"<p>In un momento storico in cui la comunicazione si sta spostando dalla carta stampata alla rete, \u00e8 importante acquisire le conoscenze necessarie per fare informazione nell\u2019era digitale. Il corso Le basi di giornalismo web fornisce i consigli utili per muovere i primi passi nel mondo del giornalismo web. Scrivere bene \u00e8 un buon punto di [&hellip;]<\/p>\n","protected":false},"featured_media":201362,"template":"","meta":[],"product_cat":[1011],"product_tag":[],"class_list":{"0":"post-201363","1":"product","2":"type-product","3":"status-publish","4":"has-post-thumbnail","6":"product_cat-copywriting-2","8":"first","9":"instock","10":"taxable","11":"shipping-taxable","12":"purchasable","13":"product-type-simple"},"_links":{"self":[{"href":"https:\/\/www.rb-academy.it\/index.php?rest_route=\/wp\/v2\/product\/201363","targetHints":{"allow":["GET"]}}],"collection":[{"href":"https:\/\/www.rb-academy.it\/index.php?rest_route=\/wp\/v2\/product"}],"about":[{"href":"https:\/\/www.rb-academy.it\/index.php?rest_route=\/wp\/v2\/types\/product"}],"wp:featuredmedia":[{"embeddable":true,"href":"https:\/\/www.rb-academy.it\/index.php?rest_route=\/wp\/v2\/media\/201362"}],"wp:attachment":[{"href":"https:\/\/www.rb-academy.it\/index.php?rest_route=%2Fwp%2Fv2%2Fmedia&parent=201363"}],"wp:term":[{"taxonomy":"product_cat","embeddable":true,"href":"https:\/\/www.rb-academy.it\/index.php?rest_route=%2Fwp%2Fv2%2Fproduct_cat&post=201363"},{"taxonomy":"product_tag","embeddable":true,"href":"https:\/\/www.rb-academy.it\/index.php?rest_route=%2Fwp%2Fv2%2Fproduct_tag&post=201363"}],"curies":[{"name":"wp","href":"https:\/\/api.w.org\/{rel}","templated":true}]}}