{"id":201372,"date":"2022-02-28T16:08:44","date_gmt":"2022-02-28T14:08:44","guid":{"rendered":"https:\/\/www.rb-academy.it\/corsi\/senza-categoria\/corso-di-film-making\/"},"modified":"2025-03-27T13:38:25","modified_gmt":"2025-03-27T11:38:25","slug":"corso-di-film-making","status":"publish","type":"product","link":"https:\/\/www.rb-academy.it\/?product=corso-di-film-making","title":{"rendered":"Corso di Film making"},"content":{"rendered":"<p>Se ti vuoi avvicinare al mondo del video, questo \u00e8 il corso giusto per te!<br \/>La figura del filmmaker, o in maniera pi\u00f9 generica del videomaker, \u00e8 un personaggio indipendente che realizza i propri video partendo dalla scrittura, fino ad arrivare alla fase di ripresa e di montaggio.<br \/>Insieme andremo a scoprire tutti gli strumenti utili per girare delle semplici interviste o un piccolo corto.<\/p>\n<p><\/p>\n<p>Durata totale: 15 ore<\/p>\n","protected":false},"excerpt":{"rendered":"<p>Se ti vuoi avvicinare al mondo del video, questo \u00e8 il corso giusto per te! La figura del filmmaker, o in maniera pi\u00f9 generica del videomaker, \u00e8 un personaggio indipendente che realizza i propri video partendo dalla scrittura, fino ad arrivare alla fase di ripresa e di montaggio. Insieme andremo a scoprire tutti gli strumenti [&hellip;]<\/p>\n","protected":false},"featured_media":201371,"template":"","meta":[],"product_cat":[1110],"product_tag":[],"class_list":{"0":"post-201372","1":"product","2":"type-product","3":"status-publish","4":"has-post-thumbnail","6":"product_cat-cinema-tecnica-e-linguaggio","8":"first","9":"instock","10":"taxable","11":"shipping-taxable","12":"purchasable","13":"product-type-simple"},"_links":{"self":[{"href":"https:\/\/www.rb-academy.it\/index.php?rest_route=\/wp\/v2\/product\/201372","targetHints":{"allow":["GET"]}}],"collection":[{"href":"https:\/\/www.rb-academy.it\/index.php?rest_route=\/wp\/v2\/product"}],"about":[{"href":"https:\/\/www.rb-academy.it\/index.php?rest_route=\/wp\/v2\/types\/product"}],"wp:featuredmedia":[{"embeddable":true,"href":"https:\/\/www.rb-academy.it\/index.php?rest_route=\/wp\/v2\/media\/201371"}],"wp:attachment":[{"href":"https:\/\/www.rb-academy.it\/index.php?rest_route=%2Fwp%2Fv2%2Fmedia&parent=201372"}],"wp:term":[{"taxonomy":"product_cat","embeddable":true,"href":"https:\/\/www.rb-academy.it\/index.php?rest_route=%2Fwp%2Fv2%2Fproduct_cat&post=201372"},{"taxonomy":"product_tag","embeddable":true,"href":"https:\/\/www.rb-academy.it\/index.php?rest_route=%2Fwp%2Fv2%2Fproduct_tag&post=201372"}],"curies":[{"name":"wp","href":"https:\/\/api.w.org\/{rel}","templated":true}]}}