{"id":201382,"date":"2022-02-28T16:08:47","date_gmt":"2022-02-28T14:08:47","guid":{"rendered":"https:\/\/www.rb-academy.it\/corsi\/senza-categoria\/corso-base-di-autocad-2d-2020\/"},"modified":"2025-03-27T13:38:26","modified_gmt":"2025-03-27T11:38:26","slug":"corso-base-di-autocad-2d-2020","status":"publish","type":"product","link":"https:\/\/www.rb-academy.it\/?product=corso-base-di-autocad-2d-2020","title":{"rendered":"Corso base di Autocad 2D 2020"},"content":{"rendered":"<p>AutoCAD \u00e8 il software di disegno tecnico leader nel settore del CAD 3D e 2D e dei software di progettazione, disegno, modellazione, disegno architettonico e ingegnerizzazione. \u00c8 un programma che viene molto usato anche nelle scuole in virt\u00f9 delle sue innumerevoli funzioni e opzioni che si possono sviluppare.<\/p>\n<p><\/p>\n<p>Il corso di AutoCad 2020 affronter\u00e0 tutti gli aspetti tecnici e teorici della parte bidimensionale, al termine del quale l&#8217;utente sar\u00e0 in grado di supportare tutte le fasi progettuali in completa autonomia.<\/p>\n<p><\/p>\n<p>Il corso illustrer\u00e0 gli strumenti messi a disposizione dal software e la logica del loro funzionamento attraverso l&#8217;esercitazione pratica senza trascurare la parte teorica.<\/p>\n<p><\/p>\n<p>Le spiegazioni saranno composte da video lezioni, dispense esplicative e esercitazioni pratiche per l&#8217;apprendimento dei comandi eseguiti.<\/p>\n<p><\/p>\n<p>Durata totale: 30 ore<\/p>\n","protected":false},"excerpt":{"rendered":"<p>AutoCAD \u00e8 il software di disegno tecnico leader nel settore del CAD 3D e 2D e dei software di progettazione, disegno, modellazione, disegno architettonico e ingegnerizzazione. \u00c8 un programma che viene molto usato anche nelle scuole in virt\u00f9 delle sue innumerevoli funzioni e opzioni che si possono sviluppare. Il corso di AutoCad 2020 affronter\u00e0 tutti [&hellip;]<\/p>\n","protected":false},"featured_media":201369,"template":"","meta":[],"product_cat":[1083],"product_tag":[],"class_list":{"0":"post-201382","1":"product","2":"type-product","3":"status-publish","4":"has-post-thumbnail","6":"product_cat-disegno-tecnico","8":"first","9":"instock","10":"taxable","11":"shipping-taxable","12":"purchasable","13":"product-type-simple"},"_links":{"self":[{"href":"https:\/\/www.rb-academy.it\/index.php?rest_route=\/wp\/v2\/product\/201382","targetHints":{"allow":["GET"]}}],"collection":[{"href":"https:\/\/www.rb-academy.it\/index.php?rest_route=\/wp\/v2\/product"}],"about":[{"href":"https:\/\/www.rb-academy.it\/index.php?rest_route=\/wp\/v2\/types\/product"}],"wp:featuredmedia":[{"embeddable":true,"href":"https:\/\/www.rb-academy.it\/index.php?rest_route=\/wp\/v2\/media\/201369"}],"wp:attachment":[{"href":"https:\/\/www.rb-academy.it\/index.php?rest_route=%2Fwp%2Fv2%2Fmedia&parent=201382"}],"wp:term":[{"taxonomy":"product_cat","embeddable":true,"href":"https:\/\/www.rb-academy.it\/index.php?rest_route=%2Fwp%2Fv2%2Fproduct_cat&post=201382"},{"taxonomy":"product_tag","embeddable":true,"href":"https:\/\/www.rb-academy.it\/index.php?rest_route=%2Fwp%2Fv2%2Fproduct_tag&post=201382"}],"curies":[{"name":"wp","href":"https:\/\/api.w.org\/{rel}","templated":true}]}}