{"id":201388,"date":"2022-02-28T16:08:49","date_gmt":"2022-02-28T14:08:49","guid":{"rendered":"https:\/\/www.rb-academy.it\/corsi\/senza-categoria\/corso-sulla-gestione-dei-conflitti\/"},"modified":"2025-03-27T13:38:27","modified_gmt":"2025-03-27T11:38:27","slug":"corso-sulla-gestione-dei-conflitti","status":"publish","type":"product","link":"https:\/\/www.rb-academy.it\/?product=corso-sulla-gestione-dei-conflitti","title":{"rendered":"Corso sulla gestione dei conflitti"},"content":{"rendered":"<p>I conflitti aziendali possono avere una ricaduta pesante sul clima organizzativo e sulla stessa performance lavorativa. Al tempo stesso il conflitto tra persone \u00e8 una dinamica naturale delle relazioni umane e, far finta di non vederlo come spesso succede, rappresenta il modo peggiore per cercare di risolverlo. Saper utilizzare le tecniche di gestione dei conflitti per riconoscere, prevenire e affrontare positivamente le situazioni conflittuali e costruire relazioni proficue a livello interpersonale e interprofessionale, pu\u00f2 fare la differenza nel lavoro e nella vita. Il conflitto, se serenamente gestito, pu\u00f2 rappresentare una importante occasione di sviluppo personale e professionale e da possibile ostacolo, pu\u00f2 aiutare le persone a gestire i propri rapporti personali e professionali con maggiore chiarezza ed autenticit\u00e0.<\/p>\n<p><\/p>\n<p>Durata totale: 5 ore<\/p>\n","protected":false},"excerpt":{"rendered":"<p>I conflitti aziendali possono avere una ricaduta pesante sul clima organizzativo e sulla stessa performance lavorativa. Al tempo stesso il conflitto tra persone \u00e8 una dinamica naturale delle relazioni umane e, far finta di non vederlo come spesso succede, rappresenta il modo peggiore per cercare di risolverlo. Saper utilizzare le tecniche di gestione dei conflitti [&hellip;]<\/p>\n","protected":false},"featured_media":203091,"template":"","meta":[],"product_cat":[1076],"product_tag":[],"class_list":{"0":"post-201388","1":"product","2":"type-product","3":"status-publish","4":"has-post-thumbnail","6":"product_cat-soft-skills","8":"first","9":"instock","10":"taxable","11":"shipping-taxable","12":"purchasable","13":"product-type-simple"},"_links":{"self":[{"href":"https:\/\/www.rb-academy.it\/index.php?rest_route=\/wp\/v2\/product\/201388","targetHints":{"allow":["GET"]}}],"collection":[{"href":"https:\/\/www.rb-academy.it\/index.php?rest_route=\/wp\/v2\/product"}],"about":[{"href":"https:\/\/www.rb-academy.it\/index.php?rest_route=\/wp\/v2\/types\/product"}],"wp:featuredmedia":[{"embeddable":true,"href":"https:\/\/www.rb-academy.it\/index.php?rest_route=\/wp\/v2\/media\/203091"}],"wp:attachment":[{"href":"https:\/\/www.rb-academy.it\/index.php?rest_route=%2Fwp%2Fv2%2Fmedia&parent=201388"}],"wp:term":[{"taxonomy":"product_cat","embeddable":true,"href":"https:\/\/www.rb-academy.it\/index.php?rest_route=%2Fwp%2Fv2%2Fproduct_cat&post=201388"},{"taxonomy":"product_tag","embeddable":true,"href":"https:\/\/www.rb-academy.it\/index.php?rest_route=%2Fwp%2Fv2%2Fproduct_tag&post=201388"}],"curies":[{"name":"wp","href":"https:\/\/api.w.org\/{rel}","templated":true}]}}