{"id":201396,"date":"2022-02-28T16:08:51","date_gmt":"2022-02-28T14:08:51","guid":{"rendered":"https:\/\/www.rb-academy.it\/corsi\/senza-categoria\/corso-completo-di-web-marketing-turistico\/"},"modified":"2025-03-27T13:38:30","modified_gmt":"2025-03-27T11:38:30","slug":"corso-completo-di-web-marketing-turistico","status":"publish","type":"product","link":"https:\/\/www.rb-academy.it\/?product=corso-completo-di-web-marketing-turistico","title":{"rendered":"Corso completo di Web Marketing Turistico"},"content":{"rendered":"<p>Questo corso \u00e8 una vera e propria guida pratica che ti accompagner\u00e0 passo-passo nel web marketing turistico, fornendoti tutti gli strumenti per promuovere efficacemente la tua struttura ricettiva.<\/p>\n<p><\/p>\n<p>A differenza di tutti gli altri corsi di web marketing turistico che ci sono l\u00e0 fuori, ha due caratteristiche distintive:<br \/>1. \u00e8 un corso pratico con un sacco di esempi reali, strumenti da usare e tutorial pratici in cui ti faccio vedere come si fanno le cose<br \/>2. \u00e8 un corso sincero perch\u00e9 non mira a vendere i miei servizi di consulenza a prezzo pi\u00f9 alto ed in modo ingannevole<\/p>\n<p><\/p>\n<p>Durata totale: 10 ore<\/p>\n","protected":false},"excerpt":{"rendered":"<p>Questo corso \u00e8 una vera e propria guida pratica che ti accompagner\u00e0 passo-passo nel web marketing turistico, fornendoti tutti gli strumenti per promuovere efficacemente la tua struttura ricettiva. A differenza di tutti gli altri corsi di web marketing turistico che ci sono l\u00e0 fuori, ha due caratteristiche distintive: 1. \u00e8 un corso pratico con un [&hellip;]<\/p>\n","protected":false},"featured_media":201395,"template":"","meta":[],"product_cat":[1113],"product_tag":[],"class_list":{"0":"post-201396","1":"product","2":"type-product","3":"status-publish","4":"has-post-thumbnail","6":"product_cat-strategie-di-marketing","8":"first","9":"instock","10":"taxable","11":"shipping-taxable","12":"purchasable","13":"product-type-simple"},"_links":{"self":[{"href":"https:\/\/www.rb-academy.it\/index.php?rest_route=\/wp\/v2\/product\/201396","targetHints":{"allow":["GET"]}}],"collection":[{"href":"https:\/\/www.rb-academy.it\/index.php?rest_route=\/wp\/v2\/product"}],"about":[{"href":"https:\/\/www.rb-academy.it\/index.php?rest_route=\/wp\/v2\/types\/product"}],"wp:featuredmedia":[{"embeddable":true,"href":"https:\/\/www.rb-academy.it\/index.php?rest_route=\/wp\/v2\/media\/201395"}],"wp:attachment":[{"href":"https:\/\/www.rb-academy.it\/index.php?rest_route=%2Fwp%2Fv2%2Fmedia&parent=201396"}],"wp:term":[{"taxonomy":"product_cat","embeddable":true,"href":"https:\/\/www.rb-academy.it\/index.php?rest_route=%2Fwp%2Fv2%2Fproduct_cat&post=201396"},{"taxonomy":"product_tag","embeddable":true,"href":"https:\/\/www.rb-academy.it\/index.php?rest_route=%2Fwp%2Fv2%2Fproduct_tag&post=201396"}],"curies":[{"name":"wp","href":"https:\/\/api.w.org\/{rel}","templated":true}]}}