{"id":201398,"date":"2022-02-28T16:08:51","date_gmt":"2022-02-28T14:08:51","guid":{"rendered":"https:\/\/www.rb-academy.it\/corsi\/senza-categoria\/corso-avanzato-di-contabilit-e-bilancio\/"},"modified":"2025-03-27T13:38:30","modified_gmt":"2025-03-27T11:38:30","slug":"corso-avanzato-di-contabilita-e-bilancio","status":"publish","type":"product","link":"https:\/\/www.rb-academy.it\/?product=corso-avanzato-di-contabilita-e-bilancio","title":{"rendered":"Corso avanzato di Contabilit\u00e0 e Bilancio"},"content":{"rendered":"<p>Con questo corso riuscirai a comprendere davvero le attivit\u00e0 legate all&#8217;amministrazione e alla contabilit\u00e0.<br \/>Questa comprensione servir\u00e0 al lavoratore con esperienza a non sentirsi un numero ed a chi si avvicina a questo tipo di professioni ad essere davvero appetibile davanti al futuro datore di lavoro.<br \/>L&#8217;obiettivo \u00e8 quello di non diventare una \u201crisorsa\u201d che inserisce meccanicamente dati in un computer e che potrebbe essere facilmente soppiantata da una macchina.<\/p>\n<p><\/p>\n<p>A partire dalla comprensione della struttura e del funzionamento delle aziende ci addentreremo sempre pi\u00f9 nella pratica contabile occupandoci anche delle ultime novit\u00e0 quali la fatturazione elettronica, per padroneggiarle.<\/p>\n<p><\/p>\n<p>Lo studente al termine del corso avr\u00e0 tutti gli strumenti di base per eseguire le principali rilevazioni di contabilit\u00e0 generale relative al ciclo attivo (fatture attive, incassi, IVA vendite), al ciclo passivo (fatture passive, pagamenti, IVA acquisti), alle connesse tematiche IVA ed alle altre aree di bilancio con cui normalmente si viene a contatto nella tenuta della contabilit\u00e0.<\/p>\n<p><\/p>\n<p>Nell&#8217;affrontare i temi sopra elencati non mancheranno riferimenti diretti alla basilare normativa civilistica in materia di bilancio ed ai postulati ed alle regole generali dei principi contabili emessi ed approvati dall&#8217;ODCEC.<\/p>\n<p><\/p>\n<p>Durata totale: 30 ore<\/p>\n","protected":false},"excerpt":{"rendered":"<p>Con questo corso riuscirai a comprendere davvero le attivit\u00e0 legate all&#8217;amministrazione e alla contabilit\u00e0. Questa comprensione servir\u00e0 al lavoratore con esperienza a non sentirsi un numero ed a chi si avvicina a questo tipo di professioni ad essere davvero appetibile davanti al futuro datore di lavoro. L&#8217;obiettivo \u00e8 quello di non diventare una \u201crisorsa\u201d che [&hellip;]<\/p>\n","protected":false},"featured_media":203094,"template":"","meta":[],"product_cat":[1028],"product_tag":[],"class_list":{"0":"post-201398","1":"product","2":"type-product","3":"status-publish","4":"has-post-thumbnail","6":"product_cat-contabilita-2","8":"first","9":"instock","10":"taxable","11":"shipping-taxable","12":"purchasable","13":"product-type-simple"},"_links":{"self":[{"href":"https:\/\/www.rb-academy.it\/index.php?rest_route=\/wp\/v2\/product\/201398","targetHints":{"allow":["GET"]}}],"collection":[{"href":"https:\/\/www.rb-academy.it\/index.php?rest_route=\/wp\/v2\/product"}],"about":[{"href":"https:\/\/www.rb-academy.it\/index.php?rest_route=\/wp\/v2\/types\/product"}],"wp:featuredmedia":[{"embeddable":true,"href":"https:\/\/www.rb-academy.it\/index.php?rest_route=\/wp\/v2\/media\/203094"}],"wp:attachment":[{"href":"https:\/\/www.rb-academy.it\/index.php?rest_route=%2Fwp%2Fv2%2Fmedia&parent=201398"}],"wp:term":[{"taxonomy":"product_cat","embeddable":true,"href":"https:\/\/www.rb-academy.it\/index.php?rest_route=%2Fwp%2Fv2%2Fproduct_cat&post=201398"},{"taxonomy":"product_tag","embeddable":true,"href":"https:\/\/www.rb-academy.it\/index.php?rest_route=%2Fwp%2Fv2%2Fproduct_tag&post=201398"}],"curies":[{"name":"wp","href":"https:\/\/api.w.org\/{rel}","templated":true}]}}