{"id":201458,"date":"2022-02-28T16:09:34","date_gmt":"2022-02-28T14:09:34","guid":{"rendered":"https:\/\/www.rb-academy.it\/corsi\/senza-categoria\/corso-di-matematica\/"},"modified":"2025-03-27T13:38:36","modified_gmt":"2025-03-27T11:38:36","slug":"corso-di-matematica","status":"publish","type":"product","link":"https:\/\/www.rb-academy.it\/?product=corso-di-matematica","title":{"rendered":"Corso di matematica"},"content":{"rendered":"<p>Il corso si articola in tre macroaree: la prima, dedicata al recupero e all&#8217;integrazione delle conoscenze pregresse necessarie ad affrontare il calcolo funzionale, riproporr\u00e0 le regole di base del calcolo letterale e fornir\u00e0 una panoramica degli strumenti e delle modalit\u00e0 di risoluzione di equazioni e disequazioni di qualsiasi tipo; la seconda, che costituisce il corpo centrale della trattazione, illustrer\u00e0 nello specifico tutti gli step (campo di esistenza, intersezione con gli assi, segno della funzione, limiti per il calcolo degli asintoti, punti di massimo e di minimi, punti di flesso) necessari alla corretta rappresentazione del grafico probabile di un\u2019equazione; la terza, dedicata al calcolo integrale ed a quello combinatorio, offrir\u00e0 un\u2019ampia gamma di strumenti per la risoluzione di problemi connessi alla ricerca della primitiva di una funzione, all\u2019area ad essa sottesa, al calcolo di disposizioni e combinazioni.<\/p>\n<p><\/p>\n<p>Durata totale: 40 ore<\/p>\n","protected":false},"excerpt":{"rendered":"<p>Il corso si articola in tre macroaree: la prima, dedicata al recupero e all&#8217;integrazione delle conoscenze pregresse necessarie ad affrontare il calcolo funzionale, riproporr\u00e0 le regole di base del calcolo letterale e fornir\u00e0 una panoramica degli strumenti e delle modalit\u00e0 di risoluzione di equazioni e disequazioni di qualsiasi tipo; la seconda, che costituisce il corpo [&hellip;]<\/p>\n","protected":false},"featured_media":201457,"template":"","meta":[],"product_cat":[1089],"product_tag":[],"class_list":{"0":"post-201458","1":"product","2":"type-product","3":"status-publish","4":"has-post-thumbnail","6":"product_cat-matematica-e-statistica","8":"first","9":"instock","10":"taxable","11":"shipping-taxable","12":"purchasable","13":"product-type-simple"},"_links":{"self":[{"href":"https:\/\/www.rb-academy.it\/index.php?rest_route=\/wp\/v2\/product\/201458","targetHints":{"allow":["GET"]}}],"collection":[{"href":"https:\/\/www.rb-academy.it\/index.php?rest_route=\/wp\/v2\/product"}],"about":[{"href":"https:\/\/www.rb-academy.it\/index.php?rest_route=\/wp\/v2\/types\/product"}],"wp:featuredmedia":[{"embeddable":true,"href":"https:\/\/www.rb-academy.it\/index.php?rest_route=\/wp\/v2\/media\/201457"}],"wp:attachment":[{"href":"https:\/\/www.rb-academy.it\/index.php?rest_route=%2Fwp%2Fv2%2Fmedia&parent=201458"}],"wp:term":[{"taxonomy":"product_cat","embeddable":true,"href":"https:\/\/www.rb-academy.it\/index.php?rest_route=%2Fwp%2Fv2%2Fproduct_cat&post=201458"},{"taxonomy":"product_tag","embeddable":true,"href":"https:\/\/www.rb-academy.it\/index.php?rest_route=%2Fwp%2Fv2%2Fproduct_tag&post=201458"}],"curies":[{"name":"wp","href":"https:\/\/api.w.org\/{rel}","templated":true}]}}