{"id":201468,"date":"2022-02-28T16:09:36","date_gmt":"2022-02-28T14:09:36","guid":{"rendered":"https:\/\/www.rb-academy.it\/corsi\/senza-categoria\/corso-sul-pacchetto-office-2016\/"},"modified":"2025-03-27T13:38:36","modified_gmt":"2025-03-27T11:38:36","slug":"corso-sul-pacchetto-office-2016","status":"publish","type":"product","link":"https:\/\/www.rb-academy.it\/?product=corso-sul-pacchetto-office-2016","title":{"rendered":"Corso sul pacchetto Office 2016"},"content":{"rendered":"<p>Corso sul Pacchetto Office 2016.<br \/>Sono i software pi\u00f9 diffusi al mondo ma in molti non conoscono le loro reali potenzialit\u00e0. Ogni programma contenuto nel pacchetto Microsoft Office \u00e8 in grado di realizzare prodotti estremamente professionali e fruibili adatti a tutte le esigenze. Questo corso si pone l&#8217;obiettivo di far conoscere agli utenti tutte le funzioni contenute nei cinque programmi principali del pacchetto Office: Word, PowerPoint, Excel, Publisher, Access, Outlook. Il corso \u00e8 organizzato in sei moduli, uno per ogni software, e ogni modulo ha una parte teorica composta da dispense in formato pdf e una parte tecnica composta da video lezioni nelle quali verranno dettagliatamente spiegate tutte le funzioni presenti nel pacchetto Office 2016.<\/p>\n<p><\/p>\n<p>Durata totale: 50 ore<\/p>\n","protected":false},"excerpt":{"rendered":"<p>Corso sul Pacchetto Office 2016. Sono i software pi\u00f9 diffusi al mondo ma in molti non conoscono le loro reali potenzialit\u00e0. Ogni programma contenuto nel pacchetto Microsoft Office \u00e8 in grado di realizzare prodotti estremamente professionali e fruibili adatti a tutte le esigenze. Questo corso si pone l&#8217;obiettivo di far conoscere agli utenti tutte le [&hellip;]<\/p>\n","protected":false},"featured_media":201467,"template":"","meta":[],"product_cat":[1016],"product_tag":[],"class_list":{"0":"post-201468","1":"product","2":"type-product","3":"status-publish","4":"has-post-thumbnail","6":"product_cat-microsoft-2","8":"first","9":"instock","10":"taxable","11":"shipping-taxable","12":"purchasable","13":"product-type-simple"},"_links":{"self":[{"href":"https:\/\/www.rb-academy.it\/index.php?rest_route=\/wp\/v2\/product\/201468","targetHints":{"allow":["GET"]}}],"collection":[{"href":"https:\/\/www.rb-academy.it\/index.php?rest_route=\/wp\/v2\/product"}],"about":[{"href":"https:\/\/www.rb-academy.it\/index.php?rest_route=\/wp\/v2\/types\/product"}],"wp:featuredmedia":[{"embeddable":true,"href":"https:\/\/www.rb-academy.it\/index.php?rest_route=\/wp\/v2\/media\/201467"}],"wp:attachment":[{"href":"https:\/\/www.rb-academy.it\/index.php?rest_route=%2Fwp%2Fv2%2Fmedia&parent=201468"}],"wp:term":[{"taxonomy":"product_cat","embeddable":true,"href":"https:\/\/www.rb-academy.it\/index.php?rest_route=%2Fwp%2Fv2%2Fproduct_cat&post=201468"},{"taxonomy":"product_tag","embeddable":true,"href":"https:\/\/www.rb-academy.it\/index.php?rest_route=%2Fwp%2Fv2%2Fproduct_tag&post=201468"}],"curies":[{"name":"wp","href":"https:\/\/api.w.org\/{rel}","templated":true}]}}