{"id":201475,"date":"2022-02-28T16:09:38","date_gmt":"2022-02-28T14:09:38","guid":{"rendered":"https:\/\/www.rb-academy.it\/corsi\/senza-categoria\/corso-di-public-speaking-e-ascolto-attivo\/"},"modified":"2025-03-27T13:38:37","modified_gmt":"2025-03-27T11:38:37","slug":"corso-di-public-speaking-e-ascolto-attivo","status":"publish","type":"product","link":"https:\/\/www.rb-academy.it\/?product=corso-di-public-speaking-e-ascolto-attivo","title":{"rendered":"Corso di Public Speaking e ascolto attivo"},"content":{"rendered":"<p>Parlare in pubblico o saper comunicare \u00e8 un\u2019abilit\u00e0 indispensabile in qualsiasi momento.<br \/>Un bravo comunicatore non \u00e8 soltanto un abile oratore, ma \u00e8 colui che trasmette innovazione, dinamismo, ottimismo, grazie alla sua forza di persuasione.<\/p>\n<p><\/p>\n<p>Quante volte dovendo parlare di fronte a una platea o anche semplicemente a qualcuno, siamo stati assaliti dall&#8217;ansia: le parole facevano fatica a uscire e i nostri interlocutori erano giudici implacabili di ogni nostro errore reale o presunto.<\/p>\n<p><\/p>\n<p>Il corso affronta lo sviluppo di una competenza sempre pi\u00f9 richiesta nel mondo relazionale indipendentemente che si tratti di lavoro o meno e offre inoltre gli strumenti operativi per organizzare un intervento efficace e per ottenere una performance di rilievo.<\/p>\n<p><\/p>\n<p>Uso delle pause, scelta delle parole pi\u00f9 adatte, sicurezza nei movimenti e perch\u00e9 no, anche l\u2019effetto suspance. Sono gli ingredienti di chi riesce a parlare in pubblico senza farsi prendere dal panico, anzi catturando l\u2019attenzione degli interlocutori. Una tecnica che si pu\u00f2 imparare.<\/p>\n<p><\/p>\n<p>Il corso risponde alle seguenti domande:<br \/>Come conviene strutturare un intervento di Public Speaking \u2013 Parlare in pubblico affinch\u00e9 risulti fluido ed efficace?<br \/>In quale maniera posso interiorizzare uno stato d&#8217;animo assertivo che mi consenta di non sentirmi minacciato da chi mi sta di fronte?<br \/>Qual \u00e8 il mio stile di locuzione e come posso renderlo chiaro e comprensibile per un pubblico eterogeneo?<\/p>\n<p><\/p>\n<p>Durata totale: 20 ore<\/p>\n","protected":false},"excerpt":{"rendered":"<p>Parlare in pubblico o saper comunicare \u00e8 un\u2019abilit\u00e0 indispensabile in qualsiasi momento. Un bravo comunicatore non \u00e8 soltanto un abile oratore, ma \u00e8 colui che trasmette innovazione, dinamismo, ottimismo, grazie alla sua forza di persuasione. Quante volte dovendo parlare di fronte a una platea o anche semplicemente a qualcuno, siamo stati assaliti dall&#8217;ansia: le parole [&hellip;]<\/p>\n","protected":false},"featured_media":203106,"template":"","meta":[],"product_cat":[1025],"product_tag":[],"class_list":{"0":"post-201475","1":"product","2":"type-product","3":"status-publish","4":"has-post-thumbnail","6":"product_cat-comunicazione-2","8":"first","9":"instock","10":"taxable","11":"shipping-taxable","12":"purchasable","13":"product-type-simple"},"_links":{"self":[{"href":"https:\/\/www.rb-academy.it\/index.php?rest_route=\/wp\/v2\/product\/201475","targetHints":{"allow":["GET"]}}],"collection":[{"href":"https:\/\/www.rb-academy.it\/index.php?rest_route=\/wp\/v2\/product"}],"about":[{"href":"https:\/\/www.rb-academy.it\/index.php?rest_route=\/wp\/v2\/types\/product"}],"wp:featuredmedia":[{"embeddable":true,"href":"https:\/\/www.rb-academy.it\/index.php?rest_route=\/wp\/v2\/media\/203106"}],"wp:attachment":[{"href":"https:\/\/www.rb-academy.it\/index.php?rest_route=%2Fwp%2Fv2%2Fmedia&parent=201475"}],"wp:term":[{"taxonomy":"product_cat","embeddable":true,"href":"https:\/\/www.rb-academy.it\/index.php?rest_route=%2Fwp%2Fv2%2Fproduct_cat&post=201475"},{"taxonomy":"product_tag","embeddable":true,"href":"https:\/\/www.rb-academy.it\/index.php?rest_route=%2Fwp%2Fv2%2Fproduct_tag&post=201475"}],"curies":[{"name":"wp","href":"https:\/\/api.w.org\/{rel}","templated":true}]}}