{"id":201490,"date":"2022-02-28T16:09:41","date_gmt":"2022-02-28T14:09:41","guid":{"rendered":"https:\/\/www.rb-academy.it\/corsi\/senza-categoria\/kundalini-yoga-il-potere-curativo-del-cervello\/"},"modified":"2025-03-27T13:38:40","modified_gmt":"2025-03-27T11:38:40","slug":"kundalini-yoga-il-potere-curativo-del-cervello","status":"publish","type":"product","link":"https:\/\/www.rb-academy.it\/?product=kundalini-yoga-il-potere-curativo-del-cervello","title":{"rendered":"Kundalini yoga &#8211; Il potere curativo del cervello"},"content":{"rendered":"<p>Il Kundalini Yoga \u00e8 l\u2019arte, la scienza e la tecnologia per liberare il potenziale creativo che risiede in ogni essere umano.<\/p>\n<p><\/p>\n<p>Anche se il Kundalini Yoga non \u00e8 stato concepito come una scienza squisitamente terapeutica, il suo impatto positivo sul benessere psicofisico \u00e8 straordinario.<\/p>\n<p><\/p>\n<p>Il Kundalini Yoga come insegnato da Yogi Bhajan, \u00e8 conosciuto anche come lo \u201cYoga di chi \u00e8 capofamiglia\u201d, perch\u00e9 \u00e8 stato disegnato da santi e saggi durante i secoli, per essere semplice da praticare ed efficace in periodi di tempo brevi, costituendo cos\u00ec uno strumento preziosissimo nella vita di coloro che hanno un lavoro e una famiglia.<\/p>\n<p><\/p>\n<p>La pratica del Kundalini Yoga \u00e8 una armoniosa combinazione di esercizi fisici, tecniche di rspirazione (pranayamas), ripetizione di mantra e meditazioni.<\/p>\n<p><\/p>\n<p>Effetti del Kundalini Yoga<\/p>\n<p><\/p>\n<p>A livello fisico:<\/p>\n<p><\/p>\n<p> \trinforza il sistema nervoso<br \/> \tallunga e tonifica i muscoli<br \/> \trimuove le tossine dai tessuti<br \/> \tequilibra le secrezioni ghiandolari<br \/> \trinforza il sistema immunitario<br \/> \trigenera e tonifica gli organi interni<\/p>\n<p><\/p>\n<p>A livello mentale:<\/p>\n<p><\/p>\n<p> \tsviluppa una mente neutrale e meditativa<br \/> \tpromuove chiarezza di percezione e la capacit\u00e0 di essere presenti<br \/> \tsviluppa l\u2019intuizione<br \/> \ttrasforma e rilascia gli schemi limitanti del subconscio<br \/> \tallevia le tensioni e lo stress<br \/> \taumenta la concentrazione e l\u2019efficacia<\/p>\n<p><\/p>\n<p>Il Kundalini Yoga \u00e8 una disciplina\u00a0rimasta segreta per millenni e poi portata al grande pubblico grazie alla meravigliosa opera di Yogi Bhajan.<\/p>\n<p><\/p>\n<p>In questo corso, grazie a Ram Rattan Singh, esperto insegnante e iniziatore del percorso &#8220;Yoga e Salute&#8221;, potrai non solo avvicinarti a\u00a0questa disciplina, ma anche comprenderne gli effetti benefici che ha sul corpo e sullo spirito.<\/p>\n<p><\/p>\n<p>Scoprirai\u00a0quali siano le parti del vostro sistema nervoso che devi stimolare per riportare in armonia gli automatismi corporei e trasformare completamente la tua esperienza di vita umana.<\/p>\n<p><\/p>\n<p>Potrai\u00a0seguire il docente\u00a0passo dopo passo negli esercizi proposti e ripeterli da solo per apprezzarne i benefici che avranno sul tuo stile di vita.<\/p>\n<p><\/p>\n<p>Le antiche conoscenze sono al nostro servizio, ma metterle in pratica spetta ad ognuno di noi!<\/p>\n<p><\/p>\n<p>Durata totale: 15 ore<\/p>\n","protected":false},"excerpt":{"rendered":"<p>Il Kundalini Yoga \u00e8 l\u2019arte, la scienza e la tecnologia per liberare il potenziale creativo che risiede in ogni essere umano. Anche se il Kundalini Yoga non \u00e8 stato concepito come una scienza squisitamente terapeutica, il suo impatto positivo sul benessere psicofisico \u00e8 straordinario. Il Kundalini Yoga come insegnato da Yogi Bhajan, \u00e8 conosciuto anche [&hellip;]<\/p>\n","protected":false},"featured_media":201489,"template":"","meta":[],"product_cat":[1119],"product_tag":[],"class_list":{"0":"post-201490","1":"product","2":"type-product","3":"status-publish","4":"has-post-thumbnail","6":"product_cat-serenita-interiore","8":"first","9":"instock","10":"taxable","11":"shipping-taxable","12":"purchasable","13":"product-type-simple"},"_links":{"self":[{"href":"https:\/\/www.rb-academy.it\/index.php?rest_route=\/wp\/v2\/product\/201490","targetHints":{"allow":["GET"]}}],"collection":[{"href":"https:\/\/www.rb-academy.it\/index.php?rest_route=\/wp\/v2\/product"}],"about":[{"href":"https:\/\/www.rb-academy.it\/index.php?rest_route=\/wp\/v2\/types\/product"}],"wp:featuredmedia":[{"embeddable":true,"href":"https:\/\/www.rb-academy.it\/index.php?rest_route=\/wp\/v2\/media\/201489"}],"wp:attachment":[{"href":"https:\/\/www.rb-academy.it\/index.php?rest_route=%2Fwp%2Fv2%2Fmedia&parent=201490"}],"wp:term":[{"taxonomy":"product_cat","embeddable":true,"href":"https:\/\/www.rb-academy.it\/index.php?rest_route=%2Fwp%2Fv2%2Fproduct_cat&post=201490"},{"taxonomy":"product_tag","embeddable":true,"href":"https:\/\/www.rb-academy.it\/index.php?rest_route=%2Fwp%2Fv2%2Fproduct_tag&post=201490"}],"curies":[{"name":"wp","href":"https:\/\/api.w.org\/{rel}","templated":true}]}}