{"id":201491,"date":"2022-02-28T16:09:41","date_gmt":"2022-02-28T14:09:41","guid":{"rendered":"https:\/\/www.rb-academy.it\/corsi\/senza-categoria\/autotrattamento-craniosacrale\/"},"modified":"2025-03-27T13:38:40","modified_gmt":"2025-03-27T11:38:40","slug":"autotrattamento-craniosacrale","status":"publish","type":"product","link":"https:\/\/www.rb-academy.it\/?product=autotrattamento-craniosacrale","title":{"rendered":"Autotrattamento Craniosacrale"},"content":{"rendered":"<p>Conoscere e praticare il metodo Craniosacrale, la straordinaria disciplina bio-naturale in grado di aiutare a superare molti disagi psico-fisici.<\/p>\n<p><\/p>\n<p>Gioacchino Allasia ci guida in un bellissimo videocorso che insegna come lenire mal di testa, mal di schiena, nausea e altri disagi.<\/p>\n<p><\/p>\n<p>Grazie alla spiegazione passo passo degli esercizi e alle\u00a0inquadrature da diverse angolazioni, risulta semplice\u00a0la comprensione dei movimenti da compiere e delle spiegazioni del metodo fornite dall\u2019autore, esperto sia di Shiatsu che di trattamento Craniosacrale.<\/p>\n<p><\/p>\n<p>Sar\u00e0 molto facile per tutti apprendere velocemente come sciogliere la tensione e rilassare i muscoli di cranio, collo, spalle e colonna in modo da rilasciare gli accumuli di tensione che\u00a0causano infiammazione e dolore.<\/p>\n<p><\/p>\n<p>Con la partecipazione di Marina De Cillis, esperta terapista della riabilitazione e l&#8217;introduzione della Dott.ssa Simonetta Bernardini, Presidente della Societ\u00e0 Italiana di Omeopatia e Medicina Integrata, avrai un ottimo strumento di auto aiuto alla portata di tutti per migliorare e promuovere la salute.<\/p>\n<p><\/p>\n<p>Il docente si pone in veste di insegnante e non in veste di medico, pertanto n\u00e9 lui, n\u00e9 i produttori, n\u00e9 Lezione-online sono da considerarsi responsabili per qualsiasi conseguenza derivante da un uso improprio degli esercizi spiegati durante il corso.<\/p>\n<p><\/p>\n<p>Durata totale: 5 ore<\/p>\n","protected":false},"excerpt":{"rendered":"<p>Conoscere e praticare il metodo Craniosacrale, la straordinaria disciplina bio-naturale in grado di aiutare a superare molti disagi psico-fisici. Gioacchino Allasia ci guida in un bellissimo videocorso che insegna come lenire mal di testa, mal di schiena, nausea e altri disagi. Grazie alla spiegazione passo passo degli esercizi e alle\u00a0inquadrature da diverse angolazioni, risulta semplice\u00a0la [&hellip;]<\/p>\n","protected":false},"featured_media":203110,"template":"","meta":[],"product_cat":[1055],"product_tag":[],"class_list":{"0":"post-201491","1":"product","2":"type-product","3":"status-publish","4":"has-post-thumbnail","6":"product_cat-medicina-olistica","8":"first","9":"instock","10":"taxable","11":"shipping-taxable","12":"purchasable","13":"product-type-simple"},"_links":{"self":[{"href":"https:\/\/www.rb-academy.it\/index.php?rest_route=\/wp\/v2\/product\/201491","targetHints":{"allow":["GET"]}}],"collection":[{"href":"https:\/\/www.rb-academy.it\/index.php?rest_route=\/wp\/v2\/product"}],"about":[{"href":"https:\/\/www.rb-academy.it\/index.php?rest_route=\/wp\/v2\/types\/product"}],"wp:featuredmedia":[{"embeddable":true,"href":"https:\/\/www.rb-academy.it\/index.php?rest_route=\/wp\/v2\/media\/203110"}],"wp:attachment":[{"href":"https:\/\/www.rb-academy.it\/index.php?rest_route=%2Fwp%2Fv2%2Fmedia&parent=201491"}],"wp:term":[{"taxonomy":"product_cat","embeddable":true,"href":"https:\/\/www.rb-academy.it\/index.php?rest_route=%2Fwp%2Fv2%2Fproduct_cat&post=201491"},{"taxonomy":"product_tag","embeddable":true,"href":"https:\/\/www.rb-academy.it\/index.php?rest_route=%2Fwp%2Fv2%2Fproduct_tag&post=201491"}],"curies":[{"name":"wp","href":"https:\/\/api.w.org\/{rel}","templated":true}]}}