{"id":201494,"date":"2022-02-28T16:09:42","date_gmt":"2022-02-28T14:09:42","guid":{"rendered":"https:\/\/www.rb-academy.it\/corsi\/senza-categoria\/fatto-in-casa-autoproduzione-e-risparmio\/"},"modified":"2025-03-27T13:38:40","modified_gmt":"2025-03-27T11:38:40","slug":"fatto-in-casa-autoproduzione-e-risparmio","status":"publish","type":"product","link":"https:\/\/www.rb-academy.it\/?product=fatto-in-casa-autoproduzione-e-risparmio","title":{"rendered":"Fatto in casa&#8230;Autoproduzione e Risparmio"},"content":{"rendered":"<p>Sono diverse le tematiche trattate e le ricette proposte durante il corso: autoproduzione in tavola, cosmesi naturale, pulizie ecologiche, ricette sane e naturali, riciclo creativo, rimedi per i malanni di stagione, idee regalo fai da te e chi pi\u00f9 ne ha pi\u00f9 ne metta!<\/p>\n<p><\/p>\n<p>Saremo ospiti a casa di Lucia per rubarle quanti pi\u00f9 trucchi e ricette possibili da sfruttare nella nostra quotidianit\u00e0.<\/p>\n<p><\/p>\n<p>Il rimedio alla crisi, ci insegna Lucia, non \u00e8 guadagnare di pi\u00f9, ma imparare a spendere meno.<br \/>Il circolo vizioso pi\u00f9 lavoro-pi\u00f9 guadagno-pi\u00f9 spendo \u00e8 arrivato al capolinea, non \u00e8 pi\u00f9 sostenibile. \u00c8 ora di sostituirlo con un paradigma nuovo e rivoluzionario: autoproduco-spendo meno-devo lavorare meno-ho pi\u00f9 tempo libero. Una decrescita felice dunque, che ci ridoner\u00e0 il sorriso e la soddisfazione di fare da soli e con entusiasmo.<\/p>\n<p><\/p>\n<p>Facciamo che lo slogan &#8220;Smetto di comprare tutto ci\u00f2 che so fare&#8221; diventi il nostro motto. Riscoprire il sapere perduto delle mani ci dar\u00e0 benefici immediati, su tutti i fronti.<\/p>\n<p><\/p>\n<p>Durata totale: 10 ore<\/p>\n","protected":false},"excerpt":{"rendered":"<p>Sono diverse le tematiche trattate e le ricette proposte durante il corso: autoproduzione in tavola, cosmesi naturale, pulizie ecologiche, ricette sane e naturali, riciclo creativo, rimedi per i malanni di stagione, idee regalo fai da te e chi pi\u00f9 ne ha pi\u00f9 ne metta! Saremo ospiti a casa di Lucia per rubarle quanti pi\u00f9 trucchi [&hellip;]<\/p>\n","protected":false},"featured_media":203111,"template":"","meta":[],"product_cat":[1092],"product_tag":[],"class_list":{"0":"post-201494","1":"product","2":"type-product","3":"status-publish","4":"has-post-thumbnail","6":"product_cat-fai-da-te-e-hobby","8":"first","9":"instock","10":"taxable","11":"shipping-taxable","12":"purchasable","13":"product-type-simple"},"_links":{"self":[{"href":"https:\/\/www.rb-academy.it\/index.php?rest_route=\/wp\/v2\/product\/201494","targetHints":{"allow":["GET"]}}],"collection":[{"href":"https:\/\/www.rb-academy.it\/index.php?rest_route=\/wp\/v2\/product"}],"about":[{"href":"https:\/\/www.rb-academy.it\/index.php?rest_route=\/wp\/v2\/types\/product"}],"wp:featuredmedia":[{"embeddable":true,"href":"https:\/\/www.rb-academy.it\/index.php?rest_route=\/wp\/v2\/media\/203111"}],"wp:attachment":[{"href":"https:\/\/www.rb-academy.it\/index.php?rest_route=%2Fwp%2Fv2%2Fmedia&parent=201494"}],"wp:term":[{"taxonomy":"product_cat","embeddable":true,"href":"https:\/\/www.rb-academy.it\/index.php?rest_route=%2Fwp%2Fv2%2Fproduct_cat&post=201494"},{"taxonomy":"product_tag","embeddable":true,"href":"https:\/\/www.rb-academy.it\/index.php?rest_route=%2Fwp%2Fv2%2Fproduct_tag&post=201494"}],"curies":[{"name":"wp","href":"https:\/\/api.w.org\/{rel}","templated":true}]}}