{"id":201498,"date":"2022-02-28T16:09:43","date_gmt":"2022-02-28T14:09:43","guid":{"rendered":"https:\/\/www.rb-academy.it\/corsi\/senza-categoria\/corso-di-lingua-inglese-livello-b1\/"},"modified":"2025-03-27T13:38:40","modified_gmt":"2025-03-27T11:38:40","slug":"corso-di-lingua-inglese-livello-b1","status":"publish","type":"product","link":"https:\/\/www.rb-academy.it\/?product=corso-di-lingua-inglese-livello-b1","title":{"rendered":"Corso di Lingua Inglese &#8211; Livello B1"},"content":{"rendered":"<p>L\u2019inglese \u00e8 una delle lingue pi\u00f9 diffuse e pi\u00f9 utilizzate per comunicare in ogni situazione; la sua conoscenza diventa quindi un requisito fondamentale per la comunicazione e l\u2019interazione internazionale nonch\u00e9 per il mondo del lavoro dove, spesso, \u00e8 espressamente richiesta.<br \/>Impara la lingua Inglese attraverso il corso proposto da Lezione-online tenuto da un&#8217;insegnante specializzata nell&#8217;insegnamento della lingua ad utenti madrelingua italiana; i dialoghi e gli esempi vengono tutti letti da un docente madrelingua inglese per abituare l&#8217;utente alla corretta pronuncia dei termini.<\/p>\n<p><\/p>\n<p>Durata totale: 40 ore<\/p>\n","protected":false},"excerpt":{"rendered":"<p>L\u2019inglese \u00e8 una delle lingue pi\u00f9 diffuse e pi\u00f9 utilizzate per comunicare in ogni situazione; la sua conoscenza diventa quindi un requisito fondamentale per la comunicazione e l\u2019interazione internazionale nonch\u00e9 per il mondo del lavoro dove, spesso, \u00e8 espressamente richiesta. Impara la lingua Inglese attraverso il corso proposto da Lezione-online tenuto da un&#8217;insegnante specializzata nell&#8217;insegnamento [&hellip;]<\/p>\n","protected":false},"featured_media":201179,"template":"","meta":[],"product_cat":[1036],"product_tag":[],"class_list":{"0":"post-201498","1":"product","2":"type-product","3":"status-publish","4":"has-post-thumbnail","6":"product_cat-inglese-2","8":"first","9":"instock","10":"taxable","11":"shipping-taxable","12":"purchasable","13":"product-type-simple"},"_links":{"self":[{"href":"https:\/\/www.rb-academy.it\/index.php?rest_route=\/wp\/v2\/product\/201498","targetHints":{"allow":["GET"]}}],"collection":[{"href":"https:\/\/www.rb-academy.it\/index.php?rest_route=\/wp\/v2\/product"}],"about":[{"href":"https:\/\/www.rb-academy.it\/index.php?rest_route=\/wp\/v2\/types\/product"}],"wp:featuredmedia":[{"embeddable":true,"href":"https:\/\/www.rb-academy.it\/index.php?rest_route=\/wp\/v2\/media\/201179"}],"wp:attachment":[{"href":"https:\/\/www.rb-academy.it\/index.php?rest_route=%2Fwp%2Fv2%2Fmedia&parent=201498"}],"wp:term":[{"taxonomy":"product_cat","embeddable":true,"href":"https:\/\/www.rb-academy.it\/index.php?rest_route=%2Fwp%2Fv2%2Fproduct_cat&post=201498"},{"taxonomy":"product_tag","embeddable":true,"href":"https:\/\/www.rb-academy.it\/index.php?rest_route=%2Fwp%2Fv2%2Fproduct_tag&post=201498"}],"curies":[{"name":"wp","href":"https:\/\/api.w.org\/{rel}","templated":true}]}}