{"id":201506,"date":"2022-02-28T16:09:48","date_gmt":"2022-02-28T14:09:48","guid":{"rendered":"https:\/\/www.rb-academy.it\/corsi\/senza-categoria\/corso-di-dizione-avanzato\/"},"modified":"2025-03-27T13:38:41","modified_gmt":"2025-03-27T11:38:41","slug":"corso-di-dizione-avanzato","status":"publish","type":"product","link":"https:\/\/www.rb-academy.it\/?product=corso-di-dizione-avanzato","title":{"rendered":"Corso di Dizione avanzato"},"content":{"rendered":"<p>Quante volte, guardando un film o una serie tv, sei rimasto affascinato dalla voce pulita ed elegante di un attore? Un suono cos\u00ec chiaro, comprensibile e pulito tanto da farti domandare come sia possibile emetterlo.<\/p>\n<p><\/p>\n<p>Grazie al corso di dizione avanzato avrai la possibilit\u00e0 di consolidare le regole gi\u00e0 acquisite attraverso esercitazioni pratiche, sia grafiche che sonore. Un secondo passo che ti condurr\u00e0 verso la corretta pronuncia delle parole della splendida, ma complessa, lingua italiana.<\/p>\n<p><\/p>\n<p>Sarai introdotto al metodo ortofonico imitativo, che rappresenta il mix perfetto tra la teoria e la pratica. All\u2019interno delle lezioni dovrai, infatti, ascoltare come la docente pronuncia determinate parole e ripeterle il pi\u00f9 uguale possibile.<\/p>\n<p><\/p>\n<p>Allena i muscoli della bocca e impara a pronunciare correttamente, in modo grazioso e accattivante ogni tipo di vocale o consonante, come un vero attore!<\/p>\n<p><\/p>\n<p>Durata totale: 10 ore<\/p>\n","protected":false},"excerpt":{"rendered":"<p>Quante volte, guardando un film o una serie tv, sei rimasto affascinato dalla voce pulita ed elegante di un attore? Un suono cos\u00ec chiaro, comprensibile e pulito tanto da farti domandare come sia possibile emetterlo. Grazie al corso di dizione avanzato avrai la possibilit\u00e0 di consolidare le regole gi\u00e0 acquisite attraverso esercitazioni pratiche, sia grafiche [&hellip;]<\/p>\n","protected":false},"featured_media":203114,"template":"","meta":[],"product_cat":[1120],"product_tag":[],"class_list":{"0":"post-201506","1":"product","2":"type-product","3":"status-publish","4":"has-post-thumbnail","6":"product_cat-dizione","8":"first","9":"instock","10":"taxable","11":"shipping-taxable","12":"purchasable","13":"product-type-simple"},"_links":{"self":[{"href":"https:\/\/www.rb-academy.it\/index.php?rest_route=\/wp\/v2\/product\/201506","targetHints":{"allow":["GET"]}}],"collection":[{"href":"https:\/\/www.rb-academy.it\/index.php?rest_route=\/wp\/v2\/product"}],"about":[{"href":"https:\/\/www.rb-academy.it\/index.php?rest_route=\/wp\/v2\/types\/product"}],"wp:featuredmedia":[{"embeddable":true,"href":"https:\/\/www.rb-academy.it\/index.php?rest_route=\/wp\/v2\/media\/203114"}],"wp:attachment":[{"href":"https:\/\/www.rb-academy.it\/index.php?rest_route=%2Fwp%2Fv2%2Fmedia&parent=201506"}],"wp:term":[{"taxonomy":"product_cat","embeddable":true,"href":"https:\/\/www.rb-academy.it\/index.php?rest_route=%2Fwp%2Fv2%2Fproduct_cat&post=201506"},{"taxonomy":"product_tag","embeddable":true,"href":"https:\/\/www.rb-academy.it\/index.php?rest_route=%2Fwp%2Fv2%2Fproduct_tag&post=201506"}],"curies":[{"name":"wp","href":"https:\/\/api.w.org\/{rel}","templated":true}]}}