{"id":201510,"date":"2022-02-28T16:09:50","date_gmt":"2022-02-28T14:09:50","guid":{"rendered":"https:\/\/www.rb-academy.it\/corsi\/senza-categoria\/corso-intermedio-di-lingua-spagnola\/"},"modified":"2025-03-27T13:38:42","modified_gmt":"2025-03-27T11:38:42","slug":"corso-intermedio-di-lingua-spagnola","status":"publish","type":"product","link":"https:\/\/www.rb-academy.it\/?product=corso-intermedio-di-lingua-spagnola","title":{"rendered":"Corso intermedio di Lingua Spagnola"},"content":{"rendered":"<p>Imparare lo spagnolo sar\u00e0 sempre pi\u00f9 importante nel nostro futuro: \u00e8 la seconda lingua pi\u00f9 parlata al mondo ed \u00e8 la prima lingua in 21 paesi tra cui ovviamente Spagna e America Latina.<\/p>\n<p><\/p>\n<p>Alla conclusione di questo corso di lingua spagnola sarai in grado di comunicare con milioni di persone, viaggiare e utilizzare la lingua anche nel mondo del lavoro.<\/p>\n<p><\/p>\n<p>Durata totale: 35 ore<\/p>\n","protected":false},"excerpt":{"rendered":"<p>Imparare lo spagnolo sar\u00e0 sempre pi\u00f9 importante nel nostro futuro: \u00e8 la seconda lingua pi\u00f9 parlata al mondo ed \u00e8 la prima lingua in 21 paesi tra cui ovviamente Spagna e America Latina. Alla conclusione di questo corso di lingua spagnola sarai in grado di comunicare con milioni di persone, viaggiare e utilizzare la lingua [&hellip;]<\/p>\n","protected":false},"featured_media":201509,"template":"","meta":[],"product_cat":[1038],"product_tag":[],"class_list":{"0":"post-201510","1":"product","2":"type-product","3":"status-publish","4":"has-post-thumbnail","6":"product_cat-spagnolo-2","8":"first","9":"instock","10":"taxable","11":"shipping-taxable","12":"purchasable","13":"product-type-simple"},"_links":{"self":[{"href":"https:\/\/www.rb-academy.it\/index.php?rest_route=\/wp\/v2\/product\/201510","targetHints":{"allow":["GET"]}}],"collection":[{"href":"https:\/\/www.rb-academy.it\/index.php?rest_route=\/wp\/v2\/product"}],"about":[{"href":"https:\/\/www.rb-academy.it\/index.php?rest_route=\/wp\/v2\/types\/product"}],"wp:featuredmedia":[{"embeddable":true,"href":"https:\/\/www.rb-academy.it\/index.php?rest_route=\/wp\/v2\/media\/201509"}],"wp:attachment":[{"href":"https:\/\/www.rb-academy.it\/index.php?rest_route=%2Fwp%2Fv2%2Fmedia&parent=201510"}],"wp:term":[{"taxonomy":"product_cat","embeddable":true,"href":"https:\/\/www.rb-academy.it\/index.php?rest_route=%2Fwp%2Fv2%2Fproduct_cat&post=201510"},{"taxonomy":"product_tag","embeddable":true,"href":"https:\/\/www.rb-academy.it\/index.php?rest_route=%2Fwp%2Fv2%2Fproduct_tag&post=201510"}],"curies":[{"name":"wp","href":"https:\/\/api.w.org\/{rel}","templated":true}]}}