{"id":201513,"date":"2022-02-28T16:09:50","date_gmt":"2022-02-28T14:09:50","guid":{"rendered":"https:\/\/www.rb-academy.it\/corsi\/senza-categoria\/corso-sui-fiori-di-bach\/"},"modified":"2025-03-27T13:38:42","modified_gmt":"2025-03-27T11:38:42","slug":"corso-sui-fiori-di-bach","status":"publish","type":"product","link":"https:\/\/www.rb-academy.it\/?product=corso-sui-fiori-di-bach","title":{"rendered":"Corso sui Fiori di Bach"},"content":{"rendered":"<p>Corso sui Fiori di Bach.<br \/>&#8220;Tutta la VERA CONOSCENZA viene SOLO dall\u2019INTERNO DI NOI STESSI, in silenziosa comunicazione con la nostra Anima. Dottrine e civilizzazioni ci hanno derubato del SILENZIO, ci hanno derubato della conoscenza che NOI RICONOSCIAMO TUTTA IN NOI STESSI. Siamo stati portati a credere che noi dobbiamo essere istruiti dagli altri, e che il nostro s\u00e9 spirituale sia diventato SOMMERSO.&#8221; Edward Bach.<\/p>\n<p><\/p>\n<p>I rimedi scoperti da questo uomo (medico, ricercatore, scienziato, scopritore del secolo scorso), restituiscono ad ognuno di noi la responsabilit\u00e0 della propria esistenza, intesa come CAPACITA\u2019 DI RESPONSO, di risposte a tutte le domande che, di fronte ai periodi difficili che siamo chiamati ad affrontare, emergono dal nostro interno: perch\u00e9 provo questa rabbia, perch\u00e9 ho paura, perch\u00e9 non mi ascolta nessuno, perch\u00e9 proprio a me, ecc&#8230;<\/p>\n<p><\/p>\n<p>Secondo Bach e secondo tutta quella medicina che ha un approccio olistico verso l\u2019uomo, la malattia \u00e8 data da una disarmonia tra la nostra essenza, il S\u00e9 Superiore come lui lo chiama, e il nostro livello di consapevolezza, ristretta all\u2019immagine che ci siamo abituati a vedere di noi stessi. Se quest\u2019ultima non \u00e8 abbastanza evoluta saremo condizionati dai nostri limiti interiori che bloccheranno la nostra energia vitale, causando la malattia. Questa sar\u00e0 quindi un grande aiuto per noi per capire quale lezione stiamo ignorando, cosa dobbiamo ancora imparare nella scuola della vita per poter allargare i nostri orizzonti. I fiori di Bach ci aiutano a metterci in contatto con quelle parti di noi che stiamo dimenticando, ci aiutano ad &#8220;alzare il volume&#8221; della nostra voce interiore, superando i limiti della paura che sempre nascono da noi stessi e solo noi abbiamo la facolt\u00e0 di abbattere.<\/p>\n<p><\/p>\n<p>Siamo ESSERI LIBERI perch\u00e9 la nostra evoluzione, il nostro stato di benessere dipende solo dalla conoscenza e coscienza di noi stessi. Siamo ESSERI DIVINI perch\u00e9 abbiamo la capacit\u00e0 di creare i nostri mondi, di cambiarli; abbiamo dentro di noi i misteri dell\u2019eternit\u00e0, dell\u2019infinito che ci portano a comprendere che c\u2019\u00e8 sempre un aldil\u00e0 oltre l\u2019orizzonte che riusciamo a vedere; abbiamo sempre la possibilit\u00e0 di superare noi stessi e ampliare la nostra consapevolezza e dall\u2019Universo tornare verso l\u2019Uno.<\/p>\n<p><\/p>\n<p>Bach, attraverso i suoi rimedi, ha voluto offrire un aiuto per ridare voce a questa parte di noi, libera, divina, consapevole di se stessa e capace di superare qualunque difficolt\u00e0.<\/p>\n<p><\/p>\n<p>Durata totale: 20 ore<\/p>\n","protected":false},"excerpt":{"rendered":"<p>Corso sui Fiori di Bach. &#8220;Tutta la VERA CONOSCENZA viene SOLO dall\u2019INTERNO DI NOI STESSI, in silenziosa comunicazione con la nostra Anima. Dottrine e civilizzazioni ci hanno derubato del SILENZIO, ci hanno derubato della conoscenza che NOI RICONOSCIAMO TUTTA IN NOI STESSI. Siamo stati portati a credere che noi dobbiamo essere istruiti dagli altri, e [&hellip;]<\/p>\n","protected":false},"featured_media":203115,"template":"","meta":[],"product_cat":[1055],"product_tag":[],"class_list":{"0":"post-201513","1":"product","2":"type-product","3":"status-publish","4":"has-post-thumbnail","6":"product_cat-medicina-olistica","8":"first","9":"instock","10":"taxable","11":"shipping-taxable","12":"purchasable","13":"product-type-simple"},"_links":{"self":[{"href":"https:\/\/www.rb-academy.it\/index.php?rest_route=\/wp\/v2\/product\/201513","targetHints":{"allow":["GET"]}}],"collection":[{"href":"https:\/\/www.rb-academy.it\/index.php?rest_route=\/wp\/v2\/product"}],"about":[{"href":"https:\/\/www.rb-academy.it\/index.php?rest_route=\/wp\/v2\/types\/product"}],"wp:featuredmedia":[{"embeddable":true,"href":"https:\/\/www.rb-academy.it\/index.php?rest_route=\/wp\/v2\/media\/203115"}],"wp:attachment":[{"href":"https:\/\/www.rb-academy.it\/index.php?rest_route=%2Fwp%2Fv2%2Fmedia&parent=201513"}],"wp:term":[{"taxonomy":"product_cat","embeddable":true,"href":"https:\/\/www.rb-academy.it\/index.php?rest_route=%2Fwp%2Fv2%2Fproduct_cat&post=201513"},{"taxonomy":"product_tag","embeddable":true,"href":"https:\/\/www.rb-academy.it\/index.php?rest_route=%2Fwp%2Fv2%2Fproduct_tag&post=201513"}],"curies":[{"name":"wp","href":"https:\/\/api.w.org\/{rel}","templated":true}]}}