{"id":201520,"date":"2022-02-28T16:09:52","date_gmt":"2022-02-28T14:09:52","guid":{"rendered":"https:\/\/www.rb-academy.it\/corsi\/senza-categoria\/corso-sul-pacchetto-office-in-azienda\/"},"modified":"2025-03-27T13:38:42","modified_gmt":"2025-03-27T11:38:42","slug":"corso-sul-pacchetto-office-in-azienda","status":"publish","type":"product","link":"https:\/\/www.rb-academy.it\/?product=corso-sul-pacchetto-office-in-azienda","title":{"rendered":"Corso sul pacchetto Office 2013 per l&#8217;azienda"},"content":{"rendered":"<p>I programmi del pacchetto office sono ormai diffusissimi e li troviamo installati sulla maggior parte dei computer. Ogni giorno professionisti di ogni tipo si affidano a questi strumenti per svolgere attivit\u00e0 come: redigere documenti scritti, immettere dati, analizzare informazioni, preparare preventivi.<\/p>\n<p><\/p>\n<p>Questi strumenti vanno per\u00f2 saper usati con sufficiente destrezza: non ci si pu\u00f2 accontentare di una conoscenza superficiale e approssimativa, altrimenti il vantaggio nell\u2019utilizzare questi software risulterebbe inconsistente. \u00c8 vero, per\u00f2, che non \u00e8 necessario conoscere ogni singola possibilit\u00e0 messa a disposizione da questi programmi, dato che alcune di esse vengono applicate solo in situazioni particolari e poco frequenti. Fondamentale \u00e8, quindi, capire cosa pu\u00f2 fare e non fare ognuno di questi programmi. Una volta capito ci\u00f2 avremo un quadro pi\u00f9 completo e sapremo quando usare Word piuttosto che PowerPoint, oppure Access al posto di Excel.<\/p>\n<p><\/p>\n<p>La versione di riferimento che verr\u00e0 utilizzata durante il corso \u00e8 la 2013. Dobbiamo per\u00f2 sottolineare il fatto che fra questa versione e le due precedenti, 2010 e 2007, le differenze non siano sostanziali, anche se la potenza di calcolo dei software \u00e8 stata aumentata e sono sparite alcune imprecisioni.<\/p>\n<p><\/p>\n<p>Durata totale: 25 ore<\/p>\n","protected":false},"excerpt":{"rendered":"<p>I programmi del pacchetto office sono ormai diffusissimi e li troviamo installati sulla maggior parte dei computer. Ogni giorno professionisti di ogni tipo si affidano a questi strumenti per svolgere attivit\u00e0 come: redigere documenti scritti, immettere dati, analizzare informazioni, preparare preventivi. Questi strumenti vanno per\u00f2 saper usati con sufficiente destrezza: non ci si pu\u00f2 accontentare [&hellip;]<\/p>\n","protected":false},"featured_media":201519,"template":"","meta":[],"product_cat":[1016],"product_tag":[],"class_list":{"0":"post-201520","1":"product","2":"type-product","3":"status-publish","4":"has-post-thumbnail","6":"product_cat-microsoft-2","8":"first","9":"instock","10":"taxable","11":"shipping-taxable","12":"purchasable","13":"product-type-simple"},"_links":{"self":[{"href":"https:\/\/www.rb-academy.it\/index.php?rest_route=\/wp\/v2\/product\/201520","targetHints":{"allow":["GET"]}}],"collection":[{"href":"https:\/\/www.rb-academy.it\/index.php?rest_route=\/wp\/v2\/product"}],"about":[{"href":"https:\/\/www.rb-academy.it\/index.php?rest_route=\/wp\/v2\/types\/product"}],"wp:featuredmedia":[{"embeddable":true,"href":"https:\/\/www.rb-academy.it\/index.php?rest_route=\/wp\/v2\/media\/201519"}],"wp:attachment":[{"href":"https:\/\/www.rb-academy.it\/index.php?rest_route=%2Fwp%2Fv2%2Fmedia&parent=201520"}],"wp:term":[{"taxonomy":"product_cat","embeddable":true,"href":"https:\/\/www.rb-academy.it\/index.php?rest_route=%2Fwp%2Fv2%2Fproduct_cat&post=201520"},{"taxonomy":"product_tag","embeddable":true,"href":"https:\/\/www.rb-academy.it\/index.php?rest_route=%2Fwp%2Fv2%2Fproduct_tag&post=201520"}],"curies":[{"name":"wp","href":"https:\/\/api.w.org\/{rel}","templated":true}]}}