{"id":201522,"date":"2022-02-28T16:09:52","date_gmt":"2022-02-28T14:09:52","guid":{"rendered":"https:\/\/www.rb-academy.it\/corsi\/senza-categoria\/corso-di-autocad-2d-2014\/"},"modified":"2025-03-27T13:38:42","modified_gmt":"2025-03-27T11:38:42","slug":"corso-di-autocad-2d-2014","status":"publish","type":"product","link":"https:\/\/www.rb-academy.it\/?product=corso-di-autocad-2d-2014","title":{"rendered":"Corso di Autocad 2D 2014"},"content":{"rendered":"<p>AutoCAD \u00e8 il software di disegno tecnico leader nel settore del CAD 3D e 2D e dei software di progettazione, disegno, modellazione, disegno architettonico e ingegnerizzazione. E&#8217; un programma che viene molto usato anche nelle scuole in virt\u00f9 delle sue innumerevoli funzioni e opzioni che si possono sviluppare.<\/p>\n<p><\/p>\n<p>Il corso di AutoCAD 2014 proposto si caratterizza per completezza e per livello di approfondimento. Si trattano tutti gli argomenti 2D, dagli strumenti di lavoro a quelli di modifica dei disegni, dalle quotature ai riferimenti esterni e ai blocchi dinamici. Le videolezioni, di supporto alle lezioni teoriche, affrontano esercizi pratici svolti attraverso il software e rappresentano uno strumento didattico fondamentale che permette all&#8217;utente di conoscere ed utilizzare le tantissime opzioni e possibilit\u00e0 che offre AutoCAD. Esercitazioni prese dalla realt\u00e0 e chiarezza espositiva fanno di questo corso una vera novit\u00e0 nel campo della formazione relativa al cad, cio\u00e8 al disegno tecnico riferito all\u2019ambito architettonico, a quello dell\u2019arredamento e a quello tipicamente produttivo di tipo meccanico.<\/p>\n<p><\/p>\n<p>Durata totale: 35 ore<\/p>\n","protected":false},"excerpt":{"rendered":"<p>AutoCAD \u00e8 il software di disegno tecnico leader nel settore del CAD 3D e 2D e dei software di progettazione, disegno, modellazione, disegno architettonico e ingegnerizzazione. E&#8217; un programma che viene molto usato anche nelle scuole in virt\u00f9 delle sue innumerevoli funzioni e opzioni che si possono sviluppare. Il corso di AutoCAD 2014 proposto si [&hellip;]<\/p>\n","protected":false},"featured_media":201521,"template":"","meta":[],"product_cat":[1083],"product_tag":[],"class_list":{"0":"post-201522","1":"product","2":"type-product","3":"status-publish","4":"has-post-thumbnail","6":"product_cat-disegno-tecnico","8":"first","9":"instock","10":"taxable","11":"shipping-taxable","12":"purchasable","13":"product-type-simple"},"_links":{"self":[{"href":"https:\/\/www.rb-academy.it\/index.php?rest_route=\/wp\/v2\/product\/201522","targetHints":{"allow":["GET"]}}],"collection":[{"href":"https:\/\/www.rb-academy.it\/index.php?rest_route=\/wp\/v2\/product"}],"about":[{"href":"https:\/\/www.rb-academy.it\/index.php?rest_route=\/wp\/v2\/types\/product"}],"wp:featuredmedia":[{"embeddable":true,"href":"https:\/\/www.rb-academy.it\/index.php?rest_route=\/wp\/v2\/media\/201521"}],"wp:attachment":[{"href":"https:\/\/www.rb-academy.it\/index.php?rest_route=%2Fwp%2Fv2%2Fmedia&parent=201522"}],"wp:term":[{"taxonomy":"product_cat","embeddable":true,"href":"https:\/\/www.rb-academy.it\/index.php?rest_route=%2Fwp%2Fv2%2Fproduct_cat&post=201522"},{"taxonomy":"product_tag","embeddable":true,"href":"https:\/\/www.rb-academy.it\/index.php?rest_route=%2Fwp%2Fv2%2Fproduct_tag&post=201522"}],"curies":[{"name":"wp","href":"https:\/\/api.w.org\/{rel}","templated":true}]}}