{"id":201529,"date":"2022-02-28T16:09:53","date_gmt":"2022-02-28T14:09:53","guid":{"rendered":"https:\/\/www.rb-academy.it\/corsi\/senza-categoria\/corso-di-gestione-del-tempo\/"},"modified":"2025-03-27T13:38:44","modified_gmt":"2025-03-27T11:38:44","slug":"corso-di-gestione-del-tempo","status":"publish","type":"product","link":"https:\/\/www.rb-academy.it\/?product=corso-di-gestione-del-tempo","title":{"rendered":"Corso di Gestione del Tempo"},"content":{"rendered":"<p>\u201cSono stanco\u201d, \u201cNon ce la faccio pi\u00f9\u201d, \u201cNon ce la faccio con il tempo\u201d, \u201cDove trovo il tempo per fare anche questo?\u201d.<br \/>Quante volte abbiamo pronunciato queste frasi?<br \/>Utilizzare il tempo in maniera efficace ed efficiente significa adottare una forma mentis ed utilizzare tecniche appropriate, quelle che utilizzano i manager, i politici, ma pi\u00f9 in generale tutti coloro che, a prescindere dall\u2019attivit\u00e0 e dalla situazione sociale ed economica, non hanno tempo da perdere e vogliono raggiungere i propri obiettivi. Il corso vi insegner\u00e0 a gestire il tempo per raggiungere i vostri obiettivi professionali e\/o personali; vi verr\u00e0 spiegato concretamente come essere pi\u00f9 produttivi, come organizzare le vostre attivit\u00e0 per importanza, come individuare e gestire tutti i ladri di tempo, cio\u00e8 quelle caratteristiche nostre personali oppure quei fattori esterni che ci sottraggono tempo e ci distolgono dalle cose davvero decisive per noi.<\/p>\n<p><\/p>\n<p>Il corso presenta tecniche, metodologie e consigli per la gestione del proprio tempo. Tutte le tecniche e le metodologie vengono spiegate con l&#8217;ausilio di esempi pratici e reali. Per ogni ladro di tempo vengono fornite almeno tre indicazioni operative per gestirlo al meglio.<\/p>\n<p><\/p>\n<p>Non appena terminato il corso, avrete tutti gli strumenti per ridurre a zero il tempo sprecato.<\/p>\n<p><\/p>\n<p>Durata totale: 15 ore<\/p>\n","protected":false},"excerpt":{"rendered":"<p>\u201cSono stanco\u201d, \u201cNon ce la faccio pi\u00f9\u201d, \u201cNon ce la faccio con il tempo\u201d, \u201cDove trovo il tempo per fare anche questo?\u201d. Quante volte abbiamo pronunciato queste frasi? Utilizzare il tempo in maniera efficace ed efficiente significa adottare una forma mentis ed utilizzare tecniche appropriate, quelle che utilizzano i manager, i politici, ma pi\u00f9 in [&hellip;]<\/p>\n","protected":false},"featured_media":203116,"template":"","meta":[],"product_cat":[1076],"product_tag":[],"class_list":{"0":"post-201529","1":"product","2":"type-product","3":"status-publish","4":"has-post-thumbnail","6":"product_cat-soft-skills","8":"first","9":"instock","10":"taxable","11":"shipping-taxable","12":"purchasable","13":"product-type-simple"},"_links":{"self":[{"href":"https:\/\/www.rb-academy.it\/index.php?rest_route=\/wp\/v2\/product\/201529","targetHints":{"allow":["GET"]}}],"collection":[{"href":"https:\/\/www.rb-academy.it\/index.php?rest_route=\/wp\/v2\/product"}],"about":[{"href":"https:\/\/www.rb-academy.it\/index.php?rest_route=\/wp\/v2\/types\/product"}],"wp:featuredmedia":[{"embeddable":true,"href":"https:\/\/www.rb-academy.it\/index.php?rest_route=\/wp\/v2\/media\/203116"}],"wp:attachment":[{"href":"https:\/\/www.rb-academy.it\/index.php?rest_route=%2Fwp%2Fv2%2Fmedia&parent=201529"}],"wp:term":[{"taxonomy":"product_cat","embeddable":true,"href":"https:\/\/www.rb-academy.it\/index.php?rest_route=%2Fwp%2Fv2%2Fproduct_cat&post=201529"},{"taxonomy":"product_tag","embeddable":true,"href":"https:\/\/www.rb-academy.it\/index.php?rest_route=%2Fwp%2Fv2%2Fproduct_tag&post=201529"}],"curies":[{"name":"wp","href":"https:\/\/api.w.org\/{rel}","templated":true}]}}