{"id":201533,"date":"2022-02-28T16:09:54","date_gmt":"2022-02-28T14:09:54","guid":{"rendered":"https:\/\/www.rb-academy.it\/corsi\/senza-categoria\/corso-di-lettura-espressiva\/"},"modified":"2025-03-27T13:38:45","modified_gmt":"2025-03-27T11:38:45","slug":"corso-di-lettura-espressiva","status":"publish","type":"product","link":"https:\/\/www.rb-academy.it\/?product=corso-di-lettura-espressiva","title":{"rendered":"Corso di Lettura Espressiva"},"content":{"rendered":"<p>Tutti noi possiamo leggere in modo espressivo, si sente spesso dire \u201cMa ho una brutta voce!\u201d non esistono voci \u201cbrutte\u201d, ma solo voci capaci di comunicare bene o male.<br \/>Il bravo lettore \u00e8 colui che leggendo in una stanza d\u00e0 l&#8217;impressione, a chi \u00e8 fuori , dell&#8217;assoluta autenticit\u00e0 di ci\u00f2 che sta dicendo, come se stesse formulando in quel momento i pensieri.<br \/>Per ben interpretare bisogna \u201centrare\u201d nel personaggio!<\/p>\n<p><\/p>\n<p>Durata totale: 20 ore<\/p>\n","protected":false},"excerpt":{"rendered":"<p>Tutti noi possiamo leggere in modo espressivo, si sente spesso dire \u201cMa ho una brutta voce!\u201d non esistono voci \u201cbrutte\u201d, ma solo voci capaci di comunicare bene o male. Il bravo lettore \u00e8 colui che leggendo in una stanza d\u00e0 l&#8217;impressione, a chi \u00e8 fuori , dell&#8217;assoluta autenticit\u00e0 di ci\u00f2 che sta dicendo, come se [&hellip;]<\/p>\n","protected":false},"featured_media":203118,"template":"","meta":[],"product_cat":[1070],"product_tag":[],"class_list":{"0":"post-201533","1":"product","2":"type-product","3":"status-publish","4":"has-post-thumbnail","6":"product_cat-linguaggio-e-comunicazione","8":"first","9":"instock","10":"taxable","11":"shipping-taxable","12":"purchasable","13":"product-type-simple"},"_links":{"self":[{"href":"https:\/\/www.rb-academy.it\/index.php?rest_route=\/wp\/v2\/product\/201533","targetHints":{"allow":["GET"]}}],"collection":[{"href":"https:\/\/www.rb-academy.it\/index.php?rest_route=\/wp\/v2\/product"}],"about":[{"href":"https:\/\/www.rb-academy.it\/index.php?rest_route=\/wp\/v2\/types\/product"}],"wp:featuredmedia":[{"embeddable":true,"href":"https:\/\/www.rb-academy.it\/index.php?rest_route=\/wp\/v2\/media\/203118"}],"wp:attachment":[{"href":"https:\/\/www.rb-academy.it\/index.php?rest_route=%2Fwp%2Fv2%2Fmedia&parent=201533"}],"wp:term":[{"taxonomy":"product_cat","embeddable":true,"href":"https:\/\/www.rb-academy.it\/index.php?rest_route=%2Fwp%2Fv2%2Fproduct_cat&post=201533"},{"taxonomy":"product_tag","embeddable":true,"href":"https:\/\/www.rb-academy.it\/index.php?rest_route=%2Fwp%2Fv2%2Fproduct_tag&post=201533"}],"curies":[{"name":"wp","href":"https:\/\/api.w.org\/{rel}","templated":true}]}}