{"id":201535,"date":"2022-02-28T16:09:54","date_gmt":"2022-02-28T14:09:54","guid":{"rendered":"https:\/\/www.rb-academy.it\/corsi\/senza-categoria\/corso-di-massaggio-neonatale\/"},"modified":"2025-03-27T13:38:45","modified_gmt":"2025-03-27T11:38:45","slug":"corso-di-massaggio-neonatale","status":"publish","type":"product","link":"https:\/\/www.rb-academy.it\/?product=corso-di-massaggio-neonatale","title":{"rendered":"Corso di Massaggio Neonatale"},"content":{"rendered":"<p>Con il massaggio infantile il bambino inizia a prendere coscienza del proprio corpo, sviluppa le difese immunitarie aumentando la resistenza alle malattie, migliora il ritmo sonno\/veglia e la digestione (il massaggio \u00e8 infatti un ottimo strumento contro le coliche).<br \/>Inoltre il massaggio \u00e8 un bellissimo modo con cui sia la mamma che il pap\u00e0 possono relazionarsi con il proprio bimbo, comunicando il loro affetto e la propria presenza attraverso il con-tatto.<\/p>\n<p><\/p>\n<p>Durata totale: 10 ore<\/p>\n","protected":false},"excerpt":{"rendered":"<p>Con il massaggio infantile il bambino inizia a prendere coscienza del proprio corpo, sviluppa le difese immunitarie aumentando la resistenza alle malattie, migliora il ritmo sonno\/veglia e la digestione (il massaggio \u00e8 infatti un ottimo strumento contro le coliche). Inoltre il massaggio \u00e8 un bellissimo modo con cui sia la mamma che il pap\u00e0 possono [&hellip;]<\/p>\n","protected":false},"featured_media":203119,"template":"","meta":[],"product_cat":[1132],"product_tag":[],"class_list":{"0":"post-201535","1":"product","2":"type-product","3":"status-publish","4":"has-post-thumbnail","6":"product_cat-massaggi","8":"first","9":"instock","10":"taxable","11":"shipping-taxable","12":"purchasable","13":"product-type-simple"},"_links":{"self":[{"href":"https:\/\/www.rb-academy.it\/index.php?rest_route=\/wp\/v2\/product\/201535","targetHints":{"allow":["GET"]}}],"collection":[{"href":"https:\/\/www.rb-academy.it\/index.php?rest_route=\/wp\/v2\/product"}],"about":[{"href":"https:\/\/www.rb-academy.it\/index.php?rest_route=\/wp\/v2\/types\/product"}],"wp:featuredmedia":[{"embeddable":true,"href":"https:\/\/www.rb-academy.it\/index.php?rest_route=\/wp\/v2\/media\/203119"}],"wp:attachment":[{"href":"https:\/\/www.rb-academy.it\/index.php?rest_route=%2Fwp%2Fv2%2Fmedia&parent=201535"}],"wp:term":[{"taxonomy":"product_cat","embeddable":true,"href":"https:\/\/www.rb-academy.it\/index.php?rest_route=%2Fwp%2Fv2%2Fproduct_cat&post=201535"},{"taxonomy":"product_tag","embeddable":true,"href":"https:\/\/www.rb-academy.it\/index.php?rest_route=%2Fwp%2Fv2%2Fproduct_tag&post=201535"}],"curies":[{"name":"wp","href":"https:\/\/api.w.org\/{rel}","templated":true}]}}