{"id":201545,"date":"2022-02-28T16:09:56","date_gmt":"2022-02-28T14:09:56","guid":{"rendered":"https:\/\/www.rb-academy.it\/corsi\/senza-categoria\/corso-di-project-management\/"},"modified":"2025-03-27T13:38:45","modified_gmt":"2025-03-27T11:38:45","slug":"corso-di-project-management","status":"publish","type":"product","link":"https:\/\/www.rb-academy.it\/?product=corso-di-project-management","title":{"rendered":"Corso di project management"},"content":{"rendered":"<p>Portare avanti un progetto \u00e8 come gettare le fondamenta di una casa: se sono solide durer\u00e0 nel tempo.<\/p>\n<p><\/p>\n<p>La gestione di un progetto \u00e8 un meticoloso lavoro di controllo, pianificazione, organizzazione, di redazione di documenti, valutazione dei rischi: nulla pu\u00f2 essere approssimativo e non definito, pena la mancata riuscita del progetto o una spesa economica esagerata.<br \/>Le variabili per la riuscita di un piano di lavoro sono molteplici ed \u00e8 necessario conoscere un metodo che pu\u00f2 essere replicabile e flessibile, che si pu\u00f2 insegnare ed \u00e8 basato sull\u2019esperienza e sulla soluzione creativa dei problemi.<br \/>Una volta conosciute le metodologie si pu\u00f2 decidere di approfondirne una ed applicarla ogni volta che si rende necessario portare avanti un progetto.<\/p>\n<p><\/p>\n<p>Durata totale: 20 ore<\/p>\n","protected":false},"excerpt":{"rendered":"<p>Portare avanti un progetto \u00e8 come gettare le fondamenta di una casa: se sono solide durer\u00e0 nel tempo. La gestione di un progetto \u00e8 un meticoloso lavoro di controllo, pianificazione, organizzazione, di redazione di documenti, valutazione dei rischi: nulla pu\u00f2 essere approssimativo e non definito, pena la mancata riuscita del progetto o una spesa economica [&hellip;]<\/p>\n","protected":false},"featured_media":201544,"template":"","meta":[],"product_cat":[1026],"product_tag":[],"class_list":{"0":"post-201545","1":"product","2":"type-product","3":"status-publish","4":"has-post-thumbnail","6":"product_cat-management-2","8":"first","9":"instock","10":"taxable","11":"shipping-taxable","12":"purchasable","13":"product-type-simple"},"_links":{"self":[{"href":"https:\/\/www.rb-academy.it\/index.php?rest_route=\/wp\/v2\/product\/201545","targetHints":{"allow":["GET"]}}],"collection":[{"href":"https:\/\/www.rb-academy.it\/index.php?rest_route=\/wp\/v2\/product"}],"about":[{"href":"https:\/\/www.rb-academy.it\/index.php?rest_route=\/wp\/v2\/types\/product"}],"wp:featuredmedia":[{"embeddable":true,"href":"https:\/\/www.rb-academy.it\/index.php?rest_route=\/wp\/v2\/media\/201544"}],"wp:attachment":[{"href":"https:\/\/www.rb-academy.it\/index.php?rest_route=%2Fwp%2Fv2%2Fmedia&parent=201545"}],"wp:term":[{"taxonomy":"product_cat","embeddable":true,"href":"https:\/\/www.rb-academy.it\/index.php?rest_route=%2Fwp%2Fv2%2Fproduct_cat&post=201545"},{"taxonomy":"product_tag","embeddable":true,"href":"https:\/\/www.rb-academy.it\/index.php?rest_route=%2Fwp%2Fv2%2Fproduct_tag&post=201545"}],"curies":[{"name":"wp","href":"https:\/\/api.w.org\/{rel}","templated":true}]}}