{"id":202451,"date":"2024-02-08T15:45:32","date_gmt":"2024-02-08T13:45:32","guid":{"rendered":"https:\/\/www.rb-academy.it\/corsi\/senza-categoria\/content-per-la-seo-contenuti-keyword-e-strategia\/"},"modified":"2025-03-27T13:37:42","modified_gmt":"2025-03-27T11:37:42","slug":"content-per-la-seo-contenuti-keyword-e-strategia","status":"publish","type":"product","link":"https:\/\/www.rb-academy.it\/?product=content-per-la-seo-contenuti-keyword-e-strategia","title":{"rendered":"Content per la SEO: contenuti, keyword e strategia"},"content":{"rendered":"<p>Scrivere correttamente e sapere dove posizionare le keyword all\u2019interno delle pagine web \u00e8 fondamentale.<\/p>\n<p><\/p>\n<p>Sai preparare una strategia di contenuto? Ti insegner\u00f2 a capire come ottimizzare le pagine, a scegliere le parole chiave pi\u00f9 adatte al tuo sito e a capire come analizzare la tua nicchia di mercato!<\/p>\n<p><\/p>\n<p>Iscriviti al corso e inizia subito a scegliere le keyword e a creare i contenuti pi\u00f9 giusti per le tue pagine!<\/p>\n<p><\/p>\n<p>Durata totale: 2 ore<\/p>\n","protected":false},"excerpt":{"rendered":"<p>Scrivere correttamente e sapere dove posizionare le keyword all\u2019interno delle pagine web \u00e8 fondamentale. Sai preparare una strategia di contenuto? Ti insegner\u00f2 a capire come ottimizzare le pagine, a scegliere le parole chiave pi\u00f9 adatte al tuo sito e a capire come analizzare la tua nicchia di mercato! Iscriviti al corso e inizia subito a [&hellip;]<\/p>\n","protected":false},"featured_media":202450,"template":"","meta":[],"product_cat":[1109],"product_tag":[],"class_list":{"0":"post-202451","1":"product","2":"type-product","3":"status-publish","4":"has-post-thumbnail","6":"product_cat-seo","8":"first","9":"instock","10":"taxable","11":"shipping-taxable","12":"purchasable","13":"product-type-simple"},"_links":{"self":[{"href":"https:\/\/www.rb-academy.it\/index.php?rest_route=\/wp\/v2\/product\/202451","targetHints":{"allow":["GET"]}}],"collection":[{"href":"https:\/\/www.rb-academy.it\/index.php?rest_route=\/wp\/v2\/product"}],"about":[{"href":"https:\/\/www.rb-academy.it\/index.php?rest_route=\/wp\/v2\/types\/product"}],"wp:featuredmedia":[{"embeddable":true,"href":"https:\/\/www.rb-academy.it\/index.php?rest_route=\/wp\/v2\/media\/202450"}],"wp:attachment":[{"href":"https:\/\/www.rb-academy.it\/index.php?rest_route=%2Fwp%2Fv2%2Fmedia&parent=202451"}],"wp:term":[{"taxonomy":"product_cat","embeddable":true,"href":"https:\/\/www.rb-academy.it\/index.php?rest_route=%2Fwp%2Fv2%2Fproduct_cat&post=202451"},{"taxonomy":"product_tag","embeddable":true,"href":"https:\/\/www.rb-academy.it\/index.php?rest_route=%2Fwp%2Fv2%2Fproduct_tag&post=202451"}],"curies":[{"name":"wp","href":"https:\/\/api.w.org\/{rel}","templated":true}]}}