{"id":202453,"date":"2024-02-08T15:45:32","date_gmt":"2024-02-08T13:45:32","guid":{"rendered":"https:\/\/www.rb-academy.it\/corsi\/senza-categoria\/corso-completo-sugli-investimenti-sul-vino\/"},"modified":"2025-03-27T13:37:43","modified_gmt":"2025-03-27T11:37:43","slug":"corso-completo-sugli-investimenti-sul-vino","status":"publish","type":"product","link":"https:\/\/www.rb-academy.it\/?product=corso-completo-sugli-investimenti-sul-vino","title":{"rendered":"Corso completo sugli investimenti sul Vino"},"content":{"rendered":"<p>L&#8217;investimento nel vino non riguarda solo la raccolta di bottiglie pregiate, ma \u00e8 un universo complesso che richiede una comprensione approfondita dei mercati, della produzione vinicola e delle tendenze del settore. Questo corso \u00e8 progettato sia per principianti che per investitori che hanno gi\u00e0 una certa esperienza che vogliono scoprire e sfruttare le opportunit\u00e0 offerte da questo mercato unico.<\/p>\n<p><\/p>\n<p>Durante questo corso imparerai i segreti degli investimenti vinicoli, partendo dalle basi fondamentali fino ad arrivare alla costruzione di strategie pi\u00f9 avanzate. Approfondiremo argomenti come l&#8217;analisi del mercato del vino, l&#8217;identificazione delle bottiglie pregiate, la conservazione ottimale e la valutazione delle potenziali opportunit\u00e0 di investimento.<\/p>\n<p><\/p>\n<p>Inoltre, analizzeremo le tendenze attuali nel mercato del vino, inclusi i cambiamenti nel comportamento dei consumatori, l&#8217;impatto del clima e le prospettive future del settore, fornendo una visione a 360 gradi dell&#8217;industria vinicola.<br \/>Il corso non si limita all&#8217;aspetto teorico, ma offre anche consigli pratici su come iniziare a investire nel vino, considerando l&#8217;accesso alle risorse, la gestione del rischio e le strategie di acquisto e vendita.<br \/>Al termine del corso, sarai in grado di valutare il potenziale di investimento delle bottiglie di vino, costruire un portafoglio vinicolo e comprendere i fattori chiave che possono condizionare il successo degli investimenti vinicoli.<\/p>\n<p><\/p>\n<p>Iscrivi al corso e inizia subito ad approfondire tutte le caratteristiche del mercato degli investimenti sul Vino!<\/p>\n<p><\/p>\n<p>Esclusione di responsabilit\u00e0 legale:<br \/>Il docente e la piattaforma non hanno alcuna responsabilit\u00e0 nei confronti delle attivit\u00e0 d\u2019investimento intraprese dagli utenti del corso.<\/p>\n<p><\/p>\n<p>Durata totale: 4 ore<\/p>\n","protected":false},"excerpt":{"rendered":"<p>L&#8217;investimento nel vino non riguarda solo la raccolta di bottiglie pregiate, ma \u00e8 un universo complesso che richiede una comprensione approfondita dei mercati, della produzione vinicola e delle tendenze del settore. Questo corso \u00e8 progettato sia per principianti che per investitori che hanno gi\u00e0 una certa esperienza che vogliono scoprire e sfruttare le opportunit\u00e0 offerte [&hellip;]<\/p>\n","protected":false},"featured_media":202452,"template":"","meta":[],"product_cat":[1067],"product_tag":[],"class_list":{"0":"post-202453","1":"product","2":"type-product","3":"status-publish","4":"has-post-thumbnail","6":"product_cat-finanza-e-trading","8":"first","9":"instock","10":"taxable","11":"shipping-taxable","12":"purchasable","13":"product-type-simple"},"_links":{"self":[{"href":"https:\/\/www.rb-academy.it\/index.php?rest_route=\/wp\/v2\/product\/202453","targetHints":{"allow":["GET"]}}],"collection":[{"href":"https:\/\/www.rb-academy.it\/index.php?rest_route=\/wp\/v2\/product"}],"about":[{"href":"https:\/\/www.rb-academy.it\/index.php?rest_route=\/wp\/v2\/types\/product"}],"wp:featuredmedia":[{"embeddable":true,"href":"https:\/\/www.rb-academy.it\/index.php?rest_route=\/wp\/v2\/media\/202452"}],"wp:attachment":[{"href":"https:\/\/www.rb-academy.it\/index.php?rest_route=%2Fwp%2Fv2%2Fmedia&parent=202453"}],"wp:term":[{"taxonomy":"product_cat","embeddable":true,"href":"https:\/\/www.rb-academy.it\/index.php?rest_route=%2Fwp%2Fv2%2Fproduct_cat&post=202453"},{"taxonomy":"product_tag","embeddable":true,"href":"https:\/\/www.rb-academy.it\/index.php?rest_route=%2Fwp%2Fv2%2Fproduct_tag&post=202453"}],"curies":[{"name":"wp","href":"https:\/\/api.w.org\/{rel}","templated":true}]}}