{"id":202463,"date":"2024-02-08T15:45:33","date_gmt":"2024-02-08T13:45:33","guid":{"rendered":"https:\/\/www.rb-academy.it\/corsi\/senza-categoria\/corso-base-di-pittura-ad-olio\/"},"modified":"2025-03-27T13:37:43","modified_gmt":"2025-03-27T11:37:43","slug":"corso-base-di-pittura-ad-olio","status":"publish","type":"product","link":"https:\/\/www.rb-academy.it\/?product=corso-base-di-pittura-ad-olio","title":{"rendered":"Corso base di Pittura a olio"},"content":{"rendered":"<p>La pittura a olio \u00e8 una tecnica pittorica con pigmenti che utilizza un olio essiccante come legante. Tutti coloro che iniziano un percorso artistico prima o poi avvertiranno l&#8217;esigenza o la curiosit\u00e0 di confrontarsi con questa fantastica tecnica pittorica.<\/p>\n<p><\/p>\n<p>Questo corso \u00e8 progettato per permettere a chiunque, sia neofiti che utenti con alle spalle gi\u00e0 un&#8217;esperienza artistica, di acquisire le tecniche base e i fondamenti della pittura ad olio.<\/p>\n<p><\/p>\n<p>Attraverso videolezioni pratiche che ti guideranno passo passo, acquisirai le conoscenze essenziali per dipingere ad olio. Conoscerai quali sono gli strumenti indispensabili, imparerai le tecniche di miscelazione dei colori, la gestione dei pennelli, la creazione di campiture, sfumature e sovrapposizioni e potrai esercitarti nella realizzazione di un&#8217;intera opera.<\/p>\n<p><\/p>\n<p>Iscriviti al corso e inizia subito il tuo percorso nell&#8217;arte della pittura a olio!<\/p>\n<p><\/p>\n<p>Durata totale: 10 ore<\/p>\n","protected":false},"excerpt":{"rendered":"<p>La pittura a olio \u00e8 una tecnica pittorica con pigmenti che utilizza un olio essiccante come legante. Tutti coloro che iniziano un percorso artistico prima o poi avvertiranno l&#8217;esigenza o la curiosit\u00e0 di confrontarsi con questa fantastica tecnica pittorica. Questo corso \u00e8 progettato per permettere a chiunque, sia neofiti che utenti con alle spalle gi\u00e0 [&hellip;]<\/p>\n","protected":false},"featured_media":202462,"template":"","meta":[],"product_cat":[1062],"product_tag":[],"class_list":{"0":"post-202463","1":"product","2":"type-product","3":"status-publish","4":"has-post-thumbnail","6":"product_cat-pittura","8":"first","9":"instock","10":"taxable","11":"shipping-taxable","12":"purchasable","13":"product-type-simple"},"_links":{"self":[{"href":"https:\/\/www.rb-academy.it\/index.php?rest_route=\/wp\/v2\/product\/202463","targetHints":{"allow":["GET"]}}],"collection":[{"href":"https:\/\/www.rb-academy.it\/index.php?rest_route=\/wp\/v2\/product"}],"about":[{"href":"https:\/\/www.rb-academy.it\/index.php?rest_route=\/wp\/v2\/types\/product"}],"wp:featuredmedia":[{"embeddable":true,"href":"https:\/\/www.rb-academy.it\/index.php?rest_route=\/wp\/v2\/media\/202462"}],"wp:attachment":[{"href":"https:\/\/www.rb-academy.it\/index.php?rest_route=%2Fwp%2Fv2%2Fmedia&parent=202463"}],"wp:term":[{"taxonomy":"product_cat","embeddable":true,"href":"https:\/\/www.rb-academy.it\/index.php?rest_route=%2Fwp%2Fv2%2Fproduct_cat&post=202463"},{"taxonomy":"product_tag","embeddable":true,"href":"https:\/\/www.rb-academy.it\/index.php?rest_route=%2Fwp%2Fv2%2Fproduct_tag&post=202463"}],"curies":[{"name":"wp","href":"https:\/\/api.w.org\/{rel}","templated":true}]}}