{"id":202481,"date":"2024-02-08T15:45:36","date_gmt":"2024-02-08T13:45:36","guid":{"rendered":"https:\/\/www.rb-academy.it\/corsi\/senza-categoria\/corso-di-pittura-acrilico-per-principianti\/"},"modified":"2024-02-08T15:45:36","modified_gmt":"2024-02-08T13:45:36","slug":"corso-di-pittura-acrilico-per-principianti","status":"publish","type":"product","link":"https:\/\/www.rb-academy.it\/?product=corso-di-pittura-acrilico-per-principianti","title":{"rendered":"Corso di Pittura Acrilico per Principianti"},"content":{"rendered":"<p>Entra nel mondo della pittura acrilica con il nostro Corso di Pittura Acrilico per Principianti!<\/p>\n<p><\/p>\n<p>Se hai sempre desiderato dipingere opere vivaci ma non hai mai saputo da dove iniziare, gli acrilici sono la soluzione: semplici e intuitivi, perfetti per chi si avvicina per la prima volta alla pittura senza dover attendere tempi di asciugatura lunghi.<\/p>\n<p><\/p>\n<p>Ti verranno indicati i materiali essenziali per iniziare, le tecniche di mescolatura dei colori desiderati e come sfumarli senza stress.<\/p>\n<p><\/p>\n<p>Per iniziare non devi necessariamente avere una base di disegno, questo corso \u00e8 un punto di partenza perfetto per sbloccare la tua creativit\u00e0. L&#8217;obiettivo? Farti vivere un&#8217;esperienza coinvolgente nella pittura, senza necessit\u00e0 di precedenti esperienze artistiche.<\/p>\n<p><\/p>\n<p>Iscriviti al corso e inizia subito a scoprire il magico mondo degli acrilici insieme all&#8217;artista Giulia (in arte Scaloppinee)!<\/p>\n<p><\/p>\n","protected":false},"excerpt":{"rendered":"<p>Entra nel mondo della pittura acrilica con il nostro Corso di Pittura Acrilico per Principianti! Se hai sempre desiderato dipingere opere vivaci ma non hai mai saputo da dove iniziare, gli acrilici sono la soluzione: semplici e intuitivi, perfetti per chi si avvicina per la prima volta alla pittura senza dover attendere tempi di asciugatura [&hellip;]<\/p>\n","protected":false},"featured_media":202480,"template":"","meta":[],"product_cat":[1015],"product_tag":[],"class_list":{"0":"post-202481","1":"product","2":"type-product","3":"status-publish","4":"has-post-thumbnail","6":"product_cat-arte","8":"first","9":"instock","10":"taxable","11":"shipping-taxable","12":"purchasable","13":"product-type-simple"},"_links":{"self":[{"href":"https:\/\/www.rb-academy.it\/index.php?rest_route=\/wp\/v2\/product\/202481","targetHints":{"allow":["GET"]}}],"collection":[{"href":"https:\/\/www.rb-academy.it\/index.php?rest_route=\/wp\/v2\/product"}],"about":[{"href":"https:\/\/www.rb-academy.it\/index.php?rest_route=\/wp\/v2\/types\/product"}],"wp:featuredmedia":[{"embeddable":true,"href":"https:\/\/www.rb-academy.it\/index.php?rest_route=\/wp\/v2\/media\/202480"}],"wp:attachment":[{"href":"https:\/\/www.rb-academy.it\/index.php?rest_route=%2Fwp%2Fv2%2Fmedia&parent=202481"}],"wp:term":[{"taxonomy":"product_cat","embeddable":true,"href":"https:\/\/www.rb-academy.it\/index.php?rest_route=%2Fwp%2Fv2%2Fproduct_cat&post=202481"},{"taxonomy":"product_tag","embeddable":true,"href":"https:\/\/www.rb-academy.it\/index.php?rest_route=%2Fwp%2Fv2%2Fproduct_tag&post=202481"}],"curies":[{"name":"wp","href":"https:\/\/api.w.org\/{rel}","templated":true}]}}