{"id":202487,"date":"2024-02-08T15:45:37","date_gmt":"2024-02-08T13:45:37","guid":{"rendered":"https:\/\/www.rb-academy.it\/corsi\/senza-categoria\/tecniche-di-montaggio-cinematografico\/"},"modified":"2025-03-27T13:37:44","modified_gmt":"2025-03-27T11:37:44","slug":"tecniche-di-montaggio-cinematografico","status":"publish","type":"product","link":"https:\/\/www.rb-academy.it\/?product=tecniche-di-montaggio-cinematografico","title":{"rendered":"Tecniche di montaggio cinematografico"},"content":{"rendered":"<p>Il montaggio non \u00e8 solo un lavoro di software, \u00e8 una parte fondamentale del processo creativo di un regista. Infatti in fase di montaggio il regista d\u00e0 la sua visione, d\u00e0 il suo stile e detta i tempi del suo film.<\/p>\n<p><\/p>\n<p>In questo corso analizzeremo e approfondiremo stili e tecniche che danno forza e continuit\u00e0 al montaggio di un film. Partiremo dalle tecniche di montaggio che hanno fatto la storia del cinema per arrivare a comprendere quale tecnica scegliere per trasmettere un determinato stile e un determinato messaggio.<\/p>\n<p><\/p>\n<p>Durata totale: 2 ore<\/p>\n","protected":false},"excerpt":{"rendered":"<p>Il montaggio non \u00e8 solo un lavoro di software, \u00e8 una parte fondamentale del processo creativo di un regista. Infatti in fase di montaggio il regista d\u00e0 la sua visione, d\u00e0 il suo stile e detta i tempi del suo film. In questo corso analizzeremo e approfondiremo stili e tecniche che danno forza e continuit\u00e0 [&hellip;]<\/p>\n","protected":false},"featured_media":202486,"template":"","meta":[],"product_cat":[1110],"product_tag":[],"class_list":{"0":"post-202487","1":"product","2":"type-product","3":"status-publish","4":"has-post-thumbnail","6":"product_cat-cinema-tecnica-e-linguaggio","8":"first","9":"instock","10":"taxable","11":"shipping-taxable","12":"purchasable","13":"product-type-simple"},"_links":{"self":[{"href":"https:\/\/www.rb-academy.it\/index.php?rest_route=\/wp\/v2\/product\/202487","targetHints":{"allow":["GET"]}}],"collection":[{"href":"https:\/\/www.rb-academy.it\/index.php?rest_route=\/wp\/v2\/product"}],"about":[{"href":"https:\/\/www.rb-academy.it\/index.php?rest_route=\/wp\/v2\/types\/product"}],"wp:featuredmedia":[{"embeddable":true,"href":"https:\/\/www.rb-academy.it\/index.php?rest_route=\/wp\/v2\/media\/202486"}],"wp:attachment":[{"href":"https:\/\/www.rb-academy.it\/index.php?rest_route=%2Fwp%2Fv2%2Fmedia&parent=202487"}],"wp:term":[{"taxonomy":"product_cat","embeddable":true,"href":"https:\/\/www.rb-academy.it\/index.php?rest_route=%2Fwp%2Fv2%2Fproduct_cat&post=202487"},{"taxonomy":"product_tag","embeddable":true,"href":"https:\/\/www.rb-academy.it\/index.php?rest_route=%2Fwp%2Fv2%2Fproduct_tag&post=202487"}],"curies":[{"name":"wp","href":"https:\/\/api.w.org\/{rel}","templated":true}]}}