{"id":202523,"date":"2024-02-08T15:45:53","date_gmt":"2024-02-08T13:45:53","guid":{"rendered":"https:\/\/www.rb-academy.it\/corsi\/senza-categoria\/i-dati-e-le-variabili-in-scratch-3-0\/"},"modified":"2025-03-27T13:37:47","modified_gmt":"2025-03-27T11:37:47","slug":"i-dati-e-le-variabili-in-scratch-3-0","status":"publish","type":"product","link":"https:\/\/www.rb-academy.it\/?product=i-dati-e-le-variabili-in-scratch-3-0","title":{"rendered":"I dati e le variabili in Scratch 3.0"},"content":{"rendered":"<p>Entra nel divertente mondo della programmazione a blocchi con Scratch 3.0.<\/p>\n<p><\/p>\n<p>Questo corso \u00e8 ideale per principianti di tutte le et\u00e0 che desiderano imparare le basi della programmazione e sviluppare abilit\u00e0 creative. Utilizzando Scratch 3.0, una piattaforma di programmazione visuale intuitiva, potrai creare animazioni, giochi e storie interattive in modo semplice e divertente.<\/p>\n<p><\/p>\n<p>In questo corso, attraverso la realizzazione di un progetto, impareremo ad utilizzare tutte le variabili (numeriche e testuali), cio\u00e8 dei blocchi di comando a cui assegnare un valore di dati in base alla specifica esigenza.<\/p>\n<p><\/p>\n<p>Iscriviti al corso e impara a inserire dati e creare variabili in Scratch 3.0!<\/p>\n<p><\/p>\n<p>Durata totale: 1 ore<\/p>\n","protected":false},"excerpt":{"rendered":"<p>Entra nel divertente mondo della programmazione a blocchi con Scratch 3.0. Questo corso \u00e8 ideale per principianti di tutte le et\u00e0 che desiderano imparare le basi della programmazione e sviluppare abilit\u00e0 creative. Utilizzando Scratch 3.0, una piattaforma di programmazione visuale intuitiva, potrai creare animazioni, giochi e storie interattive in modo semplice e divertente. In questo [&hellip;]<\/p>\n","protected":false},"featured_media":202522,"template":"","meta":[],"product_cat":[1024],"product_tag":[],"class_list":{"0":"post-202523","1":"product","2":"type-product","3":"status-publish","4":"has-post-thumbnail","6":"product_cat-programmazione-2","8":"first","9":"instock","10":"taxable","11":"shipping-taxable","12":"purchasable","13":"product-type-simple"},"_links":{"self":[{"href":"https:\/\/www.rb-academy.it\/index.php?rest_route=\/wp\/v2\/product\/202523","targetHints":{"allow":["GET"]}}],"collection":[{"href":"https:\/\/www.rb-academy.it\/index.php?rest_route=\/wp\/v2\/product"}],"about":[{"href":"https:\/\/www.rb-academy.it\/index.php?rest_route=\/wp\/v2\/types\/product"}],"wp:featuredmedia":[{"embeddable":true,"href":"https:\/\/www.rb-academy.it\/index.php?rest_route=\/wp\/v2\/media\/202522"}],"wp:attachment":[{"href":"https:\/\/www.rb-academy.it\/index.php?rest_route=%2Fwp%2Fv2%2Fmedia&parent=202523"}],"wp:term":[{"taxonomy":"product_cat","embeddable":true,"href":"https:\/\/www.rb-academy.it\/index.php?rest_route=%2Fwp%2Fv2%2Fproduct_cat&post=202523"},{"taxonomy":"product_tag","embeddable":true,"href":"https:\/\/www.rb-academy.it\/index.php?rest_route=%2Fwp%2Fv2%2Fproduct_tag&post=202523"}],"curies":[{"name":"wp","href":"https:\/\/api.w.org\/{rel}","templated":true}]}}