{"id":202525,"date":"2024-02-08T15:45:53","date_gmt":"2024-02-08T13:45:53","guid":{"rendered":"https:\/\/www.rb-academy.it\/corsi\/senza-categoria\/brand-management-gestione-professionale-di-un-brand\/"},"modified":"2025-03-27T13:37:47","modified_gmt":"2025-03-27T11:37:47","slug":"brand-management-gestione-professionale-di-un-brand","status":"publish","type":"product","link":"https:\/\/www.rb-academy.it\/?product=brand-management-gestione-professionale-di-un-brand","title":{"rendered":"Brand management: gestione professionale di un brand"},"content":{"rendered":"<p>In tanti parlano di brand e del fatto che un&#8217;azienda deve investire per avere un brand forte. Segui l&#8217;esempio delle grandi aziende e difficilmente sbaglierai.<br \/>Non \u00e8 proprio cos\u00ec facile. Intanto perch\u00e9 in pochi hanno le risorse di una multinazionale, e poi perch\u00e9 nemmeno per loro esistono formule segrete ma, semplicemente, possono permettersi pi\u00f9 errori di te.<\/p>\n<p><\/p>\n<p>In questo corso entriamo insieme in questo argomento complesso e, un passo alla volta, costruiamo la tua identit\u00e0 e verifichiamo le modalit\u00e0 pi\u00f9 efficaci per gestirla e fargli acquisire valore.<\/p>\n<p><\/p>\n<p>Nel corso troverai delle basi teoriche molto solide ma anche tanti casi reali, ci occuperemo di come definire la\u00a0personalit\u00e0 del tuo brand, della tua vision, mission e purpose, analizzeremo la tua\u00a0brand value proposition\u00a0e il modo in cui ti differenzi dagli altri fino ad arrivare a parlare di\u00a0customer journey\u00a0e di gestione degli strumenti di comunicazione\u00a0a tua disposizione. Chiuderemo con un&#8217;analisi delle\u00a0caratteristiche di un logo\u00a0di successo per avere anche su questo fronte qualcosa che ti renda inconfondibile.<\/p>\n<p><\/p>\n<p>Iscriviti al corso e inizia e gestire in modo professionale il brand della tua attivit\u00e0!<\/p>\n<p><\/p>\n<p>Durata totale: 6 ore<\/p>\n","protected":false},"excerpt":{"rendered":"<p>In tanti parlano di brand e del fatto che un&#8217;azienda deve investire per avere un brand forte. Segui l&#8217;esempio delle grandi aziende e difficilmente sbaglierai. Non \u00e8 proprio cos\u00ec facile. Intanto perch\u00e9 in pochi hanno le risorse di una multinazionale, e poi perch\u00e9 nemmeno per loro esistono formule segrete ma, semplicemente, possono permettersi pi\u00f9 errori [&hellip;]<\/p>\n","protected":false},"featured_media":202524,"template":"","meta":[],"product_cat":[1026],"product_tag":[],"class_list":{"0":"post-202525","1":"product","2":"type-product","3":"status-publish","4":"has-post-thumbnail","6":"product_cat-management-2","8":"first","9":"instock","10":"taxable","11":"shipping-taxable","12":"purchasable","13":"product-type-simple"},"_links":{"self":[{"href":"https:\/\/www.rb-academy.it\/index.php?rest_route=\/wp\/v2\/product\/202525","targetHints":{"allow":["GET"]}}],"collection":[{"href":"https:\/\/www.rb-academy.it\/index.php?rest_route=\/wp\/v2\/product"}],"about":[{"href":"https:\/\/www.rb-academy.it\/index.php?rest_route=\/wp\/v2\/types\/product"}],"wp:featuredmedia":[{"embeddable":true,"href":"https:\/\/www.rb-academy.it\/index.php?rest_route=\/wp\/v2\/media\/202524"}],"wp:attachment":[{"href":"https:\/\/www.rb-academy.it\/index.php?rest_route=%2Fwp%2Fv2%2Fmedia&parent=202525"}],"wp:term":[{"taxonomy":"product_cat","embeddable":true,"href":"https:\/\/www.rb-academy.it\/index.php?rest_route=%2Fwp%2Fv2%2Fproduct_cat&post=202525"},{"taxonomy":"product_tag","embeddable":true,"href":"https:\/\/www.rb-academy.it\/index.php?rest_route=%2Fwp%2Fv2%2Fproduct_tag&post=202525"}],"curies":[{"name":"wp","href":"https:\/\/api.w.org\/{rel}","templated":true}]}}