{"id":202529,"date":"2024-02-08T15:45:54","date_gmt":"2024-02-08T13:45:54","guid":{"rendered":"https:\/\/www.rb-academy.it\/corsi\/senza-categoria\/meeting-online-come-organizzarli-e-come-gestirli\/"},"modified":"2025-03-27T13:37:47","modified_gmt":"2025-03-27T11:37:47","slug":"meeting-online-come-organizzarli-e-come-gestirli","status":"publish","type":"product","link":"https:\/\/www.rb-academy.it\/?product=meeting-online-come-organizzarli-e-come-gestirli","title":{"rendered":"Meeting online: come organizzarli e come gestirli"},"content":{"rendered":"<p>Se hai provato almeno una volta la sensazione di non riuscire a trasferire online la stessa professionalit\u00e0 e leadership che hai negli incontri in presenza, questo corso ti sar\u00e0 sicuramente utile.<br \/>Acquisirai abilit\u00e0 tecniche e strategiche per l&#8217;organizzazione di riunioni online efficaci, in cui far emergere la tua autorevolezza e competenza anche a distanza attraverso uno schermo.<\/p>\n<p><\/p>\n<p>Il corso \u00e8 suddiviso in tre parti:<br \/>a)\u00a0selezione e impostazione delle attrezzature e delle tecnologie (luci, microfoni, webcam, uso avanzato della piattaforma Zoom) per trasmettere la professionalit\u00e0 necessaria<br \/>b) approfondimento delle tecniche per migliorare la propria voce in contesti digitali e &#8216;proteggersi dallo stress&#8217; che una riunione a distanza comporta<br \/>c)\u00a0tecniche di gestione professionale di una riunione per risultare pi\u00f9 coinvolgenti, empatici, efficaci e autorevoli<\/p>\n<p><\/p>\n<p>\u00c8 un corso dedicato a chi ha responsabilit\u00e0 di coordinamento di team, a imprenditori e professionisti, ma non solo, questo corso \u00e8 molto utile anche per chi in generale \u00e8 chiamato a partecipare a delle call online. La piattaforma che viene approfondita \u00e8 Zoom, tuttavia, gran parte dei contenuti formativi sono applicabili a qualsiasi piattaforma si scelga per il proprio lavoro.<\/p>\n<p><\/p>\n<p>Durata totale: 3 ore<\/p>\n","protected":false},"excerpt":{"rendered":"<p>Se hai provato almeno una volta la sensazione di non riuscire a trasferire online la stessa professionalit\u00e0 e leadership che hai negli incontri in presenza, questo corso ti sar\u00e0 sicuramente utile. Acquisirai abilit\u00e0 tecniche e strategiche per l&#8217;organizzazione di riunioni online efficaci, in cui far emergere la tua autorevolezza e competenza anche a distanza attraverso [&hellip;]<\/p>\n","protected":false},"featured_media":202528,"template":"","meta":[],"product_cat":[1112],"product_tag":[],"class_list":{"0":"post-202529","1":"product","2":"type-product","3":"status-publish","4":"has-post-thumbnail","6":"product_cat-meeting","8":"first","9":"instock","10":"taxable","11":"shipping-taxable","12":"purchasable","13":"product-type-simple"},"_links":{"self":[{"href":"https:\/\/www.rb-academy.it\/index.php?rest_route=\/wp\/v2\/product\/202529","targetHints":{"allow":["GET"]}}],"collection":[{"href":"https:\/\/www.rb-academy.it\/index.php?rest_route=\/wp\/v2\/product"}],"about":[{"href":"https:\/\/www.rb-academy.it\/index.php?rest_route=\/wp\/v2\/types\/product"}],"wp:featuredmedia":[{"embeddable":true,"href":"https:\/\/www.rb-academy.it\/index.php?rest_route=\/wp\/v2\/media\/202528"}],"wp:attachment":[{"href":"https:\/\/www.rb-academy.it\/index.php?rest_route=%2Fwp%2Fv2%2Fmedia&parent=202529"}],"wp:term":[{"taxonomy":"product_cat","embeddable":true,"href":"https:\/\/www.rb-academy.it\/index.php?rest_route=%2Fwp%2Fv2%2Fproduct_cat&post=202529"},{"taxonomy":"product_tag","embeddable":true,"href":"https:\/\/www.rb-academy.it\/index.php?rest_route=%2Fwp%2Fv2%2Fproduct_tag&post=202529"}],"curies":[{"name":"wp","href":"https:\/\/api.w.org\/{rel}","templated":true}]}}