{"id":202537,"date":"2024-02-08T15:45:55","date_gmt":"2024-02-08T13:45:55","guid":{"rendered":"https:\/\/www.rb-academy.it\/corsi\/senza-categoria\/seo-audit-how-to\/"},"modified":"2025-03-27T13:37:47","modified_gmt":"2025-03-27T11:37:47","slug":"seo-audit-how-to","status":"publish","type":"product","link":"https:\/\/www.rb-academy.it\/?product=seo-audit-how-to","title":{"rendered":"SEO Audit: how to"},"content":{"rendered":"<p>Realizzare un Audit SEO ti sembra difficile o impossibile? Grazie a questa lezione online imparerai che cos\u2019\u00e8 un Audit e come realizzarlo!<\/p>\n<p><\/p>\n<p>Imparare a vedere quali sono gli elementi da analizzare e capire come verificare se siano corretti o se sia necessario modificarli sembra complicato! Invece grazie alle regole e alle nozioni che ti dar\u00f2 nel corso saprai cosa dovrai analizzare per realizzare un SEO Audit utile per andare a ottimizzare il tuo sito internet o quello dei tuoi clienti.<\/p>\n<p><\/p>\n<p>Se non sei tu che ti occupi in prima persona della SEO del tuo sito, al termine di questo corso, potrai capire quali sono i dettagli cui fanno riferimento i professionisti che stanno seguendo la tua attivit\u00e0 online!<\/p>\n<p><\/p>\n<p>Analisi SEO e realizzazioni di un Audit SEO non saranno pi\u00f9 un problema: conoscerai quali tool utilizzare e come usare gli strumenti corretti per le giuste analisi. Capirai cosa \u00e8 SEO friendly e cosa funziona per Google oppure cosa invece \u00e8 da sistemare per permettere al sito di rankare meglio!<\/p>\n<p><\/p>\n<p>Posizionarsi in Top3 sar\u00e0 pi\u00f9 facile se conoscerai quali sono gli elementi che devi analizzare e ottimizzare!<\/p>\n<p><\/p>\n<p>Durata totale: 1 ore<\/p>\n","protected":false},"excerpt":{"rendered":"<p>Realizzare un Audit SEO ti sembra difficile o impossibile? Grazie a questa lezione online imparerai che cos\u2019\u00e8 un Audit e come realizzarlo! Imparare a vedere quali sono gli elementi da analizzare e capire come verificare se siano corretti o se sia necessario modificarli sembra complicato! Invece grazie alle regole e alle nozioni che ti dar\u00f2 [&hellip;]<\/p>\n","protected":false},"featured_media":202536,"template":"","meta":[],"product_cat":[1109],"product_tag":[],"class_list":{"0":"post-202537","1":"product","2":"type-product","3":"status-publish","4":"has-post-thumbnail","6":"product_cat-seo","8":"first","9":"instock","10":"taxable","11":"shipping-taxable","12":"purchasable","13":"product-type-simple"},"_links":{"self":[{"href":"https:\/\/www.rb-academy.it\/index.php?rest_route=\/wp\/v2\/product\/202537","targetHints":{"allow":["GET"]}}],"collection":[{"href":"https:\/\/www.rb-academy.it\/index.php?rest_route=\/wp\/v2\/product"}],"about":[{"href":"https:\/\/www.rb-academy.it\/index.php?rest_route=\/wp\/v2\/types\/product"}],"wp:featuredmedia":[{"embeddable":true,"href":"https:\/\/www.rb-academy.it\/index.php?rest_route=\/wp\/v2\/media\/202536"}],"wp:attachment":[{"href":"https:\/\/www.rb-academy.it\/index.php?rest_route=%2Fwp%2Fv2%2Fmedia&parent=202537"}],"wp:term":[{"taxonomy":"product_cat","embeddable":true,"href":"https:\/\/www.rb-academy.it\/index.php?rest_route=%2Fwp%2Fv2%2Fproduct_cat&post=202537"},{"taxonomy":"product_tag","embeddable":true,"href":"https:\/\/www.rb-academy.it\/index.php?rest_route=%2Fwp%2Fv2%2Fproduct_tag&post=202537"}],"curies":[{"name":"wp","href":"https:\/\/api.w.org\/{rel}","templated":true}]}}