{"id":202553,"date":"2024-02-08T15:45:57","date_gmt":"2024-02-08T13:45:57","guid":{"rendered":"https:\/\/www.rb-academy.it\/corsi\/senza-categoria\/guida-seo-per-google-tutto-quello-che-devi-conoscere\/"},"modified":"2025-03-27T13:37:49","modified_gmt":"2025-03-27T11:37:49","slug":"guida-seo-per-google-tutto-quello-che-devi-conoscere","status":"publish","type":"product","link":"https:\/\/www.rb-academy.it\/?product=guida-seo-per-google-tutto-quello-che-devi-conoscere","title":{"rendered":"Guida SEO per Google: tutto quello che devi conoscere"},"content":{"rendered":"<p>Cos\u2019\u00e8 la SEO (Search Engine Optimization)? Come Faccio a posizionare il mio sito internet? Che cosa fa uno SEO specialist? \u00c8 utile fare lezioni di SEO per poter migliorare la mia attivit\u00e0? Se solo ti sei posto una di queste domande, sei arrivato nel posto giusto!<\/p>\n<p><\/p>\n<p>Il mio corso SEO aiuta chi non conosce ancora la materia, chi di SEO ne ha sentito parlare ma deve capire meglio alcuni concetti del marketing e dei motori di ricerca! <br \/>In queste lezioni di SEO per Google (e se seguirai il corso capirai perch\u00e9 parlo solo di questo motore di ricerca) imparerai i fondamenti della SEO, ma anche molte nozioni utili per riuscire a mettere in pratica ottimizzazioni per il tuo sito Web oppure anche solo per poter affrontare incontri con delle agenzie web con una capacit\u00e0 di linguaggio e conoscenze maggiori che ti possano permettere di capire di cosa stanno parlando. Termini come Ranking, posizionamento, codici di risposta, link building\u2026 per te non saranno pi\u00f9 un problema!<\/p>\n<p><\/p>\n<p>Parleremo di cos\u2019\u00e8 la SEO, impareremo come funziona Google, che cos\u2019\u00e8 l\u2019algoritmo e quali sono stati gli aggiornamenti pi\u00f9 importanti. Ti spiegher\u00f2 come leggere i risultati della ricerca e a utilizzare la terminologia corretta quando parli di SEO: non c\u2019\u00e8 peggior cosa che sentire un professionista utilizzare le parole sbagliate!!!<\/p>\n<p><\/p>\n<p>Imparerai come far conoscere a Google un sito nuovo, come ottimizzarlo e cosa sono la SEO on-page, off-page, le attivit\u00e0 di contenuto e tutto ci\u00f2 che riguarda le attivit\u00e0 per posizionare il tuo sito in alto nei risultati di Google.<\/p>\n<p><\/p>\n<p>In ultimo daremo uno sguardo alla Local SEO: utile per chi ha un business legato al territorio.<\/p>\n<p><\/p>\n<p>Cosa ne dici? Parti con noi alla scoperta della SEARCH ENGINE OPTIMIZATION! Ti aspetto!<\/p>\n<p><\/p>\n<p>Durata totale: 3 ore<\/p>\n","protected":false},"excerpt":{"rendered":"<p>Cos\u2019\u00e8 la SEO (Search Engine Optimization)? Come Faccio a posizionare il mio sito internet? Che cosa fa uno SEO specialist? \u00c8 utile fare lezioni di SEO per poter migliorare la mia attivit\u00e0? Se solo ti sei posto una di queste domande, sei arrivato nel posto giusto! Il mio corso SEO aiuta chi non conosce ancora [&hellip;]<\/p>\n","protected":false},"featured_media":202552,"template":"","meta":[],"product_cat":[1109],"product_tag":[],"class_list":{"0":"post-202553","1":"product","2":"type-product","3":"status-publish","4":"has-post-thumbnail","6":"product_cat-seo","8":"first","9":"instock","10":"taxable","11":"shipping-taxable","12":"purchasable","13":"product-type-simple"},"_links":{"self":[{"href":"https:\/\/www.rb-academy.it\/index.php?rest_route=\/wp\/v2\/product\/202553","targetHints":{"allow":["GET"]}}],"collection":[{"href":"https:\/\/www.rb-academy.it\/index.php?rest_route=\/wp\/v2\/product"}],"about":[{"href":"https:\/\/www.rb-academy.it\/index.php?rest_route=\/wp\/v2\/types\/product"}],"wp:featuredmedia":[{"embeddable":true,"href":"https:\/\/www.rb-academy.it\/index.php?rest_route=\/wp\/v2\/media\/202552"}],"wp:attachment":[{"href":"https:\/\/www.rb-academy.it\/index.php?rest_route=%2Fwp%2Fv2%2Fmedia&parent=202553"}],"wp:term":[{"taxonomy":"product_cat","embeddable":true,"href":"https:\/\/www.rb-academy.it\/index.php?rest_route=%2Fwp%2Fv2%2Fproduct_cat&post=202553"},{"taxonomy":"product_tag","embeddable":true,"href":"https:\/\/www.rb-academy.it\/index.php?rest_route=%2Fwp%2Fv2%2Fproduct_tag&post=202553"}],"curies":[{"name":"wp","href":"https:\/\/api.w.org\/{rel}","templated":true}]}}