{"id":202599,"date":"2024-02-08T15:46:11","date_gmt":"2024-02-08T13:46:11","guid":{"rendered":"https:\/\/www.rb-academy.it\/corsi\/senza-categoria\/corso-di-sceneggiatura\/"},"modified":"2025-03-27T13:37:51","modified_gmt":"2025-03-27T11:37:51","slug":"corso-di-sceneggiatura","status":"publish","type":"product","link":"https:\/\/www.rb-academy.it\/?product=corso-di-sceneggiatura","title":{"rendered":"Corso di Sceneggiatura"},"content":{"rendered":"<p>Come si traduce un&#8217;idea in una sceneggiatura?<\/p>\n<p><\/p>\n<p>In questo corso analizzeremo cos&#8217;\u00e8 una sceneggiatura di un film o un cortometraggio, partiremo dall&#8217;idea fino alla stesura finale della sceneggiatura, passando dal soggetto alla scrittura delle singole scene.<\/p>\n<p><\/p>\n<p>Acquisirai le conoscenze e i metodi necessari per poter scrivere il tuo progetto; poich\u00e9 non basta la fantasia e la creativit\u00e0 per scrivere una sceneggiatura, \u00e8 indispensabile conoscere anche la tecnica di scrittura.<\/p>\n<p><\/p>\n<p>Durata totale: 3 ore<\/p>\n","protected":false},"excerpt":{"rendered":"<p>Come si traduce un&#8217;idea in una sceneggiatura? In questo corso analizzeremo cos&#8217;\u00e8 una sceneggiatura di un film o un cortometraggio, partiremo dall&#8217;idea fino alla stesura finale della sceneggiatura, passando dal soggetto alla scrittura delle singole scene. Acquisirai le conoscenze e i metodi necessari per poter scrivere il tuo progetto; poich\u00e9 non basta la fantasia e [&hellip;]<\/p>\n","protected":false},"featured_media":202598,"template":"","meta":[],"product_cat":[1110],"product_tag":[],"class_list":{"0":"post-202599","1":"product","2":"type-product","3":"status-publish","4":"has-post-thumbnail","6":"product_cat-cinema-tecnica-e-linguaggio","8":"first","9":"instock","10":"taxable","11":"shipping-taxable","12":"purchasable","13":"product-type-simple"},"_links":{"self":[{"href":"https:\/\/www.rb-academy.it\/index.php?rest_route=\/wp\/v2\/product\/202599","targetHints":{"allow":["GET"]}}],"collection":[{"href":"https:\/\/www.rb-academy.it\/index.php?rest_route=\/wp\/v2\/product"}],"about":[{"href":"https:\/\/www.rb-academy.it\/index.php?rest_route=\/wp\/v2\/types\/product"}],"wp:featuredmedia":[{"embeddable":true,"href":"https:\/\/www.rb-academy.it\/index.php?rest_route=\/wp\/v2\/media\/202598"}],"wp:attachment":[{"href":"https:\/\/www.rb-academy.it\/index.php?rest_route=%2Fwp%2Fv2%2Fmedia&parent=202599"}],"wp:term":[{"taxonomy":"product_cat","embeddable":true,"href":"https:\/\/www.rb-academy.it\/index.php?rest_route=%2Fwp%2Fv2%2Fproduct_cat&post=202599"},{"taxonomy":"product_tag","embeddable":true,"href":"https:\/\/www.rb-academy.it\/index.php?rest_route=%2Fwp%2Fv2%2Fproduct_tag&post=202599"}],"curies":[{"name":"wp","href":"https:\/\/api.w.org\/{rel}","templated":true}]}}