{"id":202601,"date":"2024-02-08T15:46:12","date_gmt":"2024-02-08T13:46:12","guid":{"rendered":"https:\/\/www.rb-academy.it\/corsi\/senza-categoria\/tecniche-di-vendita-e-negoziazione-efficace-il-neuromarketing\/"},"modified":"2025-03-27T13:37:52","modified_gmt":"2025-03-27T11:37:52","slug":"tecniche-di-vendita-e-negoziazione-efficace-il-neuromarketing","status":"publish","type":"product","link":"https:\/\/www.rb-academy.it\/?product=tecniche-di-vendita-e-negoziazione-efficace-il-neuromarketing","title":{"rendered":"Tecniche di Vendita e Negoziazione Efficace: il Neuromarketing"},"content":{"rendered":"<p>Tecniche di vendita e negoziazione per creare valore.<br \/>Saper negoziare in modo efficace \u00e8 un&#8217;abilit\u00e0 che pu\u00f2 fare un&#8217;enorme differenza per la tua carriera, la tua vita lavorativa quotidiana e il tuo benessere personale. Che si tratti di negoziare lo stipendio iniziale per un nuovo lavoro, ottenere quell&#8217;aumento di stipendio che sai di meritare, prendere decisioni nella vita privata, stipulare accordi e contratti con fornitori e clienti o avere a che fare con una persona difficile, sapere come negoziare correttamente \u00e8 essenziale!<\/p>\n<p><\/p>\n<p>Le capacit\u00e0 di negoziazione che svilupperai durante questo corso sono applicabili sin da subito nella tua vita, anche al di fuori del lavoro!<\/p>\n<p><\/p>\n<p>Saprai come avviare le trattative da una posizione di forza e come orientarti verso un risultato efficace. In primo luogo, tratteremo le basi della negoziazione, quindi applicheremo questi principi a esempi di vita reale utilizzando un processo graduale che puoi utilizzare in qualsiasi situazione.<\/p>\n<p><\/p>\n<p>Migliorando le tue capacit\u00e0 di negoziazione migliorerai il tuo benessere personale e di tutte le persone intorno a te.<\/p>\n<p><\/p>\n<p>Durata totale: 6 ore<\/p>\n","protected":false},"excerpt":{"rendered":"<p>Tecniche di vendita e negoziazione per creare valore. Saper negoziare in modo efficace \u00e8 un&#8217;abilit\u00e0 che pu\u00f2 fare un&#8217;enorme differenza per la tua carriera, la tua vita lavorativa quotidiana e il tuo benessere personale. Che si tratti di negoziare lo stipendio iniziale per un nuovo lavoro, ottenere quell&#8217;aumento di stipendio che sai di meritare, prendere [&hellip;]<\/p>\n","protected":false},"featured_media":202600,"template":"","meta":[],"product_cat":[1071],"product_tag":[],"class_list":{"0":"post-202601","1":"product","2":"type-product","3":"status-publish","4":"has-post-thumbnail","6":"product_cat-gestione-clienti","8":"first","9":"instock","10":"taxable","11":"shipping-taxable","12":"purchasable","13":"product-type-simple"},"_links":{"self":[{"href":"https:\/\/www.rb-academy.it\/index.php?rest_route=\/wp\/v2\/product\/202601","targetHints":{"allow":["GET"]}}],"collection":[{"href":"https:\/\/www.rb-academy.it\/index.php?rest_route=\/wp\/v2\/product"}],"about":[{"href":"https:\/\/www.rb-academy.it\/index.php?rest_route=\/wp\/v2\/types\/product"}],"wp:featuredmedia":[{"embeddable":true,"href":"https:\/\/www.rb-academy.it\/index.php?rest_route=\/wp\/v2\/media\/202600"}],"wp:attachment":[{"href":"https:\/\/www.rb-academy.it\/index.php?rest_route=%2Fwp%2Fv2%2Fmedia&parent=202601"}],"wp:term":[{"taxonomy":"product_cat","embeddable":true,"href":"https:\/\/www.rb-academy.it\/index.php?rest_route=%2Fwp%2Fv2%2Fproduct_cat&post=202601"},{"taxonomy":"product_tag","embeddable":true,"href":"https:\/\/www.rb-academy.it\/index.php?rest_route=%2Fwp%2Fv2%2Fproduct_tag&post=202601"}],"curies":[{"name":"wp","href":"https:\/\/api.w.org\/{rel}","templated":true}]}}