{"id":202623,"date":"2024-02-08T15:46:15","date_gmt":"2024-02-08T13:46:15","guid":{"rendered":"https:\/\/www.rb-academy.it\/corsi\/senza-categoria\/rinforza-mente-e-corpo-con-lo-yoga\/"},"modified":"2025-03-27T13:37:52","modified_gmt":"2025-03-27T11:37:52","slug":"rinforza-mente-e-corpo-con-lo-yoga","status":"publish","type":"product","link":"https:\/\/www.rb-academy.it\/?product=rinforza-mente-e-corpo-con-lo-yoga","title":{"rendered":"Rinforza mente e corpo con lo Yoga"},"content":{"rendered":"<p>Se sei un neofita e non sei abituato a muovere il corpo, ti consiglio di iniziare dal mio \u201cCorso di Yoga\u201d, perch\u00e9 l\u00ec troverai le basi fondamentali per affrontate questo corso che contiene delle lezioni un po&#8217; pi\u00f9 avanzate.<\/p>\n<p><\/p>\n<p>In questo Corso puoi mettere alla prova il tuo corpo con esercizi di livello misto, dai pi\u00f9 semplici a passaggi pi\u00f9 difficili.<br \/>Sono movimenti da fare sempre nel rispetto delle tue possibilit\u00e0, con lentezza e a ritmo del respiro.<br \/>Non sottovalutare per\u00f2 la lezione \u201cAscolto del respiro\u201d perch\u00e9 sono proprio i movimenti pi\u00f9 \u201csemplici\u201d che ci aiutano a raggiungere maggiore elasticit\u00e0, forza ed equilibrio in modo graduale per riuscire poi a conseguire asana pi\u00f9 complesse senza forzare, ma con l&#8217;idea di arrivarci progressivamente.<\/p>\n<p><\/p>\n<p>Gli esercizi pi\u00f9 \u201clenti\u201d sono anche un ottimo training per aiutare la mente a calmarsi, a respirare in modo consapevole e svuotare il cervello dagli innumerevoli pensieri quotidiani; il modo migliore per favorire il nostro Benessere pi\u00f9 profondo.<br \/>Lo Yoga, infatti, non \u00e8 una ginnastica finalizzata al semplice raggiungimento di performance fisiche, ma tutt&#8217;altro. \u00c8 un percorso da affrontare senza attaccamento ai risultati, ma con il giusto equilibrio tra forza e arrendevolezza, lasciando che i miglioramenti arrivino da soli in modo graduale, con la quiete interiore di chi vuole godersi il tragitto senza arrivare subito alla meta.<\/p>\n<p><\/p>\n<p>Per una delle lezioni che troverai occorre un bolster, un cuscino cilindrico piuttosto grande e non troppo morbido che trovi facilmente online.<br \/>Se invece hai qualcosa di analogo a casa puoi provare con quello.<\/p>\n<p><\/p>\n<p>Durata totale: 2,5 ore<\/p>\n","protected":false},"excerpt":{"rendered":"<p>Se sei un neofita e non sei abituato a muovere il corpo, ti consiglio di iniziare dal mio \u201cCorso di Yoga\u201d, perch\u00e9 l\u00ec troverai le basi fondamentali per affrontate questo corso che contiene delle lezioni un po&#8217; pi\u00f9 avanzate. In questo Corso puoi mettere alla prova il tuo corpo con esercizi di livello misto, dai [&hellip;]<\/p>\n","protected":false},"featured_media":202622,"template":"","meta":[],"product_cat":[1080],"product_tag":[],"class_list":{"0":"post-202623","1":"product","2":"type-product","3":"status-publish","4":"has-post-thumbnail","6":"product_cat-yoga","8":"first","9":"instock","10":"taxable","11":"shipping-taxable","12":"purchasable","13":"product-type-simple"},"_links":{"self":[{"href":"https:\/\/www.rb-academy.it\/index.php?rest_route=\/wp\/v2\/product\/202623","targetHints":{"allow":["GET"]}}],"collection":[{"href":"https:\/\/www.rb-academy.it\/index.php?rest_route=\/wp\/v2\/product"}],"about":[{"href":"https:\/\/www.rb-academy.it\/index.php?rest_route=\/wp\/v2\/types\/product"}],"wp:featuredmedia":[{"embeddable":true,"href":"https:\/\/www.rb-academy.it\/index.php?rest_route=\/wp\/v2\/media\/202622"}],"wp:attachment":[{"href":"https:\/\/www.rb-academy.it\/index.php?rest_route=%2Fwp%2Fv2%2Fmedia&parent=202623"}],"wp:term":[{"taxonomy":"product_cat","embeddable":true,"href":"https:\/\/www.rb-academy.it\/index.php?rest_route=%2Fwp%2Fv2%2Fproduct_cat&post=202623"},{"taxonomy":"product_tag","embeddable":true,"href":"https:\/\/www.rb-academy.it\/index.php?rest_route=%2Fwp%2Fv2%2Fproduct_tag&post=202623"}],"curies":[{"name":"wp","href":"https:\/\/api.w.org\/{rel}","templated":true}]}}