{"id":202637,"date":"2024-02-08T15:46:21","date_gmt":"2024-02-08T13:46:21","guid":{"rendered":"https:\/\/www.rb-academy.it\/corsi\/senza-categoria\/come-dare-e-ricevere-un-feedback-efficace-e-nutriente\/"},"modified":"2025-03-27T13:37:54","modified_gmt":"2025-03-27T11:37:54","slug":"come-dare-e-ricevere-un-feedback-efficace-e-nutriente","status":"publish","type":"product","link":"https:\/\/www.rb-academy.it\/?product=come-dare-e-ricevere-un-feedback-efficace-e-nutriente","title":{"rendered":"Come dare e ricevere un feedback efficace e &#8216;nutriente&#8217;"},"content":{"rendered":"<p>La mission che muove e sottende la struttura di questo corso \u00e8 la consapevolezza che la relazione sia insita e fondante nell\u2019esperienza umana, che la capacit\u00e0 e il bisogno di connettersi all\u2019altro sia innata, ma che sia altres\u00ec oscurata o contaminata da cattive abitudini comunicative e percezioni distorte su di s\u00e9 e sull\u2019altro.<\/p>\n<p><\/p>\n<p>Il feedback, quando non nutriente, pu\u00f2 seminare fin dai primi anni d\u2019infanzia convinzioni limitanti, resistenza all\u2019autorit\u00e0, una crescente percezione distorta di s\u00e9 stessi; inoltre pu\u00f2 generare ritrosia ad essere autentici per motivazioni difensive. Potersi esporre e trattare, con morbida fermezza, l\u2019errore, le criticit\u00e0, le circostanze che necessitano migliorie \u00e8 indispensabile in moltissimi contesti: lavorativo, scolastico, familiare etc\u2026<\/p>\n<p><\/p>\n<p>Un buon feedback pu\u00f2 far emergere talento, invitare la crescita evolutiva, aumentare competenze e autostima. In una parola: EDUCARE.<br \/>Un feedback deprivante pu\u00f2 recidere la connessione, assottigliare la sicurezza, sabotare la competenza ed espandere il gap di performance (divario fra ci\u00f2 che potresti e ci\u00f2 che realizzi).<\/p>\n<p><\/p>\n<p>Vale la pena di formarsi a riguardo.<\/p>\n<p><\/p>\n<p>Durata totale: 6 ore<\/p>\n","protected":false},"excerpt":{"rendered":"<p>La mission che muove e sottende la struttura di questo corso \u00e8 la consapevolezza che la relazione sia insita e fondante nell\u2019esperienza umana, che la capacit\u00e0 e il bisogno di connettersi all\u2019altro sia innata, ma che sia altres\u00ec oscurata o contaminata da cattive abitudini comunicative e percezioni distorte su di s\u00e9 e sull\u2019altro. Il feedback, [&hellip;]<\/p>\n","protected":false},"featured_media":202636,"template":"","meta":[],"product_cat":[1059],"product_tag":[],"class_list":{"0":"post-202637","1":"product","2":"type-product","3":"status-publish","4":"has-post-thumbnail","6":"product_cat-trasformazione-personale","8":"first","9":"instock","10":"taxable","11":"shipping-taxable","12":"purchasable","13":"product-type-simple"},"_links":{"self":[{"href":"https:\/\/www.rb-academy.it\/index.php?rest_route=\/wp\/v2\/product\/202637","targetHints":{"allow":["GET"]}}],"collection":[{"href":"https:\/\/www.rb-academy.it\/index.php?rest_route=\/wp\/v2\/product"}],"about":[{"href":"https:\/\/www.rb-academy.it\/index.php?rest_route=\/wp\/v2\/types\/product"}],"wp:featuredmedia":[{"embeddable":true,"href":"https:\/\/www.rb-academy.it\/index.php?rest_route=\/wp\/v2\/media\/202636"}],"wp:attachment":[{"href":"https:\/\/www.rb-academy.it\/index.php?rest_route=%2Fwp%2Fv2%2Fmedia&parent=202637"}],"wp:term":[{"taxonomy":"product_cat","embeddable":true,"href":"https:\/\/www.rb-academy.it\/index.php?rest_route=%2Fwp%2Fv2%2Fproduct_cat&post=202637"},{"taxonomy":"product_tag","embeddable":true,"href":"https:\/\/www.rb-academy.it\/index.php?rest_route=%2Fwp%2Fv2%2Fproduct_tag&post=202637"}],"curies":[{"name":"wp","href":"https:\/\/api.w.org\/{rel}","templated":true}]}}